{"id":32346,"date":"2023-09-04T20:43:41","date_gmt":"2023-09-04T18:43:41","guid":{"rendered":"https:\/\/mediaboard.com\/?page_id=32346"},"modified":"2024-07-15T10:56:31","modified_gmt":"2024-07-15T08:56:31","slug":"cenik","status":"publish","type":"page","link":"https:\/\/mediaboard.com\/cs\/cenik\/","title":{"rendered":"Cen\u00edk"},"content":{"rendered":"\t\t<div data-elementor-type=\"wp-page\" data-elementor-id=\"32346\" class=\"elementor elementor-32346 elementor-32344\" data-elementor-settings=\"[]\">\n\t\t\t\t\t\t<div class=\"elementor-inner\">\n\t\t\t\t\t\t\t<div class=\"elementor-section-wrap\">\n\t\t\t\t\t\t\t<section class=\"elementor-section elementor-top-section elementor-element elementor-element-4549f1e elementor-section-boxed elementor-section-height-default elementor-section-height-default\" data-id=\"4549f1e\" data-element_type=\"section\">\n\t\t\t\t\t\t<div class=\"elementor-container elementor-column-gap-default\">\n\t\t\t\t\t\t\t<div class=\"elementor-row\">\n\t\t\t\t\t<div class=\"elementor-column elementor-col-100 elementor-top-column elementor-element elementor-element-d272a0d\" data-id=\"d272a0d\" data-element_type=\"column\">\n\t\t\t<div class=\"elementor-column-wrap elementor-element-populated\">\n\t\t\t\t\t\t\t<div class=\"elementor-widget-wrap\">\n\t\t\t\t\t\t<div class=\"elementor-element elementor-element-abdb8c7 elementor-widget elementor-widget-html\" data-id=\"abdb8c7\" data-element_type=\"widget\" data-widget_type=\"html.default\">\n\t\t\t\t<div class=\"elementor-widget-container\">\n\t\t\t<div class=\"mt-18 lg:mt-26\">\r\n  <div class=\"container\">\r\n    <div class=\"mx-auto\">\r\n      <h1 class=\"text-base leading-7 font-semibold text-blue-400 uppercase text-center\">Cen\u00edk<\/h1>\r\n      <h2 class=\"mt-1 text-5.5xl font-bold text-blue-400 text-center\">\u0159e\u0161en\u00ed u\u0161it\u00e9 na m\u00edru<\/h2>\r\n      <p class=\"text-center leading-6 md:text-lg md:leading-7 text-blue-400 mt-10 md:mt-11\">Rozum\u00edme pot\u0159eb\u00e1m na\u0161ich\r\n        klient\u016f a ch\u00e1peme, \u017ee ka\u017ed\u00fd z\u00e1kazn\u00edk m\u00e1 specifick\u00e9 po\u017eadavky. Ka\u017ed\u00e9 \u0159e\u0161en\u00ed je tedy individu\u00e1ln\u00ed. Abychom v\u00e1m\r\n        mohli zaslat konkr\u00e9tn\u00ed nab\u00eddku, pot\u0159ebujeme s v\u00e1mi nejd\u0159\u00edve probrat va\u0161e pot\u0159eby a c\u00edle.<\/p>\r\n    <\/div>\r\n  <\/div>\r\n<\/div>\t\t<\/div>\n\t\t\t\t<\/div>\n\t\t\t\t\t\t<\/div>\n\t\t\t\t\t<\/div>\n\t\t<\/div>\n\t\t\t\t\t\t\t\t<\/div>\n\t\t\t\t\t<\/div>\n\t\t<\/section>\n\t\t\t\t<section class=\"elementor-section elementor-top-section elementor-element elementor-element-9712b28 elementor-section-boxed elementor-section-height-default elementor-section-height-default\" data-id=\"9712b28\" data-element_type=\"section\">\n\t\t\t\t\t\t<div class=\"elementor-container elementor-column-gap-default\">\n\t\t\t\t\t\t\t<div class=\"elementor-row\">\n\t\t\t\t\t<div class=\"elementor-column elementor-col-100 elementor-top-column elementor-element elementor-element-213d765\" data-id=\"213d765\" data-element_type=\"column\">\n\t\t\t<div class=\"elementor-column-wrap elementor-element-populated\">\n\t\t\t\t\t\t\t<div class=\"elementor-widget-wrap\">\n\t\t\t\t\t\t<div class=\"elementor-element elementor-element-c1293ce elementor-widget elementor-widget-contact-form-cs\" data-id=\"c1293ce\" data-element_type=\"widget\" data-widget_type=\"contact-form-cs.default\">\n\t\t\t\t<div class=\"elementor-widget-container\">\n\t\t\t<div class=''>\r\n\t\t<div\r\n\t\t\tclass='w-full bg-white rounded-base grid lg:grid-cols-2 cs-form shadow-base xoverflow-hidden'\r\n\t\t>\r\n\t\t<link rel='stylesheet' href='https:\/\/cdn.jsdelivr.net\/npm\/intl-tel-input@18.2.1\/build\/css\/intlTelInput.css'>\r\n\t\t<script src='https:\/\/cdn.jsdelivr.net\/npm\/intl-tel-input@18.2.1\/build\/js\/intlTelInput.min.js'><\/script>\r\n\t\t<style>\r\n\t\t.contactForm .peer {\r\n\t\t\tdisplay: block;\r\n\t\t\tpadding-top: 2px;\r\n\t\t\tmargin-bottom: -2px;\r\n\t\t}\r\n\t\t.peer:not(:placeholder-shown) + .inputLabelFix {\r\n\t\t\tfont-size: .75rem;\r\n\t\t\tline-height: 1rem;\r\n\t\t\theight: 0.75rem;\r\n\t\t\ttransform: translateY(-0.75rem);\r\n\t\t}\r\n\t\t.phone-number.active .inputLabelFix {\r\n\t\t\tfont-size: .75rem;\r\n\t\t\tline-height: 1rem;\r\n\t\t\theight: 0.75rem;\r\n\t\t\ttransform: translateY(-0.75rem);\r\n\t\t}\r\n\t\t.iti {\r\n\t\t\twidth: 100%;\r\n\t\t}\r\n\t\t.phone-number .inputLabelFix {\r\n\t\t\tmargin-left: 95px;\r\n\t\t}\r\n\t\t.iti--separate-dial-code .iti__selected-flag {\r\n\t\t\tbackground: none;\r\n\t\t}\r\n\t\t.phone-number .peer:not(:placeholder-shown) + .inputLabelFix {\r\n\t\t\tmargin-left: 0px;\r\n\t\t}\r\n\t\t<\/style>\r\n\t\t\t<div class='p-4 md:p-8 flex flex-col justify-between'>\r\n\t\t\t\t<div>\r\n\t\t\t\t\t<strong class='text-base font-semibold text-blue uppercase'>\r\n\t\t\t\t\tSpojte se s n\u00e1mi\r\n\t\t\t\t\t<\/strong>\r\n\t\t\t\t\t<div\r\n\t\t\t\t\t\tclass='text-2xl leading-7 md:text-4.5xl font-semibold text-blue-400 mt-2 mb-4'\r\n\t\t\t\t\t>\r\n\t\t\t\t\tJste p\u0159ipraveni posunout svou komunikaci?\r\n\t\t\t\t\t<\/div>\r\n\t\t\t\t<\/div>\r\n\t\t\t\t<div>\r\n\t\t\t\t\t<p class='text-lg leading-relaxed-plus text-blue-400'>\r\n\t\t\t\t\t\tZanechte n\u00e1m sv\u00e9 kontaktn\u00ed \u00fadaje a n\u011bkter\u00fd z na\u0161ich specialist\u016f se s v\u00e1mi brzy spoj\u00ed.\r\n\t\t\t\t\t<\/p>\r\n\t\t\t\t<\/div>\r\n\t\t\t<\/div>\r\n\t\t\t<form class='px-10 pt-9 pb-4 relative contactForm' method='POST' action='#'>\r\n\t\t\t\t<div class='absolute inset-0 rounded-contactForm overflow-hidden'>\r\n\t\t\t\t\t<div class='absolute inset-0 bg-blue bg-cta_form_corner bg-no-repeat'><\/div>\r\n\t\t\t\t<\/div>\r\n\t\t\t\t<div class='relative'>\r\n\t\t\t\t\t<div class='bg-white rounded-xs p-4'>\r\n\t\t\t\t\t\t<div class='w-full'>\r\n\t\t\t\t\t\t\t<div\r\n\t\t\t\t\t\t\t\tclass='w-full relative group rounded focus:outline outline-2 outline-primary'\r\n\t\t\t\t\t\t\t>\r\n\t\t\t\t\t\t\t\t<input\r\n\t\t\t\t\t\t\t\t\ttype='text'\r\n\t\t\t\t\t\t\t\t\trequired\r\n\t\t\t\t\t\t\t\t\tplaceholder=' '\r\n\t\t\t\t\t\t\t\t\tname='entry.1198395539'\r\n\t\t\t\t\t\t\t\t\tid='entry.1198395539'\r\n\t\t\t\t\t\t\t\t\tclass='w-full text-base peer bg-transparent outline-none'\r\n\t\t\t\t\t\t\t\t\/><label\r\n\t\t\t\t\t\t\t\t\tfor='entry.1198395539'\r\n\t\t\t\t\t\t\t\t\tclass='inputLabelFix transform transition-all absolute top-0 left-0 flex items-center xbg-white text-base group-focus-within:text-xs h-full group-focus-within:h-3 group-focus-within:-translate-y-3 opacity-56 group-focus-within:opacity-100 duration-100'\r\n\t\t\t\t\t\t\t\t\t>Cel\u00e9 jm\u00e9no <span style='color:#ED0404'>*<\/span><\/label\r\n\t\t\t\t\t\t\t\t>\r\n\t\t\t\t\t\t\t<\/div>\r\n\t\t\t\t\t\t<\/div>\r\n\t\t\t\t\t<\/div>\r\n\t\t\t\t\t<div class='bg-white rounded-xs p-4 mt-5'>\r\n\t\t\t\t\t\t<div class='w-full'>\r\n\t\t\t\t\t\t\t<div\r\n\t\t\t\t\t\t\t\tclass='w-full relative group rounded focus:outline outline-2 outline-primary'\r\n\t\t\t\t\t\t\t>\r\n\t\t\t\t\t\t\t\t<input\r\n\t\t\t\t\t\t\t\t\ttype='text'\r\n\t\t\t\t\t\t\t\t\trequired\r\n\t\t\t\t\t\t\t\t\tplaceholder=' '\r\n\t\t\t\t\t\t\t\t\tname='entry.2111225128'\r\n\t\t\t\t\t\t\t\t\tid='entry.2111225128'\r\n\t\t\t\t\t\t\t\t\tclass='w-full text-base peer bg-transparent outline-none'\r\n\t\t\t\t\t\t\t\t\/><label\r\n\t\t\t\t\t\t\t\t\tfor='entry.2111225128'\r\n\t\t\t\t\t\t\t\t\tclass='inputLabelFix transform transition-all absolute top-0 left-0 flex items-center xbg-white text-base group-focus-within:text-xs h-full group-focus-within:h-3 group-focus-within:-translate-y-3 opacity-56 group-focus-within:opacity-100 duration-100'\r\n\t\t\t\t\t\t\t\t\t>N\u00e1zev firmy <span style='color:#ED0404'>*<\/span><\/label\r\n\t\t\t\t\t\t\t\t>\r\n\t\t\t\t\t\t\t<\/div>\r\n\t\t\t\t\t\t<\/div>\r\n\t\t\t\t\t<\/div>\r\n\t\t\t\t\t<div class='bg-white rounded-xs p-4 mt-5'>\r\n\t\t\t\t\t\t<div class='w-full'>\r\n\t\t\t\t\t\t\t<div\r\n\t\t\t\t\t\t\t\tclass='w-full relative group rounded focus:outline outline-2 outline-primary'\r\n\t\t\t\t\t\t\t>\r\n\t\t\t\t\t\t\t\t<input\r\n\t\t\t\t\t\t\t\t\ttype='email'\r\n\t\t\t\t\t\t\t\t\trequired\r\n\t\t\t\t\t\t\t\t\tplaceholder=' '\r\n\t\t\t\t\t\t\t\t\tname='entry.1935371239'\r\n\t\t\t\t\t\t\t\t\tid='entry.1935371239'\r\n\t\t\t\t\t\t\t\t\tclass='w-full text-base peer bg-transparent outline-none'\r\n\t\t\t\t\t\t\t\t\tpattern='[a-z0-9._%+-]+@[a-z0-9.-]+\\.[a-z]{2,4}$'\r\n\t\t\t\t\t\t\t\t\/><label\r\n\t\t\t\t\t\t\t\t\tfor='entry.1935371239'\r\n\t\t\t\t\t\t\t\t\tclass='inputLabelFix transform transition-all absolute top-0 left-0 flex items-center xbg-white text-base group-focus-within:text-xs h-full group-focus-within:h-3 group-focus-within:-translate-y-3 opacity-56 group-focus-within:opacity-100 duration-100'\r\n\t\t\t\t\t\t\t\t\t>Pracovn\u00ed e-mail <span style='color:#ED0404'>*<\/span><\/label\r\n\t\t\t\t\t\t\t\t>\r\n\t\t\t\t\t\t\t<\/div>\r\n\t\t\t\t\t\t<\/div>\r\n\t\t\t\t\t<\/div>\r\n\t\t\t\t\t<div class='bg-white rounded-xs p-4 mt-5'>\r\n\t\t\t\t\t\t<div class='w-full flex items-center phone-number'>\r\n\t\t\t\t\t\t\t\r\n\t\t\t\t\t\t\t<div\r\n\t\t\t\t\t\t\t\tclass='w-full relative group rounded focus:outline outline-2 outline-primary'\r\n\t\t\t\t\t\t\t>\r\n\t\t\t\t\t\t\t\t<input\r\n\t\t\t\t\t\t\t\t\ttype='tel'\r\n\t\t\t\t\t\t\t\t\trequired\r\n\t\t\t\t\t\t\t\t\tplaceholder=' '\r\n\t\t\t\t\t\t\t\t\tname='entry.310737236'\r\n\t\t\t\t\t\t\t\t\tid='entry.310737236'\r\n\t\t\t\t\t\t\t\t\tclass='w-full text-base peer bg-transparent outline-none js-phone-number'\r\n\t\t\t\t\t\t\t\t\/><label\r\n\t\t\t\t\t\t\t\t\tfor='entry.310737236'\r\n\t\t\t\t\t\t\t\t\tclass='inputLabelFix transform transition-all absolute top-0 left-0 flex items-center xbg-white text-base group-focus-within:text-xs h-full group-focus-within:h-3 group-focus-within:-translate-y-3 opacity-56 group-focus-within:opacity-100 duration-100'\r\n\t\t\t\t\t\t\t\t\t>Telefonn\u00ed \u010d\u00edslo <span style='color:#ED0404'>*<\/span><\/label\r\n\t\t\t\t\t\t\t\t>\r\n\t\t\t\t\t\t\t<\/div>\r\n\t\t\t\t\t\t<\/div>\r\n\t\t\t\t\t<\/div>\r\n\t\t\t\t\t<button\r\n\t\t\t\t\t\ttype='submit'\r\n\t\t\t\t\t\tclass='i relative group block w-full h-14 text-center text-base leading-none font-semibold px-6 py-5 whitespace-nowrap rounded-full bg-green text-black transition-all duration-300 mt-5 mx-auto'\r\n\t\t\t\t\t>\r\n\t\t\t\t\t\tOdeslat\r\n\t\t\t\t\t<\/button>\r\n\t\t\t\t\t<div class='text-center'>\r\n\t\t\t\t\t\t<span class='text-white text-xs leading-none opacity-48'\r\n\t\t\t\t\t\t\t>Odesl\u00e1n\u00edm zpr\u00e1vy souhlas\u00edte s na\u0161imi <a href='\/cs\/gdpr' class='underline' style='white-space: nowrap;'\r\n\t\t\t\t\t\t\t\t>Z\u00e1sadami ochrany osobn\u00edch \u00fadaj\u016f<\/a\r\n\t\t\t\t\t\t\t>\r\n\t\t\t\t\t\t<\/span>\r\n\t\t\t\t\t<\/div>\r\n\t\t\t\t<\/div>\r\n\t\t\t<\/form>\r\n\t\t<\/div>\r\n\t<\/div>\r\n\t<script>\r\n\t\tconst input = document.querySelector('.js-phone-number');\r\n\t\tinput.addEventListener('change', function() {\r\n\t\t\tif (input.value.length > 0) {\r\n\t\t\t\tdocument.querySelector('.phone-number').classList.add('active');\r\n\t\t\t} else {\r\n\t\t\t\tdocument.querySelector('.phone-number').classList.remove('active');\r\n\t\t\t}\r\n\t\t});\r\n\t\twindow.intlTelInput(input, {\r\n\t\t\tinitialCountry: 'auto',\r\n\t\t\tutilsScript: 'https:\/\/cdn.jsdelivr.net\/npm\/intl-tel-input@18.2.1\/build\/js\/utils.js',\r\n\t\t\tseparateDialCode: true,\r\n\t\t\tgeoIpLookup: function(callback) {\r\n\t\t\t\tif (document.documentElement.lang != 'cs') {\r\n\t\t\t\t\tcallback(document.documentElement.lang);\r\n\t\t\t\t} else {\r\n\t\t\t\t\tcallback('CZ')\r\n\t\t\t\t}\r\n\t\t\t},\r\n\t\t});\r\n\t<\/script>\r\n\t\t\t<\/div>\n\t\t\t\t<\/div>\n\t\t\t\t\t\t<\/div>\n\t\t\t\t\t<\/div>\n\t\t<\/div>\n\t\t\t\t\t\t\t\t<\/div>\n\t\t\t\t\t<\/div>\n\t\t<\/section>\n\t\t\t\t<section class=\"elementor-section elementor-top-section elementor-element elementor-element-bee21cd elementor-section-boxed elementor-section-height-default elementor-section-height-default\" data-id=\"bee21cd\" data-element_type=\"section\">\n\t\t\t\t\t\t<div class=\"elementor-container elementor-column-gap-default\">\n\t\t\t\t\t\t\t<div class=\"elementor-row\">\n\t\t\t\t\t<div class=\"elementor-column elementor-col-100 elementor-top-column elementor-element elementor-element-593e565\" data-id=\"593e565\" data-element_type=\"column\">\n\t\t\t<div class=\"elementor-column-wrap elementor-element-populated\">\n\t\t\t\t\t\t\t<div class=\"elementor-widget-wrap\">\n\t\t\t\t\t\t<div class=\"elementor-element elementor-element-1be6eff elementor-widget elementor-widget-section-heading\" data-id=\"1be6eff\" data-element_type=\"widget\" data-widget_type=\"section-heading.default\">\n\t\t\t\t<div class=\"elementor-widget-container\">\n\t\t\t<div>\r\n\t\t<h2 class='text-base font-bold text-blue text-center'>\r\n\t\t\t<span class='uppercase'>\r\n\t\t\t\tP\u0159idejte se\r\n\t\t\t<\/span>\r\n\t\t\t<br \/>\r\n\t\t\t<span class=' text-4xl leading-none font-semibold md:text-6xl md:leading-relaxed-minus md:font-medium text-blue-400 text-center'>\r\n\t\t\t\tk na\u0161im z\u00e1kazn\u00edk\u016fm\r\n\t\t\t<\/span>\r\n\t\t<\/h2>\r\n\t<\/div>\t\t<\/div>\n\t\t\t\t<\/div>\n\t\t\t\t\t\t<\/div>\n\t\t\t\t\t<\/div>\n\t\t<\/div>\n\t\t\t\t\t\t\t\t<\/div>\n\t\t\t\t\t<\/div>\n\t\t<\/section>\n\t\t\t\t<section class=\"elementor-section elementor-top-section elementor-element elementor-element-bd5153e elementor-section-boxed elementor-section-height-default elementor-section-height-default\" data-id=\"bd5153e\" data-element_type=\"section\">\n\t\t\t\t\t\t<div class=\"elementor-container elementor-column-gap-default\">\n\t\t\t\t\t\t\t<div class=\"elementor-row\">\n\t\t\t\t\t<div class=\"elementor-column elementor-col-100 elementor-top-column elementor-element elementor-element-8e1b527\" data-id=\"8e1b527\" data-element_type=\"column\">\n\t\t\t<div class=\"elementor-column-wrap elementor-element-populated\">\n\t\t\t\t\t\t\t<div class=\"elementor-widget-wrap\">\n\t\t\t\t\t\t<div class=\"elementor-element elementor-element-0b2e107 elementor-widget elementor-widget-Customers\" data-id=\"0b2e107\" data-element_type=\"widget\" data-widget_type=\"Customers.default\">\n\t\t\t\t<div class=\"elementor-widget-container\">\n\t\t\t<div class='mx-4 flex flex-row flex-wrap items-center justify-center gap-6 mt-5' style='max-width: 650px; margin: 0 auto;'>\r\n\t\t\t<img src='https:\/\/mediaboard.com\/wp-content\/themes\/monitora.cz\/assets\/references_logos\/samsung.svg' width='107' height='17' alt='samsung' \/>\r\n\t\t\t<img src='https:\/\/mediaboard.com\/wp-content\/themes\/monitora.cz\/assets\/references_logos\/hyundai.svg' width='168' height='24' alt='hyundai' \/>\r\n\t\t\t<img src='https:\/\/mediaboard.com\/wp-content\/themes\/monitora.cz\/assets\/references_logos\/hbo.svg' width='58' height='24' alt='hbo' \/>\r\n\t\t\t<img src='https:\/\/mediaboard.com\/wp-content\/themes\/monitora.cz\/assets\/references_logos\/coca_cola_hbc.svg' width='127' height='40' alt='coca_cola' \/>\r\n\t\t\t<img src='https:\/\/mediaboard.com\/wp-content\/themes\/monitora.cz\/assets\/references_logos\/deloitte.svg' width='90' height='17' alt='deloitte' \/>\r\n\t\t<\/div>\t\t<\/div>\n\t\t\t\t<\/div>\n\t\t\t\t\t\t<\/div>\n\t\t\t\t\t<\/div>\n\t\t<\/div>\n\t\t\t\t\t\t\t\t<\/div>\n\t\t\t\t\t<\/div>\n\t\t<\/section>\n\t\t\t\t\t\t<\/div>\n\t\t\t\t\t\t<\/div>\n\t\t\t\t\t<\/div>\n\t\t","protected":false},"excerpt":{"rendered":"<p>Cen\u00edk \u0159e\u0161en\u00ed u\u0161it\u00e9 na m\u00edru Rozum\u00edme pot\u0159eb\u00e1m na\u0161ich klient\u016f a ch\u00e1peme, \u017ee ka\u017ed\u00fd z\u00e1kazn\u00edk m\u00e1 specifick\u00e9 po\u017eadavky. Ka\u017ed\u00e9 \u0159e\u0161en\u00ed je&#8230;<\/p>\n","protected":false},"author":1,"featured_media":0,"parent":0,"menu_order":0,"comment_status":"closed","ping_status":"closed","template":"page-new-template.php","meta":[],"acf":[],"yoast_head":"<!-- This site is optimized with the Yoast SEO plugin v18.2 - https:\/\/yoast.com\/wordpress\/plugins\/seo\/ -->\n<meta name=\"description\" content=\"\u0158e\u0161en\u00ed u\u0161it\u00e9 na m\u00edru. D\u016fv\u011b\u0159uje n\u00e1m v\u00edce ne\u017e 1000 z\u00e1kazn\u00edk\u016f. Spojte se s n\u00e1mi a posu\u0148te svou komunikaci.\" \/>\n<meta name=\"robots\" content=\"index, follow, max-snippet:-1, max-image-preview:large, max-video-preview:-1\" \/>\n<link rel=\"canonical\" href=\"https:\/\/mediaboard.com\/cs\/cenik\/\" \/>\n<meta property=\"og:locale\" content=\"cs_CZ\" \/>\n<meta property=\"og:type\" content=\"article\" \/>\n<meta property=\"og:title\" content=\"Mediaboard | Cen\u00edk\" \/>\n<meta property=\"og:description\" content=\"\u0158e\u0161en\u00ed u\u0161it\u00e9 na m\u00edru. D\u016fv\u011b\u0159uje n\u00e1m v\u00edce ne\u017e 1000 z\u00e1kazn\u00edk\u016f. Spojte se s n\u00e1mi a posu\u0148te svou komunikaci.\" \/>\n<meta property=\"og:url\" content=\"https:\/\/mediaboard.com\/cs\/cenik\/\" \/>\n<meta property=\"og:site_name\" content=\"Mediaboard.com\" \/>\n<meta property=\"article:modified_time\" content=\"2024-07-15T08:56:31+00:00\" \/>\n<meta property=\"og:image\" content=\"https:\/\/mediaboard.com\/wp-content\/uploads\/2025\/04\/Mediaboard-2.jpg\" \/>\n\t<meta property=\"og:image:width\" content=\"1200\" \/>\n\t<meta property=\"og:image:height\" content=\"630\" \/>\n\t<meta property=\"og:image:type\" content=\"image\/jpeg\" \/>\n<meta name=\"twitter:card\" content=\"summary_large_image\" \/>\n<meta name=\"twitter:label1\" content=\"Odhadovan\u00e1 doba \u010dten\u00ed\" \/>\n\t<meta name=\"twitter:data1\" content=\"4 minuty\" \/>\n<script type=\"application\/ld+json\" class=\"yoast-schema-graph\">{\"@context\":\"https:\/\/schema.org\",\"@graph\":[{\"@type\":\"WebSite\",\"@id\":\"https:\/\/mediaboard.com\/#website\",\"url\":\"https:\/\/mediaboard.com\/\",\"name\":\"Mediaboard.com\",\"description\":\"The only media intel tool you will ever need\",\"potentialAction\":[{\"@type\":\"SearchAction\",\"target\":{\"@type\":\"EntryPoint\",\"urlTemplate\":\"https:\/\/mediaboard.com\/?s={search_term_string}\"},\"query-input\":\"required name=search_term_string\"}],\"inLanguage\":\"cs\"},{\"@type\":\"WebPage\",\"@id\":\"https:\/\/mediaboard.com\/cs\/cenik\/#webpage\",\"url\":\"https:\/\/mediaboard.com\/cs\/cenik\/\",\"name\":\"Mediaboard | Cen\u00edk\",\"isPartOf\":{\"@id\":\"https:\/\/mediaboard.com\/#website\"},\"datePublished\":\"2023-09-04T18:43:41+00:00\",\"dateModified\":\"2024-07-15T08:56:31+00:00\",\"description\":\"\u0158e\u0161en\u00ed u\u0161it\u00e9 na m\u00edru. D\u016fv\u011b\u0159uje n\u00e1m v\u00edce ne\u017e 1000 z\u00e1kazn\u00edk\u016f. Spojte se s n\u00e1mi a posu\u0148te svou komunikaci.\",\"breadcrumb\":{\"@id\":\"https:\/\/mediaboard.com\/cs\/cenik\/#breadcrumb\"},\"inLanguage\":\"cs\",\"potentialAction\":[{\"@type\":\"ReadAction\",\"target\":[\"https:\/\/mediaboard.com\/cs\/cenik\/\"]}]},{\"@type\":\"BreadcrumbList\",\"@id\":\"https:\/\/mediaboard.com\/cs\/cenik\/#breadcrumb\",\"itemListElement\":[{\"@type\":\"ListItem\",\"position\":1,\"name\":\"Home\",\"item\":\"https:\/\/mediaboard.com\/cs\/\"},{\"@type\":\"ListItem\",\"position\":2,\"name\":\"Cen\u00edk\"}]}]}<\/script>\n<!-- \/ Yoast SEO plugin. -->","yoast_head_json":{"description":"\u0158e\u0161en\u00ed u\u0161it\u00e9 na m\u00edru. D\u016fv\u011b\u0159uje n\u00e1m v\u00edce ne\u017e 1000 z\u00e1kazn\u00edk\u016f. Spojte se s n\u00e1mi a posu\u0148te svou komunikaci.","robots":{"index":"index","follow":"follow","max-snippet":"max-snippet:-1","max-image-preview":"max-image-preview:large","max-video-preview":"max-video-preview:-1"},"canonical":"https:\/\/mediaboard.com\/cs\/cenik\/","og_locale":"cs_CZ","og_type":"article","og_title":"Mediaboard | Cen\u00edk","og_description":"\u0158e\u0161en\u00ed u\u0161it\u00e9 na m\u00edru. D\u016fv\u011b\u0159uje n\u00e1m v\u00edce ne\u017e 1000 z\u00e1kazn\u00edk\u016f. Spojte se s n\u00e1mi a posu\u0148te svou komunikaci.","og_url":"https:\/\/mediaboard.com\/cs\/cenik\/","og_site_name":"Mediaboard.com","article_modified_time":"2024-07-15T08:56:31+00:00","og_image":[{"width":1200,"height":630,"url":"https:\/\/mediaboard.com\/wp-content\/uploads\/2025\/04\/Mediaboard-2.jpg","type":"image\/jpeg"}],"twitter_card":"summary_large_image","twitter_misc":{"Odhadovan\u00e1 doba \u010dten\u00ed":"4 minuty"},"schema":{"@context":"https:\/\/schema.org","@graph":[{"@type":"WebSite","@id":"https:\/\/mediaboard.com\/#website","url":"https:\/\/mediaboard.com\/","name":"Mediaboard.com","description":"The only media intel tool you will ever need","potentialAction":[{"@type":"SearchAction","target":{"@type":"EntryPoint","urlTemplate":"https:\/\/mediaboard.com\/?s={search_term_string}"},"query-input":"required name=search_term_string"}],"inLanguage":"cs"},{"@type":"WebPage","@id":"https:\/\/mediaboard.com\/cs\/cenik\/#webpage","url":"https:\/\/mediaboard.com\/cs\/cenik\/","name":"Mediaboard | Cen\u00edk","isPartOf":{"@id":"https:\/\/mediaboard.com\/#website"},"datePublished":"2023-09-04T18:43:41+00:00","dateModified":"2024-07-15T08:56:31+00:00","description":"\u0158e\u0161en\u00ed u\u0161it\u00e9 na m\u00edru. D\u016fv\u011b\u0159uje n\u00e1m v\u00edce ne\u017e 1000 z\u00e1kazn\u00edk\u016f. Spojte se s n\u00e1mi a posu\u0148te svou komunikaci.","breadcrumb":{"@id":"https:\/\/mediaboard.com\/cs\/cenik\/#breadcrumb"},"inLanguage":"cs","potentialAction":[{"@type":"ReadAction","target":["https:\/\/mediaboard.com\/cs\/cenik\/"]}]},{"@type":"BreadcrumbList","@id":"https:\/\/mediaboard.com\/cs\/cenik\/#breadcrumb","itemListElement":[{"@type":"ListItem","position":1,"name":"Home","item":"https:\/\/mediaboard.com\/cs\/"},{"@type":"ListItem","position":2,"name":"Cen\u00edk"}]}]}},"_links":{"self":[{"href":"https:\/\/mediaboard.com\/cs\/wp-json\/wp\/v2\/pages\/32346"}],"collection":[{"href":"https:\/\/mediaboard.com\/cs\/wp-json\/wp\/v2\/pages"}],"about":[{"href":"https:\/\/mediaboard.com\/cs\/wp-json\/wp\/v2\/types\/page"}],"author":[{"embeddable":true,"href":"https:\/\/mediaboard.com\/cs\/wp-json\/wp\/v2\/users\/1"}],"replies":[{"embeddable":true,"href":"https:\/\/mediaboard.com\/cs\/wp-json\/wp\/v2\/comments?post=32346"}],"version-history":[{"count":16,"href":"https:\/\/mediaboard.com\/cs\/wp-json\/wp\/v2\/pages\/32346\/revisions"}],"predecessor-version":[{"id":42713,"href":"https:\/\/mediaboard.com\/cs\/wp-json\/wp\/v2\/pages\/32346\/revisions\/42713"}],"wp:attachment":[{"href":"https:\/\/mediaboard.com\/cs\/wp-json\/wp\/v2\/media?parent=32346"}],"curies":[{"name":"wp","href":"https:\/\/api.w.org\/{rel}","templated":true}]}}