{"id":32372,"date":"2023-09-04T21:28:20","date_gmt":"2023-09-04T19:28:20","guid":{"rendered":"https:\/\/mediaboard.com\/?page_id=32372"},"modified":"2025-03-05T13:02:38","modified_gmt":"2025-03-05T12:02:38","slug":"blog","status":"publish","type":"page","link":"https:\/\/mediaboard.com\/cs\/blog\/","title":{"rendered":"Blog"},"content":{"rendered":"","protected":false},"excerpt":{"rendered":"","protected":false},"author":1,"featured_media":48226,"parent":0,"menu_order":0,"comment_status":"closed","ping_status":"closed","template":"page_blog.php","meta":[],"acf":[],"yoast_head":"<!-- This site is optimized with the Yoast SEO plugin v18.2 - https:\/\/yoast.com\/wordpress\/plugins\/seo\/ -->\n<meta name=\"description\" content=\"Mediaboard blog \u2013 sledujte novinky z Mediaboardu, PR trendy a oborov\u00e9 zpr\u00e1vy. Mediaboard je nejpou\u017e\u00edvan\u011bj\u0161\u00edm PR n\u00e1strojem v \u010cR a na Slovensku.\" \/>\n<meta name=\"robots\" content=\"index, follow, max-snippet:-1, max-image-preview:large, max-video-preview:-1\" \/>\n<link rel=\"canonical\" href=\"https:\/\/mediaboard.com\/cs\/blog\/\" \/>\n<meta property=\"og:locale\" content=\"cs_CZ\" \/>\n<meta property=\"og:type\" content=\"article\" \/>\n<meta property=\"og:title\" content=\"Mediaboard | Blog, novinky, zpr\u00e1vy\" \/>\n<meta property=\"og:description\" content=\"Mediaboard blog \u2013 sledujte novinky z Mediaboardu, PR trendy a oborov\u00e9 zpr\u00e1vy. Mediaboard je nejpou\u017e\u00edvan\u011bj\u0161\u00edm PR n\u00e1strojem v \u010cR a na Slovensku.\" \/>\n<meta property=\"og:url\" content=\"https:\/\/mediaboard.com\/cs\/blog\/\" \/>\n<meta property=\"og:site_name\" content=\"Mediaboard.com\" \/>\n<meta property=\"article:modified_time\" content=\"2025-03-05T12:02:38+00:00\" \/>\n<meta property=\"og:image\" content=\"https:\/\/mediaboard.com\/wp-content\/uploads\/2024\/08\/about_mediaboard_logo@2x.png\" \/>\n\t<meta property=\"og:image:width\" content=\"1080\" \/>\n\t<meta property=\"og:image:height\" content=\"880\" \/>\n\t<meta property=\"og:image:type\" content=\"image\/png\" \/>\n<meta name=\"twitter:card\" content=\"summary_large_image\" \/>\n<script type=\"application\/ld+json\" class=\"yoast-schema-graph\">{\"@context\":\"https:\/\/schema.org\",\"@graph\":[{\"@type\":\"WebSite\",\"@id\":\"https:\/\/mediaboard.com\/#website\",\"url\":\"https:\/\/mediaboard.com\/\",\"name\":\"Mediaboard.com\",\"description\":\"The only media intel tool you will ever need\",\"potentialAction\":[{\"@type\":\"SearchAction\",\"target\":{\"@type\":\"EntryPoint\",\"urlTemplate\":\"https:\/\/mediaboard.com\/?s={search_term_string}\"},\"query-input\":\"required name=search_term_string\"}],\"inLanguage\":\"cs\"},{\"@type\":\"ImageObject\",\"@id\":\"https:\/\/mediaboard.com\/cs\/blog\/#primaryimage\",\"inLanguage\":\"cs\",\"url\":\"https:\/\/mediaboard.com\/wp-content\/uploads\/2024\/08\/about_mediaboard_logo@2x.png\",\"contentUrl\":\"https:\/\/mediaboard.com\/wp-content\/uploads\/2024\/08\/about_mediaboard_logo@2x.png\",\"width\":1080,\"height\":880},{\"@type\":\"WebPage\",\"@id\":\"https:\/\/mediaboard.com\/cs\/blog\/#webpage\",\"url\":\"https:\/\/mediaboard.com\/cs\/blog\/\",\"name\":\"Mediaboard | Blog, novinky, zpr\u00e1vy\",\"isPartOf\":{\"@id\":\"https:\/\/mediaboard.com\/#website\"},\"primaryImageOfPage\":{\"@id\":\"https:\/\/mediaboard.com\/cs\/blog\/#primaryimage\"},\"datePublished\":\"2023-09-04T19:28:20+00:00\",\"dateModified\":\"2025-03-05T12:02:38+00:00\",\"description\":\"Mediaboard blog \u2013 sledujte novinky z Mediaboardu, PR trendy a oborov\u00e9 zpr\u00e1vy. Mediaboard je nejpou\u017e\u00edvan\u011bj\u0161\u00edm PR n\u00e1strojem v \u010cR a na Slovensku.\",\"breadcrumb\":{\"@id\":\"https:\/\/mediaboard.com\/cs\/blog\/#breadcrumb\"},\"inLanguage\":\"cs\",\"potentialAction\":[{\"@type\":\"ReadAction\",\"target\":[\"https:\/\/mediaboard.com\/cs\/blog\/\"]}]},{\"@type\":\"BreadcrumbList\",\"@id\":\"https:\/\/mediaboard.com\/cs\/blog\/#breadcrumb\",\"itemListElement\":[{\"@type\":\"ListItem\",\"position\":1,\"name\":\"Home\",\"item\":\"https:\/\/mediaboard.com\/cs\/\"},{\"@type\":\"ListItem\",\"position\":2,\"name\":\"Blog\"}]}]}<\/script>\n<!-- \/ Yoast SEO plugin. -->","yoast_head_json":{"description":"Mediaboard blog \u2013 sledujte novinky z Mediaboardu, PR trendy a oborov\u00e9 zpr\u00e1vy. Mediaboard je nejpou\u017e\u00edvan\u011bj\u0161\u00edm PR n\u00e1strojem v \u010cR a na Slovensku.","robots":{"index":"index","follow":"follow","max-snippet":"max-snippet:-1","max-image-preview":"max-image-preview:large","max-video-preview":"max-video-preview:-1"},"canonical":"https:\/\/mediaboard.com\/cs\/blog\/","og_locale":"cs_CZ","og_type":"article","og_title":"Mediaboard | Blog, novinky, zpr\u00e1vy","og_description":"Mediaboard blog \u2013 sledujte novinky z Mediaboardu, PR trendy a oborov\u00e9 zpr\u00e1vy. Mediaboard je nejpou\u017e\u00edvan\u011bj\u0161\u00edm PR n\u00e1strojem v \u010cR a na Slovensku.","og_url":"https:\/\/mediaboard.com\/cs\/blog\/","og_site_name":"Mediaboard.com","article_modified_time":"2025-03-05T12:02:38+00:00","og_image":[{"width":1080,"height":880,"url":"https:\/\/mediaboard.com\/wp-content\/uploads\/2024\/08\/about_mediaboard_logo@2x.png","type":"image\/png"}],"twitter_card":"summary_large_image","schema":{"@context":"https:\/\/schema.org","@graph":[{"@type":"WebSite","@id":"https:\/\/mediaboard.com\/#website","url":"https:\/\/mediaboard.com\/","name":"Mediaboard.com","description":"The only media intel tool you will ever need","potentialAction":[{"@type":"SearchAction","target":{"@type":"EntryPoint","urlTemplate":"https:\/\/mediaboard.com\/?s={search_term_string}"},"query-input":"required name=search_term_string"}],"inLanguage":"cs"},{"@type":"ImageObject","@id":"https:\/\/mediaboard.com\/cs\/blog\/#primaryimage","inLanguage":"cs","url":"https:\/\/mediaboard.com\/wp-content\/uploads\/2024\/08\/about_mediaboard_logo@2x.png","contentUrl":"https:\/\/mediaboard.com\/wp-content\/uploads\/2024\/08\/about_mediaboard_logo@2x.png","width":1080,"height":880},{"@type":"WebPage","@id":"https:\/\/mediaboard.com\/cs\/blog\/#webpage","url":"https:\/\/mediaboard.com\/cs\/blog\/","name":"Mediaboard | Blog, novinky, zpr\u00e1vy","isPartOf":{"@id":"https:\/\/mediaboard.com\/#website"},"primaryImageOfPage":{"@id":"https:\/\/mediaboard.com\/cs\/blog\/#primaryimage"},"datePublished":"2023-09-04T19:28:20+00:00","dateModified":"2025-03-05T12:02:38+00:00","description":"Mediaboard blog \u2013 sledujte novinky z Mediaboardu, PR trendy a oborov\u00e9 zpr\u00e1vy. Mediaboard je nejpou\u017e\u00edvan\u011bj\u0161\u00edm PR n\u00e1strojem v \u010cR a na Slovensku.","breadcrumb":{"@id":"https:\/\/mediaboard.com\/cs\/blog\/#breadcrumb"},"inLanguage":"cs","potentialAction":[{"@type":"ReadAction","target":["https:\/\/mediaboard.com\/cs\/blog\/"]}]},{"@type":"BreadcrumbList","@id":"https:\/\/mediaboard.com\/cs\/blog\/#breadcrumb","itemListElement":[{"@type":"ListItem","position":1,"name":"Home","item":"https:\/\/mediaboard.com\/cs\/"},{"@type":"ListItem","position":2,"name":"Blog"}]}]}},"_links":{"self":[{"href":"https:\/\/mediaboard.com\/cs\/wp-json\/wp\/v2\/pages\/32372"}],"collection":[{"href":"https:\/\/mediaboard.com\/cs\/wp-json\/wp\/v2\/pages"}],"about":[{"href":"https:\/\/mediaboard.com\/cs\/wp-json\/wp\/v2\/types\/page"}],"author":[{"embeddable":true,"href":"https:\/\/mediaboard.com\/cs\/wp-json\/wp\/v2\/users\/1"}],"replies":[{"embeddable":true,"href":"https:\/\/mediaboard.com\/cs\/wp-json\/wp\/v2\/comments?post=32372"}],"version-history":[{"count":2,"href":"https:\/\/mediaboard.com\/cs\/wp-json\/wp\/v2\/pages\/32372\/revisions"}],"predecessor-version":[{"id":47483,"href":"https:\/\/mediaboard.com\/cs\/wp-json\/wp\/v2\/pages\/32372\/revisions\/47483"}],"wp:featuredmedia":[{"embeddable":true,"href":"https:\/\/mediaboard.com\/cs\/wp-json\/wp\/v2\/media\/48226"}],"wp:attachment":[{"href":"https:\/\/mediaboard.com\/cs\/wp-json\/wp\/v2\/media?parent=32372"}],"curies":[{"name":"wp","href":"https:\/\/api.w.org\/{rel}","templated":true}]}}