{"id":8610,"date":"2020-01-29T14:02:18","date_gmt":"2020-01-29T13:02:18","guid":{"rendered":"https:\/\/mediaboard.com\/integration\/"},"modified":"2022-03-10T13:18:49","modified_gmt":"2022-03-10T12:18:49","slug":"integration","status":"publish","type":"page","link":"https:\/\/mediaboard.com\/hr\/integration\/","title":{"rendered":"Integration of Mediaboard to other apps"},"content":{"rendered":"\t\t<div data-elementor-type=\"wp-page\" data-elementor-id=\"8610\" class=\"elementor elementor-8610\" data-elementor-settings=\"[]\">\n\t\t\t\t\t\t<div class=\"elementor-inner\">\n\t\t\t\t\t\t\t<div class=\"elementor-section-wrap\">\n\t\t\t\t\t\t\t<section class=\"elementor-section elementor-top-section elementor-element elementor-element-563f022 elementor-section-boxed elementor-section-height-default elementor-section-height-default\" data-id=\"563f022\" data-element_type=\"section\">\n\t\t\t\t\t\t<div class=\"elementor-container elementor-column-gap-default\">\n\t\t\t\t\t\t\t<div class=\"elementor-row\">\n\t\t\t\t\t<div class=\"elementor-column elementor-col-100 elementor-top-column elementor-element elementor-element-1c5792b\" data-id=\"1c5792b\" data-element_type=\"column\">\n\t\t\t<div class=\"elementor-column-wrap elementor-element-populated\">\n\t\t\t\t\t\t\t<div class=\"elementor-widget-wrap\">\n\t\t\t\t\t\t<div class=\"elementor-element elementor-element-4bf8820 elementor-widget elementor-widget-text-editor\" data-id=\"4bf8820\" data-element_type=\"widget\" data-widget_type=\"text-editor.default\">\n\t\t\t\t<div class=\"elementor-widget-container\">\n\t\t\t\t\t<div class=\"elementor-text-editor elementor-clearfix\"><section>\n<div>\n<div>\n<p style=\"line-height: 29.6px;\">You can easily connect Mediaboard to different systems, such as Google Analytics, company databases or CRM. Thanks to the integrated applications, you can monitor media information about your brand easily on your mobile phone or conveniently in the application on your computer.<\/p><\/div><\/div><\/section><section><div><section style=\"width: 1120px;\"><div><div style=\"width: 1120px;\"><h4 style=\"line-height: 55.1px;\">We will be happy to connect other applications if you do not see yours below.<\/h4><div><br><\/div><\/div><\/div><\/section><section style=\"width: 1120px;\"><div><\/div><\/section>\n<\/div>\n<\/section><\/div>\n\t\t\t\t<\/div>\n\t\t\t\t<\/div>\n\t\t\t\t\t\t<\/div>\n\t\t\t\t\t<\/div>\n\t\t<\/div>\n\t\t\t\t\t\t\t\t<\/div>\n\t\t\t\t\t<\/div>\n\t\t<\/section>\n\t\t\t\t<section class=\"elementor-section elementor-top-section elementor-element elementor-element-637d223 elementor-section-boxed elementor-section-height-default elementor-section-height-default\" data-id=\"637d223\" data-element_type=\"section\">\n\t\t\t\t\t\t<div class=\"elementor-container elementor-column-gap-default\">\n\t\t\t\t\t\t\t<div class=\"elementor-row\">\n\t\t\t\t\t<div class=\"elementor-column elementor-col-100 elementor-top-column elementor-element elementor-element-84b90fa\" data-id=\"84b90fa\" data-element_type=\"column\">\n\t\t\t<div class=\"elementor-column-wrap elementor-element-populated\">\n\t\t\t\t\t\t\t<div class=\"elementor-widget-wrap\">\n\t\t\t\t\t\t<div class=\"elementor-element elementor-element-823ea4c elementor-widget elementor-widget-image\" data-id=\"823ea4c\" data-element_type=\"widget\" data-widget_type=\"image.default\">\n\t\t\t\t<div class=\"elementor-widget-container\">\n\t\t\t\t\t<div class=\"elementor-image\">\n\t\t\t\t\t\t\t\t\t\t<img width=\"885\" height=\"1579\" src=\"https:\/\/mediaboard.com\/wp-content\/uploads\/2020\/01\/integrace.jpg\" class=\"attachment-full size-full\" alt=\"\" loading=\"lazy\" srcset=\"https:\/\/mediaboard.com\/wp-content\/uploads\/2020\/01\/integrace.jpg 885w, https:\/\/mediaboard.com\/wp-content\/uploads\/2020\/01\/integrace-168x300.jpg 168w, https:\/\/mediaboard.com\/wp-content\/uploads\/2020\/01\/integrace-768x1370.jpg 768w, https:\/\/mediaboard.com\/wp-content\/uploads\/2020\/01\/integrace-574x1024.jpg 574w, https:\/\/mediaboard.com\/wp-content\/uploads\/2020\/01\/integrace-13x24.jpg 13w, https:\/\/mediaboard.com\/wp-content\/uploads\/2020\/01\/integrace-20x36.jpg 20w, https:\/\/mediaboard.com\/wp-content\/uploads\/2020\/01\/integrace-27x48.jpg 27w\" sizes=\"(max-width: 885px) 100vw, 885px\" \/>\t\t\t\t\t\t\t\t\t\t\t<\/div>\n\t\t\t\t<\/div>\n\t\t\t\t<\/div>\n\t\t\t\t\t\t<\/div>\n\t\t\t\t\t<\/div>\n\t\t<\/div>\n\t\t\t\t\t\t\t\t<\/div>\n\t\t\t\t\t<\/div>\n\t\t<\/section>\n\t\t\t\t<section class=\"elementor-section elementor-top-section elementor-element elementor-element-abf67d5 elementor-section-boxed elementor-section-height-default elementor-section-height-default\" data-id=\"abf67d5\" data-element_type=\"section\">\n\t\t\t\t\t\t<div class=\"elementor-container elementor-column-gap-default\">\n\t\t\t\t\t\t\t<div class=\"elementor-row\">\n\t\t\t\t\t<div class=\"elementor-column elementor-col-100 elementor-top-column elementor-element elementor-element-10c65b9\" data-id=\"10c65b9\" data-element_type=\"column\">\n\t\t\t<div class=\"elementor-column-wrap\">\n\t\t\t\t\t\t\t<div class=\"elementor-widget-wrap\">\n\t\t\t\t\t\t\t\t<\/div>\n\t\t\t\t\t<\/div>\n\t\t<\/div>\n\t\t\t\t\t\t\t\t<\/div>\n\t\t\t\t\t<\/div>\n\t\t<\/section>\n\t\t\t\t\t\t<\/div>\n\t\t\t\t\t\t<\/div>\n\t\t\t\t\t<\/div>\n\t\t","protected":false},"excerpt":{"rendered":"<p>You can easily connect Mediaboard to different systems, such as Google Analytics, company databases or CRM. Thanks to the integrated&#8230;<\/p>\n","protected":false},"author":1,"featured_media":0,"parent":0,"menu_order":0,"comment_status":"closed","ping_status":"closed","template":"","meta":[],"acf":[],"yoast_head":"<!-- This site is optimized with the Yoast SEO plugin v18.2 - https:\/\/yoast.com\/wordpress\/plugins\/seo\/ -->\n<meta name=\"robots\" content=\"index, follow, max-snippet:-1, max-image-preview:large, max-video-preview:-1\" \/>\n<link rel=\"canonical\" href=\"https:\/\/mediaboard.com\/hr\/integration\/\" \/>\n<meta property=\"og:locale\" content=\"hr_HR\" \/>\n<meta property=\"og:type\" content=\"article\" \/>\n<meta property=\"og:title\" content=\"Integration of Mediaboard to other apps - Mediaboard.com\" \/>\n<meta property=\"og:description\" content=\"You can easily connect Mediaboard to different systems, such as Google Analytics, company databases or CRM. Thanks to the integrated...\" \/>\n<meta property=\"og:url\" content=\"https:\/\/mediaboard.com\/hr\/integration\/\" \/>\n<meta property=\"og:site_name\" content=\"Mediaboard.com\" \/>\n<meta property=\"article:modified_time\" content=\"2022-03-10T12:18:49+00:00\" \/>\n<meta property=\"og:image\" content=\"https:\/\/mediaboard.com\/wp-content\/uploads\/2025\/04\/Mediaboard-2.jpg\" \/>\n<meta name=\"twitter:card\" content=\"summary_large_image\" \/>\n<script type=\"application\/ld+json\" class=\"yoast-schema-graph\">{\"@context\":\"https:\/\/schema.org\",\"@graph\":[{\"@type\":\"WebSite\",\"@id\":\"https:\/\/mediaboard.com\/#website\",\"url\":\"https:\/\/mediaboard.com\/\",\"name\":\"Mediaboard.com\",\"description\":\"Monitoring, anal\u00fdza a m\u011b\u0159en\u00ed m\u00e9di\u00ed nov\u00e9 generace\",\"potentialAction\":[{\"@type\":\"SearchAction\",\"target\":{\"@type\":\"EntryPoint\",\"urlTemplate\":\"https:\/\/mediaboard.com\/?s={search_term_string}\"},\"query-input\":\"required name=search_term_string\"}],\"inLanguage\":\"hr\"},{\"@type\":\"ImageObject\",\"@id\":\"https:\/\/mediaboard.com\/hr\/integration\/#primaryimage\",\"inLanguage\":\"hr\",\"url\":\"https:\/\/mediaboard.com\/wp-content\/uploads\/2020\/01\/integrace.jpg\",\"contentUrl\":\"https:\/\/mediaboard.com\/wp-content\/uploads\/2020\/01\/integrace.jpg\",\"width\":885,\"height\":1579},{\"@type\":\"WebPage\",\"@id\":\"https:\/\/mediaboard.com\/hr\/integration\/#webpage\",\"url\":\"https:\/\/mediaboard.com\/hr\/integration\/\",\"name\":\"Integration of Mediaboard to other apps - Mediaboard.com\",\"isPartOf\":{\"@id\":\"https:\/\/mediaboard.com\/#website\"},\"primaryImageOfPage\":{\"@id\":\"https:\/\/mediaboard.com\/hr\/integration\/#primaryimage\"},\"datePublished\":\"2020-01-29T13:02:18+00:00\",\"dateModified\":\"2022-03-10T12:18:49+00:00\",\"breadcrumb\":{\"@id\":\"https:\/\/mediaboard.com\/hr\/integration\/#breadcrumb\"},\"inLanguage\":\"hr\",\"potentialAction\":[{\"@type\":\"ReadAction\",\"target\":[\"https:\/\/mediaboard.com\/hr\/integration\/\"]}]},{\"@type\":\"BreadcrumbList\",\"@id\":\"https:\/\/mediaboard.com\/hr\/integration\/#breadcrumb\",\"itemListElement\":[{\"@type\":\"ListItem\",\"position\":1,\"name\":\"Home\",\"item\":\"https:\/\/mediaboard.com\/hr\/\"},{\"@type\":\"ListItem\",\"position\":2,\"name\":\"Integration of Mediaboard to other apps\"}]}]}<\/script>\n<!-- \/ Yoast SEO plugin. -->","yoast_head_json":{"robots":{"index":"index","follow":"follow","max-snippet":"max-snippet:-1","max-image-preview":"max-image-preview:large","max-video-preview":"max-video-preview:-1"},"canonical":"https:\/\/mediaboard.com\/hr\/integration\/","og_locale":"hr_HR","og_type":"article","og_title":"Integration of Mediaboard to other apps - Mediaboard.com","og_description":"You can easily connect Mediaboard to different systems, such as Google Analytics, company databases or CRM. Thanks to the integrated...","og_url":"https:\/\/mediaboard.com\/hr\/integration\/","og_site_name":"Mediaboard.com","article_modified_time":"2022-03-10T12:18:49+00:00","og_image":[{"url":"https:\/\/mediaboard.com\/wp-content\/uploads\/2025\/04\/Mediaboard-2.jpg"}],"twitter_card":"summary_large_image","schema":{"@context":"https:\/\/schema.org","@graph":[{"@type":"WebSite","@id":"https:\/\/mediaboard.com\/#website","url":"https:\/\/mediaboard.com\/","name":"Mediaboard.com","description":"Monitoring, anal\u00fdza a m\u011b\u0159en\u00ed m\u00e9di\u00ed nov\u00e9 generace","potentialAction":[{"@type":"SearchAction","target":{"@type":"EntryPoint","urlTemplate":"https:\/\/mediaboard.com\/?s={search_term_string}"},"query-input":"required name=search_term_string"}],"inLanguage":"hr"},{"@type":"ImageObject","@id":"https:\/\/mediaboard.com\/hr\/integration\/#primaryimage","inLanguage":"hr","url":"https:\/\/mediaboard.com\/wp-content\/uploads\/2020\/01\/integrace.jpg","contentUrl":"https:\/\/mediaboard.com\/wp-content\/uploads\/2020\/01\/integrace.jpg","width":885,"height":1579},{"@type":"WebPage","@id":"https:\/\/mediaboard.com\/hr\/integration\/#webpage","url":"https:\/\/mediaboard.com\/hr\/integration\/","name":"Integration of Mediaboard to other apps - Mediaboard.com","isPartOf":{"@id":"https:\/\/mediaboard.com\/#website"},"primaryImageOfPage":{"@id":"https:\/\/mediaboard.com\/hr\/integration\/#primaryimage"},"datePublished":"2020-01-29T13:02:18+00:00","dateModified":"2022-03-10T12:18:49+00:00","breadcrumb":{"@id":"https:\/\/mediaboard.com\/hr\/integration\/#breadcrumb"},"inLanguage":"hr","potentialAction":[{"@type":"ReadAction","target":["https:\/\/mediaboard.com\/hr\/integration\/"]}]},{"@type":"BreadcrumbList","@id":"https:\/\/mediaboard.com\/hr\/integration\/#breadcrumb","itemListElement":[{"@type":"ListItem","position":1,"name":"Home","item":"https:\/\/mediaboard.com\/hr\/"},{"@type":"ListItem","position":2,"name":"Integration of Mediaboard to other apps"}]}]}},"_links":{"self":[{"href":"https:\/\/mediaboard.com\/hr\/wp-json\/wp\/v2\/pages\/8610"}],"collection":[{"href":"https:\/\/mediaboard.com\/hr\/wp-json\/wp\/v2\/pages"}],"about":[{"href":"https:\/\/mediaboard.com\/hr\/wp-json\/wp\/v2\/types\/page"}],"author":[{"embeddable":true,"href":"https:\/\/mediaboard.com\/hr\/wp-json\/wp\/v2\/users\/1"}],"replies":[{"embeddable":true,"href":"https:\/\/mediaboard.com\/hr\/wp-json\/wp\/v2\/comments?post=8610"}],"version-history":[{"count":4,"href":"https:\/\/mediaboard.com\/hr\/wp-json\/wp\/v2\/pages\/8610\/revisions"}],"predecessor-version":[{"id":29143,"href":"https:\/\/mediaboard.com\/hr\/wp-json\/wp\/v2\/pages\/8610\/revisions\/29143"}],"wp:attachment":[{"href":"https:\/\/mediaboard.com\/hr\/wp-json\/wp\/v2\/media?parent=8610"}],"curies":[{"name":"wp","href":"https:\/\/api.w.org\/{rel}","templated":true}]}}