{"id":41549,"date":"2024-05-15T15:52:50","date_gmt":"2024-05-15T13:52:50","guid":{"rendered":"https:\/\/mediaboard.com\/?page_id=41549"},"modified":"2024-05-22T15:22:37","modified_gmt":"2024-05-22T13:22:37","slug":"risk-finance","status":"publish","type":"page","link":"https:\/\/mediaboard.com\/pl\/risk-finance\/","title":{"rendered":"Risk &#038; Finance"},"content":{"rendered":"\t\t<div data-elementor-type=\"wp-page\" data-elementor-id=\"41549\" class=\"elementor elementor-41549 elementor-31871\" data-elementor-settings=\"[]\">\n\t\t\t\t\t\t<div class=\"elementor-inner\">\n\t\t\t\t\t\t\t<div class=\"elementor-section-wrap\">\n\t\t\t\t\t\t\t<section class=\"elementor-section elementor-top-section elementor-element elementor-element-4bcd5de elementor-section-boxed elementor-section-height-default elementor-section-height-default\" data-id=\"4bcd5de\" data-element_type=\"section\">\n\t\t\t\t\t\t<div class=\"elementor-container elementor-column-gap-default\">\n\t\t\t\t\t\t\t<div class=\"elementor-row\">\n\t\t\t\t\t<div class=\"elementor-column elementor-col-100 elementor-top-column elementor-element elementor-element-79ce2a9\" data-id=\"79ce2a9\" data-element_type=\"column\">\n\t\t\t<div class=\"elementor-column-wrap elementor-element-populated\">\n\t\t\t\t\t\t\t<div class=\"elementor-widget-wrap\">\n\t\t\t\t\t\t<div class=\"elementor-element elementor-element-418026c elementor-widget elementor-widget-html\" data-id=\"418026c\" data-element_type=\"widget\" data-widget_type=\"html.default\">\n\t\t\t\t<div class=\"elementor-widget-container\">\n\t\t\t<div class=\"mx-auto mt-18\">\r\n    <h1 class=\"mt-1 text-5.5xl font-bold text-blue-400 text-center\">\r\n    <span class=\"text-base leading-7 font-semibold text-blue-400 uppercase text-center\">MEDIA INTELLIGENCE DLA\r\n    <\/span><br \/>Finans\u00f3w i zarz\u0105dzania ryzykiem\r\n<\/h1>\r\n  <\/div>\r\n  <div class=\"max-w-2xl px-1.5 mx-auto text-center text-lg mt-30\">\r\n    <p class=\"text-lg text-blue-400\">B\u0105d\u017a zawsze na bie\u017c\u0105co z sytuacj\u0105 na rynku. Ogranicz ryzyko i wykorzystaj ka\u017cd\u0105 okazj\u0119 biznesow\u0105.\r\n    <\/p><a href=\"https:\/\/app.mediaboard.com\/sign-up\"\r\n      class=\"i relative group block w-[156px] md:w-[240px] h-11 text-center text-base leading-none font-semibold px-6 py-3.5 whitespace-nowrap rounded-xl bg-blue text-white transition-all duration-300 mt-11 mx-auto\">Wypr\u00f3buj za darmo<\/a>\r\n  <\/div>\t\t<\/div>\n\t\t\t\t<\/div>\n\t\t\t\t<div class=\"elementor-element elementor-element-24ce1a2 elementor-widget elementor-widget-block-with-right-image\" data-id=\"24ce1a2\" data-element_type=\"widget\" data-widget_type=\"block-with-right-image.default\">\n\t\t\t\t<div class=\"elementor-widget-container\">\n\t\t\t<div class='w-full bg-white rounded-base grid lg:grid-rows-1 lg:grid-cols-2 block-with-image-height-auto overflow-hidden shadow-base shadow-base'>\r\n\t\t\t<div class='p-4 md:p-8 flex flex-col justify-between order-2 lg:order-1'>\r\n\t\t\t\t<div>\r\n\t\t\t\t\t\r\n\t\t\t\t\t<h3 class='text-2xl md:text-4.5xl font-semibold text-blue-400'>\r\n\t\t\t\t\t\tDue diligence: kompleksowo i wydajnie\r\n\t\t\t\t\t<\/h3>\r\n\t\t\t\t<\/div>\r\n\t\t\t\t<div>\r\n\t\t\t\t\t<p class='mt-6 md:mt-0 text-sm leading-6 md:text-base md:leading-relaxed2 text-blue-400'>\r\n\t\t\t\t\t\tWykorzystaj aktualne dane z medi\u00f3w, aby zoptymalizowa\u0107 metody weryfikacji kontrahent\u00f3w i inwestycji. B\u0105d\u017a na bie\u017c\u0105co z trendami w bran\u017cy i zmianami przepis\u00f3w.\n\r\n\t\t\t\t\t<\/p>\r\n\t\t\t\t\t<a class='flex items-center text-base font-medium text-blue mt-6' href='https:\/\/app.mediaboard.com\/sign-up'>\r\n\t\t\t\t\tWypr\u00f3buj za darmo\r\n\t\t\t\t\t<svg class='inline-block ml-2 w-4 h-4'>\r\n\t\t\t\t\t\t<use href='https:\/\/mediaboard.com\/wp-content\/themes\/monitora.cz\/assets\/sprite.svg#icon_arrow_right_blue'><\/use>\r\n\t\t\t\t\t<\/svg>\r\n\t\t\t\t<\/a>\r\n\t\t\t\r\n\t\t\t\t<\/div>\r\n\t\t\t<\/div>\r\n\t\t\t<div class='order-1 lg:order-2 relative'>\r\n\t\t\t\t<img width=\"540\" height=\"440\" src=\"https:\/\/mediaboard.com\/wp-content\/uploads\/2023\/09\/u_risk_and_finance_n@2x.png\" class=\"object-cover w-full h-full\" alt=\"\" loading=\"lazy\" srcset=\"https:\/\/mediaboard.com\/wp-content\/uploads\/2023\/09\/u_risk_and_finance_n@2x.png 1080w, https:\/\/mediaboard.com\/wp-content\/uploads\/2023\/09\/u_risk_and_finance_n@2x-300x244.png 300w, https:\/\/mediaboard.com\/wp-content\/uploads\/2023\/09\/u_risk_and_finance_n@2x-1024x834.png 1024w, https:\/\/mediaboard.com\/wp-content\/uploads\/2023\/09\/u_risk_and_finance_n@2x-768x626.png 768w, https:\/\/mediaboard.com\/wp-content\/uploads\/2023\/09\/u_risk_and_finance_n@2x-24x20.png 24w, https:\/\/mediaboard.com\/wp-content\/uploads\/2023\/09\/u_risk_and_finance_n@2x-36x29.png 36w, https:\/\/mediaboard.com\/wp-content\/uploads\/2023\/09\/u_risk_and_finance_n@2x-48x39.png 48w\" sizes=\"(max-width: 540px) 100vw, 540px\" \/>\r\n\t\t\t<\/div>\r\n\t\t<\/div>\t\t<\/div>\n\t\t\t\t<\/div>\n\t\t\t\t\t\t<\/div>\n\t\t\t\t\t<\/div>\n\t\t<\/div>\n\t\t\t\t\t\t\t\t<\/div>\n\t\t\t\t\t<\/div>\n\t\t<\/section>\n\t\t\t\t<section class=\"elementor-section elementor-top-section elementor-element elementor-element-cf0019c elementor-section-boxed elementor-section-height-default elementor-section-height-default\" data-id=\"cf0019c\" data-element_type=\"section\">\n\t\t\t\t\t\t<div class=\"elementor-container elementor-column-gap-default\">\n\t\t\t\t\t\t\t<div class=\"elementor-row\">\n\t\t\t\t\t<div class=\"elementor-column elementor-col-100 elementor-top-column elementor-element elementor-element-65e790d\" data-id=\"65e790d\" data-element_type=\"column\">\n\t\t\t<div class=\"elementor-column-wrap elementor-element-populated\">\n\t\t\t\t\t\t\t<div class=\"elementor-widget-wrap\">\n\t\t\t\t\t\t<div class=\"elementor-element elementor-element-f669c67 elementor-widget elementor-widget-section-heading\" data-id=\"f669c67\" data-element_type=\"widget\" data-widget_type=\"section-heading.default\">\n\t\t\t\t<div class=\"elementor-widget-container\">\n\t\t\t<div>\r\n\t\t<h2 class='text-base font-bold text-blue text-center'>\r\n\t\t\t<span class='uppercase'>\r\n\t\t\t\t \r\n\t\t\t<\/span>\r\n\t\t\t<br \/>\r\n\t\t\t<span class=' text-4xl leading-none font-semibold md:text-6xl md:leading-relaxed-minus md:font-medium text-blue-400 text-center'>\r\n\t\t\t\tDlaczego akurat Mediaboard?\r\n\t\t\t<\/span>\r\n\t\t<\/h2>\r\n\t<\/div>\t\t<\/div>\n\t\t\t\t<\/div>\n\t\t\t\t\t\t<\/div>\n\t\t\t\t\t<\/div>\n\t\t<\/div>\n\t\t\t\t\t\t\t\t<\/div>\n\t\t\t\t\t<\/div>\n\t\t<\/section>\n\t\t\t\t<section class=\"elementor-section elementor-top-section elementor-element elementor-element-ba80ea5 elementor-section-boxed elementor-section-height-default elementor-section-height-default\" data-id=\"ba80ea5\" data-element_type=\"section\">\n\t\t\t\t\t\t<div class=\"elementor-container elementor-column-gap-default\">\n\t\t\t\t\t\t\t<div class=\"elementor-row\">\n\t\t\t\t\t<div class=\"elementor-column elementor-col-100 elementor-top-column elementor-element elementor-element-0a5f208\" data-id=\"0a5f208\" data-element_type=\"column\">\n\t\t\t<div class=\"elementor-column-wrap elementor-element-populated\">\n\t\t\t\t\t\t\t<div class=\"elementor-widget-wrap\">\n\t\t\t\t\t\t<div class=\"elementor-element elementor-element-59e145d elementor-widget elementor-widget-boxes-with-tag\" data-id=\"59e145d\" data-element_type=\"widget\" data-widget_type=\"boxes-with-tag.default\">\n\t\t\t\t<div class=\"elementor-widget-container\">\n\t\t\t<div class='grid lg:grid-cols-2 gap-6 mt-14'>\r\n\t\t<div\r\n\t\t\tclass='shadow-base bg-white rounded-base overflow-hidden h-[336px] px-6 py-9 flex flex-col justify-between relative'>\r\n\t\t\t<div class='absolute top-0 w-14 h-4 bg-blue rounded-b-sm'>\r\n\t\t\t<\/div>\r\n\t\t\t<div><h4 class='text-2xl leading-none font-semibold text-blue-400'>Jeszcze dok\u0142adniejsze due diligence<\/h4><\/div>\r\n\t\t\t<div class='flex flex-col'>\r\n\t\t\t\t<div>\r\n\t\t<p class='text-sm leading-6 text-blue-400'>Wykorzystaj rozbudowan\u0105 baz\u0119 tytu\u0142\u00f3w monitorowanych w Mediaboard, aby przeprowadzi\u0107 szczeg\u00f3\u0142ow\u0105 kontrol\u0119 firm, os\u00f3b i inwestycji. Podejmuj \u015bwiadome i bezpieczne decyzje oparte na danych historycznych i najnowszych informacjach aktualizowanych w czasie rzeczywistym.\n<\/p>\r\n\t<\/div>\r\n\t\t\t\t\r\n\t\t\t<\/div>\r\n\t\t<\/div>\r\n\t\t<div\r\n\t\t\tclass='shadow-base bg-white rounded-base overflow-hidden h-[336px] px-6 py-9 flex flex-col justify-between relative'>\r\n\t\t\t<div class='absolute top-0 w-14 h-4 bg-green rounded-b-sm'>\r\n\t\t\t<\/div>\r\n\t\t\t<div><h4 class='text-2xl leading-none font-semibold text-blue-400'>Ocena ryzyka<\/h4><\/div>\r\n\t\t\t<div class='flex flex-col'>\r\n\t\t\t\t<div>\r\n\t\t<p class='mt-22 text-sm leading-6 text-blue-400'>Monitorowanie medi\u00f3w w Mediaboard zapewni Ci doskona\u0142\u0105 orientacj\u0119 na wybranym rynku. Monitorujemy wiadomo\u015bci z prasy, TV i medi\u00f3w cyfrowych, zmiany w przepisach i trendy bran\u017cowe. Wykorzystaj uzyskan\u0105 wiedz\u0119 do kompleksowej oceny ryzyka i aktywnie mu zapobiegaj.<\/p>\r\n\t<\/div>\r\n\t\t\t\t\r\n\t\t\t<\/div>\r\n\t\t<\/div>\r\n\t\t\r\n\t\t\r\n\t<\/div>\t\t<\/div>\n\t\t\t\t<\/div>\n\t\t\t\t\t\t<\/div>\n\t\t\t\t\t<\/div>\n\t\t<\/div>\n\t\t\t\t\t\t\t\t<\/div>\n\t\t\t\t\t<\/div>\n\t\t<\/section>\n\t\t\t\t<section class=\"elementor-section elementor-top-section elementor-element elementor-element-455ffc2 elementor-section-boxed elementor-section-height-default elementor-section-height-default\" data-id=\"455ffc2\" data-element_type=\"section\">\n\t\t\t\t\t\t<div class=\"elementor-container elementor-column-gap-default\">\n\t\t\t\t\t\t\t<div class=\"elementor-row\">\n\t\t\t\t\t<div class=\"elementor-column elementor-col-100 elementor-top-column elementor-element elementor-element-dd09c38\" data-id=\"dd09c38\" data-element_type=\"column\">\n\t\t\t<div class=\"elementor-column-wrap elementor-element-populated\">\n\t\t\t\t\t\t\t<div class=\"elementor-widget-wrap\">\n\t\t\t\t\t\t<div class=\"elementor-element elementor-element-bc406c6 elementor-widget elementor-widget-button\" data-id=\"bc406c6\" data-element_type=\"widget\" data-widget_type=\"button.default\">\n\t\t\t\t<div class=\"elementor-widget-container\">\n\t\t\t<a href=\"https:\/\/app.mediaboard.com\/sign-up\" class=\"i relative group block w-[156px] md:w-[240px] h-11 text-center text-base leading-none font-semibold px-6 py-3.5 whitespace-nowrap rounded-xl bg-blue text-white transition-all duration-300 mx-auto\">Wypr\u00f3buj za darmo<\/a>\t\t<\/div>\n\t\t\t\t<\/div>\n\t\t\t\t<div class=\"elementor-element elementor-element-6767e3f elementor-widget elementor-widget-html\" data-id=\"6767e3f\" data-element_type=\"widget\" data-widget_type=\"html.default\">\n\t\t\t\t<div class=\"elementor-widget-container\">\n\t\t\t<div class=\"mt-26\">\r\n  <div class=\"w-full bg-white rounded-base grid lg:grid-rows-1 lg:grid-cols-2 lg:h-[518px] overflow-hidden shadow-base\">\r\n    <div class=\"\"><img loading=\"lazy\" src=\"https:\/\/mediaboard.com\/wp-content\/themes\/monitora.cz\/assets\/coca_cola_ref_photo.png\" width=\"540\" height=\"440\" alt=\"video\"\r\n        class=\"object-cover w-full h-full\" \/><\/div>\r\n    <div class=\"p-4 md:p-8 flex flex-col justify-between\">\r\n      <div><img loading=\"lazy\" src=\"https:\/\/mediaboard.com\/wp-content\/themes\/monitora.cz\/assets\/references_logos\/coca_cola_red.svg\" width=\"98\" height=\"32\" alt=\"coca_cola\"  class=\"logo-c\" \/>\r\n        <p class=\"text-base leading-5 text-blue-400 mt-4\">\u201eCodzienne monitorowanie medi\u00f3w, skuteczne anga\u017cowanie dziennikarzy i kompleksowe analizy to dla nas narz\u0119dzia optymalizacji dzia\u0142a\u0144 PR, bez kt\u00f3rych nie wyobra\u017camy ju\u017c sobie naszej pracy.\u201d\r\n        <\/p>\r\n      <\/div>\r\n      <div>\r\n        <div class=\"flex items-center border-b border-b-blue-400 border-opacity-10 py-7\"><strong\r\n            class=\"text-2xl md:text-4.5xl font-semibold text-blue-400 md:mr-11\" style=\"width: 75px;\">2,3\u00d7<\/strong>\r\n          <p class=\"font-medium text-base leading-5 text-blue-400\">wi\u0119cej wychwyconych wzmianek o marce online i w mediach spo\u0142eczno\u015bciowych\r\n          <\/p>\r\n        <\/div>\r\n        <div class=\"flex items-center border-b border-b-blue-400 border-opacity-10 py-7\"><strong\r\n            class=\"text-2xl md:text-4.5xl font-semibold text-blue-400 md:mr-11\" style=\"width: 75px;\">19%<\/strong>\r\n          <p class=\"font-medium text-base leading-5 text-blue-400\">rni\u017csze koszty monitoringu medi\u00f3w\r\n          <\/p>\r\n        <\/div>\r\n        <div class=\"flex items-center pt-7 pb-7 lg:pb-0\"><strong\r\n            class=\"text-2xl md:text-4.5xl font-semibold text-blue-400 md:mr-11\" style=\"width: 75px;\">1,5\u00d7<\/strong>\r\n          <p class=\"font-medium text-base leading-5 text-blue-400\">szybsza reakcja na kryzys medialny<\/p>\r\n        <\/div>\r\n        <div class=\"text-xxs opacity-40 text-blue-400 mt-4\">The numbers are based on measurements among Mediaboard clients.<\/div>\r\n      <\/div>\r\n    <\/div>\r\n  <\/div>\r\n<\/div>\t\t<\/div>\n\t\t\t\t<\/div>\n\t\t\t\t\t\t<\/div>\n\t\t\t\t\t<\/div>\n\t\t<\/div>\n\t\t\t\t\t\t\t\t<\/div>\n\t\t\t\t\t<\/div>\n\t\t<\/section>\n\t\t\t\t<section class=\"elementor-section elementor-top-section elementor-element elementor-element-d237cbf elementor-section-boxed elementor-section-height-default elementor-section-height-default\" data-id=\"d237cbf\" data-element_type=\"section\">\n\t\t\t\t\t\t<div class=\"elementor-container elementor-column-gap-default\">\n\t\t\t\t\t\t\t<div class=\"elementor-row\">\n\t\t\t\t\t<div class=\"elementor-column elementor-col-100 elementor-top-column elementor-element elementor-element-03db132\" data-id=\"03db132\" data-element_type=\"column\">\n\t\t\t<div class=\"elementor-column-wrap elementor-element-populated\">\n\t\t\t\t\t\t\t<div class=\"elementor-widget-wrap\">\n\t\t\t\t\t\t<div class=\"elementor-element elementor-element-56a4f01 elementor-widget elementor-widget-button\" data-id=\"56a4f01\" data-element_type=\"widget\" data-widget_type=\"button.default\">\n\t\t\t\t<div class=\"elementor-widget-container\">\n\t\t\t<a href=\"https:\/\/app.mediaboard.com\/sign-up\" class=\"i relative group block w-[156px] md:w-[240px] h-11 text-center text-base leading-none font-semibold px-6 py-3.5 whitespace-nowrap rounded-xl bg-blue text-white transition-all duration-300 mx-auto\">Wypr\u00f3buj za darmo<\/a>\t\t<\/div>\n\t\t\t\t<\/div>\n\t\t\t\t<div class=\"elementor-element elementor-element-520950b elementor-widget elementor-widget-section-heading\" data-id=\"520950b\" data-element_type=\"widget\" data-widget_type=\"section-heading.default\">\n\t\t\t\t<div class=\"elementor-widget-container\">\n\t\t\t<div>\r\n\t\t<h2 class='text-base font-bold text-blue text-center'>\r\n\t\t\t<span class='uppercase'>\r\n\t\t\t\tDO\u0141\u0104CZ DO\r\n\t\t\t<\/span>\r\n\t\t\t<br \/>\r\n\t\t\t<span class=' text-4xl leading-none font-semibold md:text-6xl md:leading-relaxed-minus md:font-medium text-blue-400 text-center'>\r\n\t\t\t\tnaszych klient\u00f3w\r\n\t\t\t<\/span>\r\n\t\t<\/h2>\r\n\t<\/div>\t\t<\/div>\n\t\t\t\t<\/div>\n\t\t\t\t<div class=\"elementor-element elementor-element-0963a5b elementor-widget elementor-widget-Customers\" data-id=\"0963a5b\" data-element_type=\"widget\" data-widget_type=\"Customers.default\">\n\t\t\t\t<div class=\"elementor-widget-container\">\n\t\t\t<div class='mx-4 flex flex-row flex-wrap items-center justify-center gap-6 mt-5' style='max-width: 650px; margin: 0 auto;'>\r\n\t\t\t<img src='https:\/\/mediaboard.com\/wp-content\/themes\/monitora.cz\/assets\/references_logos\/samsung.svg' width='107' height='17' alt='samsung' \/>\r\n\t\t\t<img src='https:\/\/mediaboard.com\/wp-content\/themes\/monitora.cz\/assets\/references_logos\/hyundai.svg' width='168' height='24' alt='hyundai' \/>\r\n\t\t\t<img src='https:\/\/mediaboard.com\/wp-content\/themes\/monitora.cz\/assets\/references_logos\/hbo.svg' width='58' height='24' alt='hbo' \/>\r\n\t\t\t<img src='https:\/\/mediaboard.com\/wp-content\/themes\/monitora.cz\/assets\/references_logos\/coca_cola_hbc.svg' width='127' height='40' alt='coca_cola' \/>\r\n\t\t\t<img src='https:\/\/mediaboard.com\/wp-content\/themes\/monitora.cz\/assets\/references_logos\/deloitte.svg' width='90' height='17' alt='deloitte' \/>\r\n\t\t<\/div>\t\t<\/div>\n\t\t\t\t<\/div>\n\t\t\t\t\t\t<\/div>\n\t\t\t\t\t<\/div>\n\t\t<\/div>\n\t\t\t\t\t\t\t\t<\/div>\n\t\t\t\t\t<\/div>\n\t\t<\/section>\n\t\t\t\t<section class=\"elementor-section elementor-top-section elementor-element elementor-element-f439053 elementor-section-boxed elementor-section-height-default elementor-section-height-default\" data-id=\"f439053\" data-element_type=\"section\">\n\t\t\t\t\t\t<div class=\"elementor-container elementor-column-gap-default\">\n\t\t\t\t\t\t\t<div class=\"elementor-row\">\n\t\t\t\t\t<div class=\"elementor-column elementor-col-100 elementor-top-column elementor-element elementor-element-96de1f8\" data-id=\"96de1f8\" data-element_type=\"column\">\n\t\t\t<div class=\"elementor-column-wrap elementor-element-populated\">\n\t\t\t\t\t\t\t<div class=\"elementor-widget-wrap\">\n\t\t\t\t\t\t<div class=\"elementor-element elementor-element-f38daf2 elementor-widget elementor-widget-spacer\" data-id=\"f38daf2\" data-element_type=\"widget\" data-widget_type=\"spacer.default\">\n\t\t\t\t<div class=\"elementor-widget-container\">\n\t\t\t\t\t<div class=\"elementor-spacer\">\n\t\t\t<div class=\"elementor-spacer-inner\"><\/div>\n\t\t<\/div>\n\t\t\t\t<\/div>\n\t\t\t\t<\/div>\n\t\t\t\t\t\t<\/div>\n\t\t\t\t\t<\/div>\n\t\t<\/div>\n\t\t\t\t\t\t\t\t<\/div>\n\t\t\t\t\t<\/div>\n\t\t<\/section>\n\t\t\t\t\t\t<\/div>\n\t\t\t\t\t\t<\/div>\n\t\t\t\t\t<\/div>\n\t\t","protected":false},"excerpt":{"rendered":"<p>MEDIA INTELLIGENCE DLA Finans\u00f3w i zarz\u0105dzania ryzykiem B\u0105d\u017a zawsze na bie\u017c\u0105co z sytuacj\u0105 na rynku. Ogranicz ryzyko i wykorzystaj ka\u017cd\u0105&#8230;<\/p>\n","protected":false},"author":14,"featured_media":0,"parent":0,"menu_order":0,"comment_status":"closed","ping_status":"closed","template":"page-new-usecase.php","meta":[],"acf":[],"yoast_head":"<!-- This site is optimized with the Yoast SEO plugin v18.2 - https:\/\/yoast.com\/wordpress\/plugins\/seo\/ -->\n<meta name=\"description\" content=\"B\u0105d\u017a zawsze na bie\u017c\u0105co z sytuacj\u0105 na rynku. Ogranicz ryzyko i wykorzystaj ka\u017cd\u0105 okazj\u0119 biznesow\u0105.\" \/>\n<meta name=\"robots\" content=\"index, follow, max-snippet:-1, max-image-preview:large, max-video-preview:-1\" \/>\n<link rel=\"canonical\" href=\"https:\/\/mediaboard.com\/pl\/risk-finance\/\" \/>\n<meta property=\"og:locale\" content=\"pl_PL\" \/>\n<meta property=\"og:type\" content=\"article\" \/>\n<meta property=\"og:title\" content=\"Risk &amp; Finance - Mediaboard\" \/>\n<meta property=\"og:description\" content=\"B\u0105d\u017a zawsze na bie\u017c\u0105co z sytuacj\u0105 na rynku. Ogranicz ryzyko i wykorzystaj ka\u017cd\u0105 okazj\u0119 biznesow\u0105.\" \/>\n<meta property=\"og:url\" content=\"https:\/\/mediaboard.com\/pl\/risk-finance\/\" \/>\n<meta property=\"og:site_name\" content=\"Mediaboard.com\" \/>\n<meta property=\"article:modified_time\" content=\"2024-05-22T13:22:37+00:00\" \/>\n<meta property=\"og:image\" content=\"https:\/\/mediaboard.com\/wp-content\/uploads\/2025\/04\/Mediaboard-2.jpg\" \/>\n<meta name=\"twitter:card\" content=\"summary_large_image\" \/>\n<meta name=\"twitter:label1\" content=\"Szacowany czas czytania\" \/>\n\t<meta name=\"twitter:data1\" content=\"3 minuty\" \/>\n<script type=\"application\/ld+json\" class=\"yoast-schema-graph\">{\"@context\":\"https:\/\/schema.org\",\"@graph\":[{\"@type\":\"WebSite\",\"@id\":\"https:\/\/mediaboard.com\/#website\",\"url\":\"https:\/\/mediaboard.com\/\",\"name\":\"Mediaboard.com\",\"description\":\"Monitoring, anal\u00fdza a m\u011b\u0159en\u00ed m\u00e9di\u00ed nov\u00e9 generace\",\"potentialAction\":[{\"@type\":\"SearchAction\",\"target\":{\"@type\":\"EntryPoint\",\"urlTemplate\":\"https:\/\/mediaboard.com\/?s={search_term_string}\"},\"query-input\":\"required name=search_term_string\"}],\"inLanguage\":\"pl-PL\"},{\"@type\":\"ImageObject\",\"@id\":\"https:\/\/mediaboard.com\/pl\/risk-finance\/#primaryimage\",\"inLanguage\":\"pl-PL\",\"url\":\"https:\/\/mediaboard.com\/wp-content\/uploads\/2023\/09\/u_risk_and_finance_n@2x.png\",\"contentUrl\":\"https:\/\/mediaboard.com\/wp-content\/uploads\/2023\/09\/u_risk_and_finance_n@2x.png\",\"width\":1080,\"height\":880},{\"@type\":\"WebPage\",\"@id\":\"https:\/\/mediaboard.com\/pl\/risk-finance\/#webpage\",\"url\":\"https:\/\/mediaboard.com\/pl\/risk-finance\/\",\"name\":\"Risk & Finance - Mediaboard\",\"isPartOf\":{\"@id\":\"https:\/\/mediaboard.com\/#website\"},\"primaryImageOfPage\":{\"@id\":\"https:\/\/mediaboard.com\/pl\/risk-finance\/#primaryimage\"},\"datePublished\":\"2024-05-15T13:52:50+00:00\",\"dateModified\":\"2024-05-22T13:22:37+00:00\",\"description\":\"B\u0105d\u017a zawsze na bie\u017c\u0105co z sytuacj\u0105 na rynku. Ogranicz ryzyko i wykorzystaj ka\u017cd\u0105 okazj\u0119 biznesow\u0105.\",\"breadcrumb\":{\"@id\":\"https:\/\/mediaboard.com\/pl\/risk-finance\/#breadcrumb\"},\"inLanguage\":\"pl-PL\",\"potentialAction\":[{\"@type\":\"ReadAction\",\"target\":[\"https:\/\/mediaboard.com\/pl\/risk-finance\/\"]}]},{\"@type\":\"BreadcrumbList\",\"@id\":\"https:\/\/mediaboard.com\/pl\/risk-finance\/#breadcrumb\",\"itemListElement\":[{\"@type\":\"ListItem\",\"position\":1,\"name\":\"Home\",\"item\":\"https:\/\/mediaboard.com\/pl\/\"},{\"@type\":\"ListItem\",\"position\":2,\"name\":\"Risk &#038; Finance\"}]}]}<\/script>\n<!-- \/ Yoast SEO plugin. -->","yoast_head_json":{"description":"B\u0105d\u017a zawsze na bie\u017c\u0105co z sytuacj\u0105 na rynku. Ogranicz ryzyko i wykorzystaj ka\u017cd\u0105 okazj\u0119 biznesow\u0105.","robots":{"index":"index","follow":"follow","max-snippet":"max-snippet:-1","max-image-preview":"max-image-preview:large","max-video-preview":"max-video-preview:-1"},"canonical":"https:\/\/mediaboard.com\/pl\/risk-finance\/","og_locale":"pl_PL","og_type":"article","og_title":"Risk & Finance - Mediaboard","og_description":"B\u0105d\u017a zawsze na bie\u017c\u0105co z sytuacj\u0105 na rynku. Ogranicz ryzyko i wykorzystaj ka\u017cd\u0105 okazj\u0119 biznesow\u0105.","og_url":"https:\/\/mediaboard.com\/pl\/risk-finance\/","og_site_name":"Mediaboard.com","article_modified_time":"2024-05-22T13:22:37+00:00","og_image":[{"url":"https:\/\/mediaboard.com\/wp-content\/uploads\/2025\/04\/Mediaboard-2.jpg"}],"twitter_card":"summary_large_image","twitter_misc":{"Szacowany czas czytania":"3 minuty"},"schema":{"@context":"https:\/\/schema.org","@graph":[{"@type":"WebSite","@id":"https:\/\/mediaboard.com\/#website","url":"https:\/\/mediaboard.com\/","name":"Mediaboard.com","description":"Monitoring, anal\u00fdza a m\u011b\u0159en\u00ed m\u00e9di\u00ed nov\u00e9 generace","potentialAction":[{"@type":"SearchAction","target":{"@type":"EntryPoint","urlTemplate":"https:\/\/mediaboard.com\/?s={search_term_string}"},"query-input":"required name=search_term_string"}],"inLanguage":"pl-PL"},{"@type":"ImageObject","@id":"https:\/\/mediaboard.com\/pl\/risk-finance\/#primaryimage","inLanguage":"pl-PL","url":"https:\/\/mediaboard.com\/wp-content\/uploads\/2023\/09\/u_risk_and_finance_n@2x.png","contentUrl":"https:\/\/mediaboard.com\/wp-content\/uploads\/2023\/09\/u_risk_and_finance_n@2x.png","width":1080,"height":880},{"@type":"WebPage","@id":"https:\/\/mediaboard.com\/pl\/risk-finance\/#webpage","url":"https:\/\/mediaboard.com\/pl\/risk-finance\/","name":"Risk & Finance - Mediaboard","isPartOf":{"@id":"https:\/\/mediaboard.com\/#website"},"primaryImageOfPage":{"@id":"https:\/\/mediaboard.com\/pl\/risk-finance\/#primaryimage"},"datePublished":"2024-05-15T13:52:50+00:00","dateModified":"2024-05-22T13:22:37+00:00","description":"B\u0105d\u017a zawsze na bie\u017c\u0105co z sytuacj\u0105 na rynku. Ogranicz ryzyko i wykorzystaj ka\u017cd\u0105 okazj\u0119 biznesow\u0105.","breadcrumb":{"@id":"https:\/\/mediaboard.com\/pl\/risk-finance\/#breadcrumb"},"inLanguage":"pl-PL","potentialAction":[{"@type":"ReadAction","target":["https:\/\/mediaboard.com\/pl\/risk-finance\/"]}]},{"@type":"BreadcrumbList","@id":"https:\/\/mediaboard.com\/pl\/risk-finance\/#breadcrumb","itemListElement":[{"@type":"ListItem","position":1,"name":"Home","item":"https:\/\/mediaboard.com\/pl\/"},{"@type":"ListItem","position":2,"name":"Risk &#038; Finance"}]}]}},"_links":{"self":[{"href":"https:\/\/mediaboard.com\/pl\/wp-json\/wp\/v2\/pages\/41549"}],"collection":[{"href":"https:\/\/mediaboard.com\/pl\/wp-json\/wp\/v2\/pages"}],"about":[{"href":"https:\/\/mediaboard.com\/pl\/wp-json\/wp\/v2\/types\/page"}],"author":[{"embeddable":true,"href":"https:\/\/mediaboard.com\/pl\/wp-json\/wp\/v2\/users\/14"}],"replies":[{"embeddable":true,"href":"https:\/\/mediaboard.com\/pl\/wp-json\/wp\/v2\/comments?post=41549"}],"version-history":[{"count":4,"href":"https:\/\/mediaboard.com\/pl\/wp-json\/wp\/v2\/pages\/41549\/revisions"}],"predecessor-version":[{"id":41730,"href":"https:\/\/mediaboard.com\/pl\/wp-json\/wp\/v2\/pages\/41549\/revisions\/41730"}],"wp:attachment":[{"href":"https:\/\/mediaboard.com\/pl\/wp-json\/wp\/v2\/media?parent=41549"}],"curies":[{"name":"wp","href":"https:\/\/api.w.org\/{rel}","templated":true}]}}