{"id":41558,"date":"2024-05-15T16:06:17","date_gmt":"2024-05-15T14:06:17","guid":{"rendered":"https:\/\/mediaboard.com\/?page_id=41558"},"modified":"2024-05-22T15:25:10","modified_gmt":"2024-05-22T13:25:10","slug":"dzial-sprzedazy","status":"publish","type":"page","link":"https:\/\/mediaboard.com\/pl\/dzial-sprzedazy\/","title":{"rendered":"Dzia\u0142 sprzeda\u017cy"},"content":{"rendered":"\t\t<div data-elementor-type=\"wp-page\" data-elementor-id=\"41558\" class=\"elementor elementor-41558 elementor-31873\" data-elementor-settings=\"[]\">\n\t\t\t\t\t\t<div class=\"elementor-inner\">\n\t\t\t\t\t\t\t<div class=\"elementor-section-wrap\">\n\t\t\t\t\t\t\t<section class=\"elementor-section elementor-top-section elementor-element elementor-element-4bcd5de elementor-section-boxed elementor-section-height-default elementor-section-height-default\" data-id=\"4bcd5de\" data-element_type=\"section\">\n\t\t\t\t\t\t<div class=\"elementor-container elementor-column-gap-default\">\n\t\t\t\t\t\t\t<div class=\"elementor-row\">\n\t\t\t\t\t<div class=\"elementor-column elementor-col-100 elementor-top-column elementor-element elementor-element-79ce2a9\" data-id=\"79ce2a9\" data-element_type=\"column\">\n\t\t\t<div class=\"elementor-column-wrap elementor-element-populated\">\n\t\t\t\t\t\t\t<div class=\"elementor-widget-wrap\">\n\t\t\t\t\t\t<div class=\"elementor-element elementor-element-418026c elementor-widget elementor-widget-html\" data-id=\"418026c\" data-element_type=\"widget\" data-widget_type=\"html.default\">\n\t\t\t\t<div class=\"elementor-widget-container\">\n\t\t\t<div class=\"mx-auto mt-18\">\r\n    <h1 class=\"mt-1 text-5.5xl font-bold text-blue-400 text-center\"><span class=\"text-base leading-7 font-semibold text-blue-400 uppercase text-center\">MEDIA INTELLIGENCE DLA\r\n    <\/span><br \/>\r\n    Dzia\u0142\u00f3w sprzeda\u017cy\r\n    <\/h1>\r\n  <\/div>\r\n  <div class=\"max-w-2xl px-1.5 mx-auto text-center text-lg mt-30\">\r\n    <p class=\"text-lg text-blue-400\">Informacje i statystyki z medi\u00f3w, kt\u00f3re pomog\u0105 Ci rozwin\u0105\u0107 biznes.\r\n    <\/p><a href=\"https:\/\/app.mediaboard.com\/sign-up\"\r\n      class=\"i relative group block w-[156px] md:w-[240px] h-11 text-center text-base leading-none font-semibold px-6 py-3.5 whitespace-nowrap rounded-xl bg-blue text-white transition-all duration-300 mt-11 mx-auto\">Wypr\u00f3buj za darmo<\/a>\r\n  <\/div>\t\t<\/div>\n\t\t\t\t<\/div>\n\t\t\t\t<div class=\"elementor-element elementor-element-24ce1a2 elementor-widget elementor-widget-block-with-right-image\" data-id=\"24ce1a2\" data-element_type=\"widget\" data-widget_type=\"block-with-right-image.default\">\n\t\t\t\t<div class=\"elementor-widget-container\">\n\t\t\t<div class='w-full bg-white rounded-base grid lg:grid-rows-1 lg:grid-cols-2 block-with-image-height-auto overflow-hidden shadow-base shadow-base'>\r\n\t\t\t<div class='p-4 md:p-8 flex flex-col justify-between order-2 lg:order-1'>\r\n\t\t\t\t<div>\r\n\t\t\t\t\t\r\n\t\t\t\t\t<h3 class='text-2xl md:text-4.5xl font-semibold text-blue-400'>\r\n\t\t\t\t\t\tWykorzystaj moc danych, aby zwi\u0119kszy\u0107 sprzeda\u017c\r\n\t\t\t\t\t<\/h3>\r\n\t\t\t\t<\/div>\r\n\t\t\t\t<div>\r\n\t\t\t\t\t<p class='mt-6 md:mt-0 text-sm leading-6 md:text-base md:leading-relaxed2 text-blue-400'>\r\n\t\t\t\t\t\tOprzyj swoj\u0105 strategi\u0119 sprzeda\u017cow\u0105 na twardych danych, a nie intuicjach. Przyspiesz rozw\u00f3j marki i zmaksymalizuj zyski dzi\u0119ki informacjom z Mediaboard. Aplikacja pomo\u017ce Ci pozna\u0107 i zrozumie\u0107 najwa\u017cniejsze wydarzenia na rynku oraz \u015bledzi\u0107 poczynania lider\u00f3w w bran\u017cy i konkurencji.\r\n\t\t\t\t\t<\/p>\r\n\t\t\t\t\t<a class='flex items-center text-base font-medium text-blue mt-6' href='https:\/\/app.mediaboard.com\/sign-up'>\r\n\t\t\t\t\tWypr\u00f3buj za darmo\r\n\t\t\t\t\t<svg class='inline-block ml-2 w-4 h-4'>\r\n\t\t\t\t\t\t<use href='https:\/\/mediaboard.com\/wp-content\/themes\/monitora.cz\/assets\/sprite.svg#icon_arrow_right_blue'><\/use>\r\n\t\t\t\t\t<\/svg>\r\n\t\t\t\t<\/a>\r\n\t\t\t\r\n\t\t\t\t<\/div>\r\n\t\t\t<\/div>\r\n\t\t\t<div class='order-1 lg:order-2 relative'>\r\n\t\t\t\t<img width=\"540\" height=\"440\" src=\"https:\/\/mediaboard.com\/wp-content\/uploads\/2023\/09\/u_sales_n@2x.png\" class=\"object-cover w-full h-full\" alt=\"\" loading=\"lazy\" srcset=\"https:\/\/mediaboard.com\/wp-content\/uploads\/2023\/09\/u_sales_n@2x.png 1080w, https:\/\/mediaboard.com\/wp-content\/uploads\/2023\/09\/u_sales_n@2x-300x244.png 300w, https:\/\/mediaboard.com\/wp-content\/uploads\/2023\/09\/u_sales_n@2x-1024x834.png 1024w, https:\/\/mediaboard.com\/wp-content\/uploads\/2023\/09\/u_sales_n@2x-768x626.png 768w, https:\/\/mediaboard.com\/wp-content\/uploads\/2023\/09\/u_sales_n@2x-24x20.png 24w, https:\/\/mediaboard.com\/wp-content\/uploads\/2023\/09\/u_sales_n@2x-36x29.png 36w, https:\/\/mediaboard.com\/wp-content\/uploads\/2023\/09\/u_sales_n@2x-48x39.png 48w\" sizes=\"(max-width: 540px) 100vw, 540px\" \/>\r\n\t\t\t<\/div>\r\n\t\t<\/div>\t\t<\/div>\n\t\t\t\t<\/div>\n\t\t\t\t\t\t<\/div>\n\t\t\t\t\t<\/div>\n\t\t<\/div>\n\t\t\t\t\t\t\t\t<\/div>\n\t\t\t\t\t<\/div>\n\t\t<\/section>\n\t\t\t\t<section class=\"elementor-section elementor-top-section elementor-element elementor-element-cf0019c elementor-section-boxed elementor-section-height-default elementor-section-height-default\" data-id=\"cf0019c\" data-element_type=\"section\">\n\t\t\t\t\t\t<div class=\"elementor-container elementor-column-gap-default\">\n\t\t\t\t\t\t\t<div class=\"elementor-row\">\n\t\t\t\t\t<div class=\"elementor-column elementor-col-100 elementor-top-column elementor-element elementor-element-65e790d\" data-id=\"65e790d\" data-element_type=\"column\">\n\t\t\t<div class=\"elementor-column-wrap elementor-element-populated\">\n\t\t\t\t\t\t\t<div class=\"elementor-widget-wrap\">\n\t\t\t\t\t\t<div class=\"elementor-element elementor-element-f669c67 elementor-widget elementor-widget-section-heading\" data-id=\"f669c67\" data-element_type=\"widget\" data-widget_type=\"section-heading.default\">\n\t\t\t\t<div class=\"elementor-widget-container\">\n\t\t\t<div>\r\n\t\t<h2 class='text-base font-bold text-blue text-center'>\r\n\t\t\t<span class='uppercase'>\r\n\t\t\t\t \r\n\t\t\t<\/span>\r\n\t\t\t<br \/>\r\n\t\t\t<span class=' text-4xl leading-none font-semibold md:text-6xl md:leading-relaxed-minus md:font-medium text-blue-400 text-center'>\r\n\t\t\t\tDlaczego akurat Mediaboard?\r\n\t\t\t<\/span>\r\n\t\t<\/h2>\r\n\t<\/div>\t\t<\/div>\n\t\t\t\t<\/div>\n\t\t\t\t\t\t<\/div>\n\t\t\t\t\t<\/div>\n\t\t<\/div>\n\t\t\t\t\t\t\t\t<\/div>\n\t\t\t\t\t<\/div>\n\t\t<\/section>\n\t\t\t\t<section class=\"elementor-section elementor-top-section elementor-element elementor-element-ba80ea5 elementor-section-boxed elementor-section-height-default elementor-section-height-default\" data-id=\"ba80ea5\" data-element_type=\"section\">\n\t\t\t\t\t\t<div class=\"elementor-container elementor-column-gap-default\">\n\t\t\t\t\t\t\t<div class=\"elementor-row\">\n\t\t\t\t\t<div class=\"elementor-column elementor-col-100 elementor-top-column elementor-element elementor-element-0a5f208\" data-id=\"0a5f208\" data-element_type=\"column\">\n\t\t\t<div class=\"elementor-column-wrap elementor-element-populated\">\n\t\t\t\t\t\t\t<div class=\"elementor-widget-wrap\">\n\t\t\t\t\t\t<div class=\"elementor-element elementor-element-59e145d elementor-widget elementor-widget-boxes-with-tag\" data-id=\"59e145d\" data-element_type=\"widget\" data-widget_type=\"boxes-with-tag.default\">\n\t\t\t\t<div class=\"elementor-widget-container\">\n\t\t\t<div class='grid lg:grid-cols-2 gap-6 mt-14'>\r\n\t\t<div\r\n\t\t\tclass='shadow-base bg-white rounded-base overflow-hidden h-[336px] px-6 py-9 flex flex-col justify-between relative'>\r\n\t\t\t<div class='absolute top-0 w-14 h-4 bg-blue rounded-b-sm'>\r\n\t\t\t<\/div>\r\n\t\t\t<div><h4 class='text-2xl leading-none font-semibold text-blue-400'>Przewaga konkurencyjna<\/h4><\/div>\r\n\t\t\t<div class='flex flex-col'>\r\n\t\t\t\t<div>\r\n\t\t<p class='text-sm leading-6 text-blue-400'>Regularnie monitoruj\u0105c i analizuj\u0105c informacje z medi\u00f3w b\u0119dziesz zawsze o krok przed konkurencj\u0105. \u015aled\u017a strategie lider\u00f3w, proces wprowadzania nowych produkt\u00f3w na rynek i trendy. Odkryj nieznane okazje biznesowe i przewagi konkurencyjne.\n\n<\/p>\r\n\t<\/div>\r\n\t\t\t\t\r\n\t\t\t<\/div>\r\n\t\t<\/div>\r\n\t\t<div\r\n\t\t\tclass='shadow-base bg-white rounded-base overflow-hidden h-[336px] px-6 py-9 flex flex-col justify-between relative'>\r\n\t\t\t<div class='absolute top-0 w-14 h-4 bg-green rounded-b-sm'>\r\n\t\t\t<\/div>\r\n\t\t\t<div><h4 class='text-2xl leading-none font-semibold text-blue-400'>G\u0142\u0119boka analiza preferencji klient\u00f3w<\/h4><\/div>\r\n\t\t\t<div class='flex flex-col'>\r\n\t\t\t\t<div>\r\n\t\t<p class='mt-22 text-sm leading-6 text-blue-400'>Trzymaj r\u0119k\u0119 na pulsie publicznej dyskusji o Twojej marce i bran\u017cy. Dowiedz si\u0119 wi\u0119cej o swoich klientach z analizy medi\u00f3w spo\u0142eczno\u015bciowych. Zrozum emocje otaczaj\u0105ce Twoj\u0105 mark\u0119. Dostosuj swoj\u0105 strategi\u0119 sprzeda\u017cow\u0105 do preferencji Twojej spo\u0142eczno\u015bci i skuteczniej rozwi\u0105zuj jej problemy.\n<\/p>\r\n\t<\/div>\r\n\t\t\t\t\r\n\t\t\t<\/div>\r\n\t\t<\/div>\r\n\t\t\r\n\t\t\r\n\t<\/div>\t\t<\/div>\n\t\t\t\t<\/div>\n\t\t\t\t\t\t<\/div>\n\t\t\t\t\t<\/div>\n\t\t<\/div>\n\t\t\t\t\t\t\t\t<\/div>\n\t\t\t\t\t<\/div>\n\t\t<\/section>\n\t\t\t\t<section class=\"elementor-section elementor-top-section elementor-element elementor-element-455ffc2 elementor-section-boxed elementor-section-height-default elementor-section-height-default\" data-id=\"455ffc2\" data-element_type=\"section\">\n\t\t\t\t\t\t<div class=\"elementor-container elementor-column-gap-default\">\n\t\t\t\t\t\t\t<div class=\"elementor-row\">\n\t\t\t\t\t<div class=\"elementor-column elementor-col-100 elementor-top-column elementor-element elementor-element-dd09c38\" data-id=\"dd09c38\" data-element_type=\"column\">\n\t\t\t<div class=\"elementor-column-wrap elementor-element-populated\">\n\t\t\t\t\t\t\t<div class=\"elementor-widget-wrap\">\n\t\t\t\t\t\t<div class=\"elementor-element elementor-element-bc406c6 elementor-widget elementor-widget-button\" data-id=\"bc406c6\" data-element_type=\"widget\" data-widget_type=\"button.default\">\n\t\t\t\t<div class=\"elementor-widget-container\">\n\t\t\t<a href=\"https:\/\/app.mediaboard.com\/sign-up\" class=\"i relative group block w-[156px] md:w-[240px] h-11 text-center text-base leading-none font-semibold px-6 py-3.5 whitespace-nowrap rounded-xl bg-blue text-white transition-all duration-300 mx-auto\">Wypr\u00f3buj za darmo<\/a>\t\t<\/div>\n\t\t\t\t<\/div>\n\t\t\t\t<div class=\"elementor-element elementor-element-6767e3f elementor-widget elementor-widget-html\" data-id=\"6767e3f\" data-element_type=\"widget\" data-widget_type=\"html.default\">\n\t\t\t\t<div class=\"elementor-widget-container\">\n\t\t\t<div class=\"mt-26\">\r\n  <div class=\"w-full bg-white rounded-base grid lg:grid-rows-1 lg:grid-cols-2 lg:h-[518px] overflow-hidden shadow-base\">\r\n    <div class=\"\"><img loading=\"lazy\" src=\"https:\/\/mediaboard.com\/wp-content\/themes\/monitora.cz\/assets\/coca_cola_ref_photo.png\" width=\"540\" height=\"440\" alt=\"video\"\r\n        class=\"object-cover w-full h-full\" \/><\/div>\r\n    <div class=\"p-4 md:p-8 flex flex-col justify-between\">\r\n      <div><img loading=\"lazy\" src=\"https:\/\/mediaboard.com\/wp-content\/themes\/monitora.cz\/assets\/references_logos\/coca_cola_red.svg\" width=\"98\" height=\"32\" alt=\"coca_cola\"  class=\"logo-c\" \/>\r\n        <p class=\"text-base leading-5 text-blue-400 mt-4\">\u201eCodzienne monitorowanie medi\u00f3w, skuteczne anga\u017cowanie dziennikarzy i kompleksowe analizy to dla nas narz\u0119dzia optymalizacji dzia\u0142a\u0144 PR, bez kt\u00f3rych nie wyobra\u017camy ju\u017c sobie naszej pracy.\u201d\r\n        <\/p>\r\n      <\/div>\r\n      <div>\r\n        <div class=\"flex items-center border-b border-b-blue-400 border-opacity-10 py-7\"><strong\r\n            class=\"text-2xl md:text-4.5xl font-semibold text-blue-400 md:mr-11\" style=\"width: 75px;\">2,3\u00d7<\/strong>\r\n          <p class=\"font-medium text-base leading-5 text-blue-400\">wi\u0119cej wychwyconych wzmianek o marce online i w mediach spo\u0142eczno\u015bciowych\r\n          <\/p>\r\n        <\/div>\r\n        <div class=\"flex items-center border-b border-b-blue-400 border-opacity-10 py-7\"><strong\r\n            class=\"text-2xl md:text-4.5xl font-semibold text-blue-400 md:mr-11\" style=\"width: 75px;\">19%<\/strong>\r\n          <p class=\"font-medium text-base leading-5 text-blue-400\">ni\u017csze koszty monitoringu medi\u00f3w\r\n          <\/p>\r\n        <\/div>\r\n        <div class=\"flex items-center pt-7 pb-7 lg:pb-0\"><strong\r\n            class=\"text-2xl md:text-4.5xl font-semibold text-blue-400 md:mr-11\" style=\"width: 75px;\">1,5\u00d7<\/strong>\r\n          <p class=\"font-medium text-base leading-5 text-blue-400\">szybsza reakcja na kryzys medialny<\/p>\r\n        <\/div>\r\n        <div class=\"text-xxs opacity-40 text-blue-400 mt-4\">The numbers are based on measurements among Mediaboard clients.<\/div>\r\n      <\/div>\r\n    <\/div>\r\n  <\/div>\r\n<\/div>\t\t<\/div>\n\t\t\t\t<\/div>\n\t\t\t\t\t\t<\/div>\n\t\t\t\t\t<\/div>\n\t\t<\/div>\n\t\t\t\t\t\t\t\t<\/div>\n\t\t\t\t\t<\/div>\n\t\t<\/section>\n\t\t\t\t<section class=\"elementor-section elementor-top-section elementor-element elementor-element-d237cbf elementor-section-boxed elementor-section-height-default elementor-section-height-default\" data-id=\"d237cbf\" data-element_type=\"section\">\n\t\t\t\t\t\t<div class=\"elementor-container elementor-column-gap-default\">\n\t\t\t\t\t\t\t<div class=\"elementor-row\">\n\t\t\t\t\t<div class=\"elementor-column elementor-col-100 elementor-top-column elementor-element elementor-element-03db132\" data-id=\"03db132\" data-element_type=\"column\">\n\t\t\t<div class=\"elementor-column-wrap elementor-element-populated\">\n\t\t\t\t\t\t\t<div class=\"elementor-widget-wrap\">\n\t\t\t\t\t\t<div class=\"elementor-element elementor-element-56a4f01 elementor-widget elementor-widget-button\" data-id=\"56a4f01\" data-element_type=\"widget\" data-widget_type=\"button.default\">\n\t\t\t\t<div class=\"elementor-widget-container\">\n\t\t\t<a href=\"https:\/\/app.mediaboard.com\/sign-up\" class=\"i relative group block w-[156px] md:w-[240px] h-11 text-center text-base leading-none font-semibold px-6 py-3.5 whitespace-nowrap rounded-xl bg-blue text-white transition-all duration-300 mx-auto\">Wypr\u00f3buj za darmo<\/a>\t\t<\/div>\n\t\t\t\t<\/div>\n\t\t\t\t<div class=\"elementor-element elementor-element-520950b elementor-widget elementor-widget-section-heading\" data-id=\"520950b\" data-element_type=\"widget\" data-widget_type=\"section-heading.default\">\n\t\t\t\t<div class=\"elementor-widget-container\">\n\t\t\t<div>\r\n\t\t<h2 class='text-base font-bold text-blue text-center'>\r\n\t\t\t<span class='uppercase'>\r\n\t\t\t\tDO\u0141\u0104CZ DO\r\n\t\t\t<\/span>\r\n\t\t\t<br \/>\r\n\t\t\t<span class=' text-4xl leading-none font-semibold md:text-6xl md:leading-relaxed-minus md:font-medium text-blue-400 text-center'>\r\n\t\t\t\tnaszych klient\u00f3w\r\n\t\t\t<\/span>\r\n\t\t<\/h2>\r\n\t<\/div>\t\t<\/div>\n\t\t\t\t<\/div>\n\t\t\t\t<div class=\"elementor-element elementor-element-0963a5b elementor-widget elementor-widget-Customers\" data-id=\"0963a5b\" data-element_type=\"widget\" data-widget_type=\"Customers.default\">\n\t\t\t\t<div class=\"elementor-widget-container\">\n\t\t\t<div class='mx-4 flex flex-row flex-wrap items-center justify-center gap-6 mt-5' style='max-width: 650px; margin: 0 auto;'>\r\n\t\t\t<img src='https:\/\/mediaboard.com\/wp-content\/themes\/monitora.cz\/assets\/references_logos\/samsung.svg' width='107' height='17' alt='samsung' \/>\r\n\t\t\t<img src='https:\/\/mediaboard.com\/wp-content\/themes\/monitora.cz\/assets\/references_logos\/hyundai.svg' width='168' height='24' alt='hyundai' \/>\r\n\t\t\t<img src='https:\/\/mediaboard.com\/wp-content\/themes\/monitora.cz\/assets\/references_logos\/hbo.svg' width='58' height='24' alt='hbo' \/>\r\n\t\t\t<img src='https:\/\/mediaboard.com\/wp-content\/themes\/monitora.cz\/assets\/references_logos\/coca_cola_hbc.svg' width='127' height='40' alt='coca_cola' \/>\r\n\t\t\t<img src='https:\/\/mediaboard.com\/wp-content\/themes\/monitora.cz\/assets\/references_logos\/deloitte.svg' width='90' height='17' alt='deloitte' \/>\r\n\t\t<\/div>\t\t<\/div>\n\t\t\t\t<\/div>\n\t\t\t\t\t\t<\/div>\n\t\t\t\t\t<\/div>\n\t\t<\/div>\n\t\t\t\t\t\t\t\t<\/div>\n\t\t\t\t\t<\/div>\n\t\t<\/section>\n\t\t\t\t<section class=\"elementor-section elementor-top-section elementor-element elementor-element-107ce76 elementor-section-boxed elementor-section-height-default elementor-section-height-default\" data-id=\"107ce76\" data-element_type=\"section\">\n\t\t\t\t\t\t<div class=\"elementor-container elementor-column-gap-default\">\n\t\t\t\t\t\t\t<div class=\"elementor-row\">\n\t\t\t\t\t<div class=\"elementor-column elementor-col-100 elementor-top-column elementor-element elementor-element-129288d\" data-id=\"129288d\" data-element_type=\"column\">\n\t\t\t<div class=\"elementor-column-wrap elementor-element-populated\">\n\t\t\t\t\t\t\t<div class=\"elementor-widget-wrap\">\n\t\t\t\t\t\t<div class=\"elementor-element elementor-element-317f726 elementor-widget elementor-widget-spacer\" data-id=\"317f726\" data-element_type=\"widget\" data-widget_type=\"spacer.default\">\n\t\t\t\t<div class=\"elementor-widget-container\">\n\t\t\t\t\t<div class=\"elementor-spacer\">\n\t\t\t<div class=\"elementor-spacer-inner\"><\/div>\n\t\t<\/div>\n\t\t\t\t<\/div>\n\t\t\t\t<\/div>\n\t\t\t\t\t\t<\/div>\n\t\t\t\t\t<\/div>\n\t\t<\/div>\n\t\t\t\t\t\t\t\t<\/div>\n\t\t\t\t\t<\/div>\n\t\t<\/section>\n\t\t\t\t\t\t<\/div>\n\t\t\t\t\t\t<\/div>\n\t\t\t\t\t<\/div>\n\t\t","protected":false},"excerpt":{"rendered":"<p>MEDIA INTELLIGENCE DLA Dzia\u0142\u00f3w sprzeda\u017cy Informacje i statystyki z medi\u00f3w, kt\u00f3re pomog\u0105 Ci rozwin\u0105\u0107 biznes. Wypr\u00f3buj za darmo Wykorzystaj moc&#8230;<\/p>\n","protected":false},"author":14,"featured_media":0,"parent":0,"menu_order":0,"comment_status":"closed","ping_status":"closed","template":"page-new-usecase.php","meta":[],"acf":[],"yoast_head":"<!-- This site is optimized with the Yoast SEO plugin v18.2 - https:\/\/yoast.com\/wordpress\/plugins\/seo\/ -->\n<meta name=\"description\" content=\"Informacje i statystyki z medi\u00f3w, kt\u00f3re pomog\u0105 Ci rozwin\u0105\u0107 biznes.\" \/>\n<meta name=\"robots\" content=\"index, follow, max-snippet:-1, max-image-preview:large, max-video-preview:-1\" \/>\n<link rel=\"canonical\" href=\"https:\/\/mediaboard.com\/pl\/dzial-sprzedazy\/\" \/>\n<meta property=\"og:locale\" content=\"pl_PL\" \/>\n<meta property=\"og:type\" content=\"article\" \/>\n<meta property=\"og:title\" content=\"Dzia\u0142 sprzeda\u017cy - Mediaboard\" \/>\n<meta property=\"og:description\" content=\"Informacje i statystyki z medi\u00f3w, kt\u00f3re pomog\u0105 Ci rozwin\u0105\u0107 biznes.\" \/>\n<meta property=\"og:url\" content=\"https:\/\/mediaboard.com\/pl\/dzial-sprzedazy\/\" \/>\n<meta property=\"og:site_name\" content=\"Mediaboard.com\" \/>\n<meta property=\"article:modified_time\" content=\"2024-05-22T13:25:10+00:00\" \/>\n<meta property=\"og:image\" content=\"https:\/\/mediaboard.com\/wp-content\/uploads\/2025\/04\/Mediaboard-2.jpg\" \/>\n<meta name=\"twitter:card\" content=\"summary_large_image\" \/>\n<meta name=\"twitter:label1\" content=\"Szacowany czas czytania\" \/>\n\t<meta name=\"twitter:data1\" content=\"4 minuty\" \/>\n<script type=\"application\/ld+json\" class=\"yoast-schema-graph\">{\"@context\":\"https:\/\/schema.org\",\"@graph\":[{\"@type\":\"WebSite\",\"@id\":\"https:\/\/mediaboard.com\/#website\",\"url\":\"https:\/\/mediaboard.com\/\",\"name\":\"Mediaboard.com\",\"description\":\"Monitoring, anal\u00fdza a m\u011b\u0159en\u00ed m\u00e9di\u00ed nov\u00e9 generace\",\"potentialAction\":[{\"@type\":\"SearchAction\",\"target\":{\"@type\":\"EntryPoint\",\"urlTemplate\":\"https:\/\/mediaboard.com\/?s={search_term_string}\"},\"query-input\":\"required name=search_term_string\"}],\"inLanguage\":\"pl-PL\"},{\"@type\":\"ImageObject\",\"@id\":\"https:\/\/mediaboard.com\/pl\/dzial-sprzedazy\/#primaryimage\",\"inLanguage\":\"pl-PL\",\"url\":\"https:\/\/mediaboard.com\/wp-content\/uploads\/2023\/09\/u_sales_n@2x.png\",\"contentUrl\":\"https:\/\/mediaboard.com\/wp-content\/uploads\/2023\/09\/u_sales_n@2x.png\",\"width\":1080,\"height\":880},{\"@type\":\"WebPage\",\"@id\":\"https:\/\/mediaboard.com\/pl\/dzial-sprzedazy\/#webpage\",\"url\":\"https:\/\/mediaboard.com\/pl\/dzial-sprzedazy\/\",\"name\":\"Dzia\u0142 sprzeda\u017cy - Mediaboard\",\"isPartOf\":{\"@id\":\"https:\/\/mediaboard.com\/#website\"},\"primaryImageOfPage\":{\"@id\":\"https:\/\/mediaboard.com\/pl\/dzial-sprzedazy\/#primaryimage\"},\"datePublished\":\"2024-05-15T14:06:17+00:00\",\"dateModified\":\"2024-05-22T13:25:10+00:00\",\"description\":\"Informacje i statystyki z medi\u00f3w, kt\u00f3re pomog\u0105 Ci rozwin\u0105\u0107 biznes.\",\"breadcrumb\":{\"@id\":\"https:\/\/mediaboard.com\/pl\/dzial-sprzedazy\/#breadcrumb\"},\"inLanguage\":\"pl-PL\",\"potentialAction\":[{\"@type\":\"ReadAction\",\"target\":[\"https:\/\/mediaboard.com\/pl\/dzial-sprzedazy\/\"]}]},{\"@type\":\"BreadcrumbList\",\"@id\":\"https:\/\/mediaboard.com\/pl\/dzial-sprzedazy\/#breadcrumb\",\"itemListElement\":[{\"@type\":\"ListItem\",\"position\":1,\"name\":\"Home\",\"item\":\"https:\/\/mediaboard.com\/pl\/\"},{\"@type\":\"ListItem\",\"position\":2,\"name\":\"Dzia\u0142 sprzeda\u017cy\"}]}]}<\/script>\n<!-- \/ Yoast SEO plugin. -->","yoast_head_json":{"description":"Informacje i statystyki z medi\u00f3w, kt\u00f3re pomog\u0105 Ci rozwin\u0105\u0107 biznes.","robots":{"index":"index","follow":"follow","max-snippet":"max-snippet:-1","max-image-preview":"max-image-preview:large","max-video-preview":"max-video-preview:-1"},"canonical":"https:\/\/mediaboard.com\/pl\/dzial-sprzedazy\/","og_locale":"pl_PL","og_type":"article","og_title":"Dzia\u0142 sprzeda\u017cy - Mediaboard","og_description":"Informacje i statystyki z medi\u00f3w, kt\u00f3re pomog\u0105 Ci rozwin\u0105\u0107 biznes.","og_url":"https:\/\/mediaboard.com\/pl\/dzial-sprzedazy\/","og_site_name":"Mediaboard.com","article_modified_time":"2024-05-22T13:25:10+00:00","og_image":[{"url":"https:\/\/mediaboard.com\/wp-content\/uploads\/2025\/04\/Mediaboard-2.jpg"}],"twitter_card":"summary_large_image","twitter_misc":{"Szacowany czas czytania":"4 minuty"},"schema":{"@context":"https:\/\/schema.org","@graph":[{"@type":"WebSite","@id":"https:\/\/mediaboard.com\/#website","url":"https:\/\/mediaboard.com\/","name":"Mediaboard.com","description":"Monitoring, anal\u00fdza a m\u011b\u0159en\u00ed m\u00e9di\u00ed nov\u00e9 generace","potentialAction":[{"@type":"SearchAction","target":{"@type":"EntryPoint","urlTemplate":"https:\/\/mediaboard.com\/?s={search_term_string}"},"query-input":"required name=search_term_string"}],"inLanguage":"pl-PL"},{"@type":"ImageObject","@id":"https:\/\/mediaboard.com\/pl\/dzial-sprzedazy\/#primaryimage","inLanguage":"pl-PL","url":"https:\/\/mediaboard.com\/wp-content\/uploads\/2023\/09\/u_sales_n@2x.png","contentUrl":"https:\/\/mediaboard.com\/wp-content\/uploads\/2023\/09\/u_sales_n@2x.png","width":1080,"height":880},{"@type":"WebPage","@id":"https:\/\/mediaboard.com\/pl\/dzial-sprzedazy\/#webpage","url":"https:\/\/mediaboard.com\/pl\/dzial-sprzedazy\/","name":"Dzia\u0142 sprzeda\u017cy - Mediaboard","isPartOf":{"@id":"https:\/\/mediaboard.com\/#website"},"primaryImageOfPage":{"@id":"https:\/\/mediaboard.com\/pl\/dzial-sprzedazy\/#primaryimage"},"datePublished":"2024-05-15T14:06:17+00:00","dateModified":"2024-05-22T13:25:10+00:00","description":"Informacje i statystyki z medi\u00f3w, kt\u00f3re pomog\u0105 Ci rozwin\u0105\u0107 biznes.","breadcrumb":{"@id":"https:\/\/mediaboard.com\/pl\/dzial-sprzedazy\/#breadcrumb"},"inLanguage":"pl-PL","potentialAction":[{"@type":"ReadAction","target":["https:\/\/mediaboard.com\/pl\/dzial-sprzedazy\/"]}]},{"@type":"BreadcrumbList","@id":"https:\/\/mediaboard.com\/pl\/dzial-sprzedazy\/#breadcrumb","itemListElement":[{"@type":"ListItem","position":1,"name":"Home","item":"https:\/\/mediaboard.com\/pl\/"},{"@type":"ListItem","position":2,"name":"Dzia\u0142 sprzeda\u017cy"}]}]}},"_links":{"self":[{"href":"https:\/\/mediaboard.com\/pl\/wp-json\/wp\/v2\/pages\/41558"}],"collection":[{"href":"https:\/\/mediaboard.com\/pl\/wp-json\/wp\/v2\/pages"}],"about":[{"href":"https:\/\/mediaboard.com\/pl\/wp-json\/wp\/v2\/types\/page"}],"author":[{"embeddable":true,"href":"https:\/\/mediaboard.com\/pl\/wp-json\/wp\/v2\/users\/14"}],"replies":[{"embeddable":true,"href":"https:\/\/mediaboard.com\/pl\/wp-json\/wp\/v2\/comments?post=41558"}],"version-history":[{"count":4,"href":"https:\/\/mediaboard.com\/pl\/wp-json\/wp\/v2\/pages\/41558\/revisions"}],"predecessor-version":[{"id":41736,"href":"https:\/\/mediaboard.com\/pl\/wp-json\/wp\/v2\/pages\/41558\/revisions\/41736"}],"wp:attachment":[{"href":"https:\/\/mediaboard.com\/pl\/wp-json\/wp\/v2\/media?parent=41558"}],"curies":[{"name":"wp","href":"https:\/\/api.w.org\/{rel}","templated":true}]}}