{"id":50357,"date":"2024-11-28T14:51:44","date_gmt":"2024-11-28T13:51:44","guid":{"rendered":"https:\/\/mediaboard.com\/?page_id=50357"},"modified":"2024-11-28T14:53:39","modified_gmt":"2024-11-28T13:53:39","slug":"rodo-i-polityka-prywatnosci","status":"publish","type":"page","link":"https:\/\/mediaboard.com\/pl\/rodo-i-polityka-prywatnosci\/","title":{"rendered":"RODO i polityka prywatno\u015bci"},"content":{"rendered":"\t\t<div data-elementor-type=\"wp-page\" data-elementor-id=\"50357\" class=\"elementor elementor-50357 elementor-35073\" data-elementor-settings=\"[]\">\n\t\t\t\t\t\t<div class=\"elementor-inner\">\n\t\t\t\t\t\t\t<div class=\"elementor-section-wrap\">\n\t\t\t\t\t\t\t<section class=\"elementor-section elementor-top-section elementor-element elementor-element-40e7f6e elementor-section-boxed elementor-section-height-default elementor-section-height-default\" data-id=\"40e7f6e\" data-element_type=\"section\">\n\t\t\t\t\t\t<div class=\"elementor-container elementor-column-gap-default\">\n\t\t\t\t\t\t\t<div class=\"elementor-row\">\n\t\t\t\t\t<div class=\"elementor-column elementor-col-100 elementor-top-column elementor-element elementor-element-4628f82\" data-id=\"4628f82\" data-element_type=\"column\">\n\t\t\t<div class=\"elementor-column-wrap elementor-element-populated\">\n\t\t\t\t\t\t\t<div class=\"elementor-widget-wrap\">\n\t\t\t\t\t\t<div class=\"elementor-element elementor-element-f381098 elementor-widget elementor-widget-text-page-wrapper\" data-id=\"f381098\" data-element_type=\"widget\" data-widget_type=\"text-page-wrapper.default\">\n\t\t\t\t<div class=\"elementor-widget-container\">\n\t\t\t<div class='container mt-14 lg:mt-24 gdpr editor-content'>\r\n\t\t\t\t    <div class='max-w-[696px] mx-auto'>\r\n\t\t\t\t\t\t\t<h1 class='mt-1 mb-24 text-5.5xl font-bold text-blue-400 text-center'>\r\n\t\t\t\t\t\t<span class='text-base leading-7 font-semibold text-blue-400 uppercase text-center'>GDPR & Privacy Policy\r\n\t\t\t\t\t\t<\/span><br \/>\r\n\t\t\t\t\t\tPOLITYKA PRZETWARZANIA DANYCH OSOBOWYCH<\/h1>\r\n\t\t\t\t\t\t<\/div>\r\n\t\t\t\t\t<p>Ochrona prywatno\u015bci u\u017cytkownik\u00f3w jest dla nas bardzo wa\u017cna. Staramy si\u0119 zapewni\u0107 najwy\u017csze standardy ochrony danych w naszej witrynie internetowej znajduj\u0105cej si\u0119 pod adresem www.mediaboard.com (dalej jako Witryna) oraz w innych miejscach. Poni\u017cej mo\u017cna przeczyta\u0107, mi\u0119dzy innymi, w jaki spos\u00f3b zbieramy i przetwarzamy dane osobowe u\u017cytkownik\u00f3w gromadzone g\u0142\u00f3wnie za po\u015brednictwem Witryny, ale tak\u017ce w innych okoliczno\u015bciach.<\/p><h2>1. KTO PRZETWARZA DANE OSOBOWE?<\/h2><p>1.1. Administratorem danych osobowych u\u017cytkownika jest sp\u00f3\u0142ka Mediaboard Polska Sp. z o.o., z siedzib\u0105 przy ul. Z\u0142ota 7\/1, Warszawa (00-019), wpisana do rejestru przedsi\u0119biorc\u00f3w prowadzonego przez S\u0105d Rejonowy dla m. st. Warszawy, XII Wydzia\u0142 Gospodarczy Krajowego Rejestru S\u0105dowego pod numerem KRS 0001102812, NIP: 5253001357, REGON: 528470398, (dalej jako Mediaboard), kt\u00f3ra prowadzi Witryn\u0119.<\/p><p>1.2. Dane kontaktowe Mediaboard: <br \/>\u25cf E-mail: pomoc@mediaboard.com <br \/>\u25cf Tel.: +48 883 295 313 (w dniach roboczych, w godzinach 9:00-17:00) <br \/>\u25cf Adres: ul. Z\u0142ota 7\/1, 00-019 Warszawa<\/p><p>U\u017cytkownik mo\u017ce skorzysta\u0107 z dowolnych praw zwi\u0105zanych z jego danymi osobowymi, na zasadach opisanych poni\u017cej, kontaktuj\u0105c si\u0119 z Mediaboard za po\u015brednictwem powy\u017cszych danych kontaktowych.<\/p><h2>2. KIEDY PRZETWARZAMY DANE OSOBOWE?<\/h2><p>2.1. Gromadzimy dane osobowe u\u017cytkownik\u00f3w w nast\u0119puj\u0105cych sytuacjach:<br \/>\u25cf gdy u\u017cytkownik zawiera z nami jak\u0105kolwiek umow\u0119, zar\u00f3wno w formie<br \/>elektronicznej, jak i pisemnej;<br \/>\u25cf je\u015bli zapisuje si\u0119 do naszego newslettera;<br \/>\u25cf przy rejestracji konta w Witrynie i korzystaniu z niego;<br \/>\u25cf gdy u\u017cytkownik wype\u0142ni nasz formularz zapytania lub prze\u015ble zapytanie w inny<br \/>spos\u00f3b;<br \/>\u25cf je\u015bli si\u0119 z nami skontaktuje.<\/p><h2>3. JAKIE DANE OSOBOWE PRZETWARZAMY I DLACZEGO?<\/h2><p>We use the information we collect in a variety of ways to provide our services and run our society and business, including:<\/p><p>3.1. Przetwarzamy nast\u0119puj\u0105ce dane osobowe w celu zawarcia umowy:<br \/>\u25cf imi\u0119 i nazwisko lub nazwa firmy;<br \/>\u25cf adres siedziby lub inny adres dostawy i adres rozliczeniowy;<br \/>\u25cf NIP oraz, je\u015bli u\u017cytkownik jest p\u0142atnikiem VAT, tak\u017ce numer VAT;<br \/>\u25cf numer telefonu;<br \/>\u25cf adres e-mail.<br \/><br \/>Dane te s\u0105 niezb\u0119dne do zawarcia i realizacji umowy oraz \u015bwiadczenia us\u0142ug. Bez tych danych<br \/>nie byliby\u015bmy w stanie dostarczy\u0107, przetworzy\u0107 i zafakturowa\u0107 zam\u00f3wionych us\u0142ug lub<br \/>produkt\u00f3w.<\/p><p>3.2. Gdy u\u017cytkownik kontaktuje si\u0119 z nami poprzez dane kontaktowe podane w punkcie 1.2,<br \/>formularz kontaktowy implementowany w Witrynie, lub w inny spos\u00f3b, przetwarzamy<br \/>nast\u0119puj\u0105ce dane (o ile u\u017cytkownik je poda):<\/p><p>\u25cf imi\u0119 i nazwisko;<br \/>\u25cf nazwa firmy;<br \/>\u25cf numer telefonu;<br \/>\u25cf adres e-mail;<br \/>\u25cf tre\u015b\u0107 zapytania.<br \/><br \/>Dane te przetwarzamy, aby odpowiedzie\u0107 na zapytanie u\u017cytkownika.<\/p><p>3.3. Gdy subskrybujesz nasz newsletter, przetwarzamy Tw\u00f3j adres e-mail na podstawie<br \/>zgody. Dane te s\u0105 nam potrzebne do wysy\u0142ki biuletynu.<\/p><p>3.4. Je\u015bli u\u017cytkownik za\u0142o\u017cy konto u\u017cytkownika w Witrynie, przetwarzamy nast\u0119puj\u0105ce dane:<br \/>\u25cf imi\u0119 i nazwisko;<br \/>\u25cf nazwa firmy;<br \/>\u25cf numer telefonu;<br \/>\u25cf adres e-mail;<br \/>\u25cf has\u0142o;<br \/>\u25cf stanowisko;<br \/>\u25cf kraj;<br \/>\u25cf informacje o produktach, us\u0142ugach i funkcjach, kt\u00f3rymi u\u017cytkownik jest<br \/>zainteresowany;<br \/>\u25cf liczba pracownik\u00f3w oraz inne szczeg\u00f3\u0142owe informacje opisuj\u0105ce firm\u0119;<br \/>\u25cf inne informacje podane w koncie u\u017cytkownika;<br \/>\u25cf aktywno\u015b\u0107 u\u017cytkownika w ramach konta.<\/p><h2>4. W JAKI SPOS\u00d3B MO\u017bEMY PRZETWARZA\u0106 DANE OSOBOWE?<\/h2><p>4.1. Mo\u017cliwe opcje przetwarzania danych to:<br \/>\u25cf przetwarzanie niezb\u0119dne do wykonania umowy, w tym dostarczenie zam\u00f3wionego<br \/>produktu;<br \/>\u25cf przetwarzanie na podstawie zgody u\u017cytkownika;<br \/>\u25cf przetwarzanie na podstawie uzasadnionego interesu;<br \/>\u25cf przetwarzanie wymagane przez prawo.<\/p><p>4.2. Mo\u017cemy r\u00f3wnie\u017c informowa\u0107 u\u017cytkownika o nowo\u015bciach i wydarzeniach, je\u015bli<br \/>u\u017cytkownik wyrazi zgod\u0119 na otrzymywanie takich informacji.<br \/><br \/><\/p><h2>5. KTO POMAGA NAM PRZETWARZA\u0106 DANE OSOBOWE?<\/h2><p>5.1. Niekt\u00f3re dane osobowe u\u017cytkownika mog\u0105 by\u0107 przetwarzane przez podmioty<br \/>przetwarzaj\u0105ce, takie jak m.in. dostawcy hostingu aplikacji, agencje marketingowe, ksi\u0119gowi<br \/>oraz specjali\u015bci IT.<br \/><br \/><\/p><h2>6. JAKIE INNE DANE PRZETWARZAMY I W JAKI SPOS\u00d3B?<\/h2><p>6.1. Na naszej stronie internetowej u\u017cywamy plik\u00f3w cookie. Wi\u0119cej informacji na ich temat<br \/>znajduje si\u0119 na naszej stronie.<\/p><h2>7. JAK D\u0141UGO PRZECHOWUJEMY DANE OSOBOWE?<\/h2><p>7.1. Dane osobowe b\u0119d\u0105 przetwarzane przez okres niezb\u0119dny do realizacji cel\u00f3w, dla kt\u00f3rych<br \/>zosta\u0142y zebrane, a po ich osi\u0105gni\u0119ciu przez okres wymagany przepisami prawa lub w<br \/>uzasadnionych przypadkach do czasu up\u0142ywu termin\u00f3w przedawnienia roszcze\u0144<br \/>wynikaj\u0105cych z przepis\u00f3w prawa cywilnego. W przypadku danych przetwarzanych na<br \/>podstawie zgody, dane te b\u0119d\u0105 przechowywane do momentu wycofania zgody przez osob\u0119,<br \/>kt\u00f3rej dotycz\u0105.<\/p><h2>8. JAKIE PRAWA PRZYS\u0141UGUJ\u0104 U\u017bYTKOWNIKOWI W ODNIESIENIU DO DANYCH<br \/>OSOBOWYCH?<\/h2><p>U\u017cytkownikowi przys\u0142uguje prawo do:<br \/>\u25cf dost\u0119pu do swoich danych osobowych;<br \/>\u25cf sprostowania nieprawid\u0142owych danych;<br \/>\u25cf sprzeciwu wobec przetwarzania;<br \/>\u25cf usuni\u0119cia danych (tzw. \u201eprawo do bycia zapomnianym\u201d);<br \/>\u25cf ograniczenia przetwarzania;<br \/>\u25cf przenoszenia danych;<br \/>\u25cf z\u0142o\u017cenia skargi do Urz\u0119du Ochrony Danych Osobowych.<\/p><p>Niniejsza polityka zosta\u0142a sporz\u0105dzona w j\u0119zyku czeskim i angielskim i mo\u017ce zosta\u0107<br \/>sporz\u0105dzona w innych j\u0119zykach. W przypadku sprzeczno\u015bci pomi\u0119dzy wersjami j\u0119zykowymi,<br \/>pierwsze\u0144stwo ma wersja w j\u0119zyku czeskim.<br \/><br \/>W przypadku jakichkolwiek pyta\u0144 dotycz\u0105cych naszej polityki, u\u017cytkownik mo\u017ce wys\u0142a\u0107 do<br \/>nas wiadomo\u015b\u0107 e-mail na adres pomoc@mediaboard.com lub skontaktowa\u0107 si\u0119 z nami za<br \/>po\u015brednictwem dowolnego innego kontaktu wymienionego w sekcji 1.2 niniejszej Polityki<br \/>prywatno\u015bci.<br \/><br \/>Niniejsza Polityka Prywatno\u015bci mo\u017ce podlega\u0107 okresowym aktualizacjom w celu zapewnienia<br \/>zgodno\u015bci z obowi\u0105zuj\u0105cymi przepisami prawa oraz dostosowania jej do zmian w zakresie<br \/>przetwarzania danych osobowych. Zach\u0119camy do regularnego zapoznawania si\u0119 z jej tre\u015bci\u0105,<br \/>aby pozostawa\u0107 na bie\u017c\u0105co z wprowadzanymi zmianami.<br \/><br \/>Niniejsza polityka wchodzi w \u017cycie [data wydania].<\/p>\r\n\t\t\t\t<\/div>\t\t<\/div>\n\t\t\t\t<\/div>\n\t\t\t\t\t\t<\/div>\n\t\t\t\t\t<\/div>\n\t\t<\/div>\n\t\t\t\t\t\t\t\t<\/div>\n\t\t\t\t\t<\/div>\n\t\t<\/section>\n\t\t\t\t<section class=\"elementor-section elementor-top-section elementor-element elementor-element-70d80ee elementor-section-boxed elementor-section-height-default elementor-section-height-default\" data-id=\"70d80ee\" data-element_type=\"section\">\n\t\t\t\t\t\t<div class=\"elementor-container elementor-column-gap-default\">\n\t\t\t\t\t\t\t<div class=\"elementor-row\">\n\t\t\t\t\t<div class=\"elementor-column elementor-col-100 elementor-top-column elementor-element elementor-element-0c4214e\" data-id=\"0c4214e\" data-element_type=\"column\">\n\t\t\t<div class=\"elementor-column-wrap\">\n\t\t\t\t\t\t\t<div class=\"elementor-widget-wrap\">\n\t\t\t\t\t\t\t\t<\/div>\n\t\t\t\t\t<\/div>\n\t\t<\/div>\n\t\t\t\t\t\t\t\t<\/div>\n\t\t\t\t\t<\/div>\n\t\t<\/section>\n\t\t\t\t\t\t<\/div>\n\t\t\t\t\t\t<\/div>\n\t\t\t\t\t<\/div>\n\t\t","protected":false},"excerpt":{"rendered":"<p>GDPR &#038; Privacy Policy POLITYKA PRZETWARZANIA DANYCH OSOBOWYCH Ochrona prywatno\u015bci u\u017cytkownik\u00f3w jest dla nas bardzo wa\u017cna. Staramy si\u0119 zapewni\u0107 najwy\u017csze&#8230;<\/p>\n","protected":false},"author":12,"featured_media":0,"parent":0,"menu_order":0,"comment_status":"closed","ping_status":"closed","template":"page-new-template.php","meta":[],"acf":[],"yoast_head":"<!-- This site is optimized with the Yoast SEO plugin v18.2 - https:\/\/yoast.com\/wordpress\/plugins\/seo\/ -->\n<meta name=\"robots\" content=\"index, follow, max-snippet:-1, max-image-preview:large, max-video-preview:-1\" \/>\n<link rel=\"canonical\" href=\"https:\/\/mediaboard.com\/pl\/rodo-i-polityka-prywatnosci\/\" \/>\n<meta property=\"og:locale\" content=\"pl_PL\" \/>\n<meta property=\"og:type\" content=\"article\" \/>\n<meta property=\"og:title\" content=\"RODO i polityka prywatno\u015bci - Mediaboard.com\" \/>\n<meta property=\"og:description\" content=\"GDPR &#038; Privacy Policy POLITYKA PRZETWARZANIA DANYCH OSOBOWYCH Ochrona prywatno\u015bci u\u017cytkownik\u00f3w jest dla nas bardzo wa\u017cna. Staramy si\u0119 zapewni\u0107 najwy\u017csze...\" \/>\n<meta property=\"og:url\" content=\"https:\/\/mediaboard.com\/pl\/rodo-i-polityka-prywatnosci\/\" \/>\n<meta property=\"og:site_name\" content=\"Mediaboard.com\" \/>\n<meta property=\"article:modified_time\" content=\"2024-11-28T13:53:39+00:00\" \/>\n<meta property=\"og:image\" content=\"https:\/\/mediaboard.com\/wp-content\/uploads\/2025\/04\/Mediaboard-2.jpg\" \/>\n\t<meta property=\"og:image:width\" content=\"1200\" \/>\n\t<meta property=\"og:image:height\" content=\"630\" \/>\n\t<meta property=\"og:image:type\" content=\"image\/jpeg\" \/>\n<meta name=\"twitter:card\" content=\"summary_large_image\" \/>\n<meta name=\"twitter:label1\" content=\"Szacowany czas czytania\" \/>\n\t<meta name=\"twitter:data1\" content=\"5 minut\" \/>\n<script type=\"application\/ld+json\" class=\"yoast-schema-graph\">{\"@context\":\"https:\/\/schema.org\",\"@graph\":[{\"@type\":\"WebSite\",\"@id\":\"https:\/\/mediaboard.com\/#website\",\"url\":\"https:\/\/mediaboard.com\/\",\"name\":\"Mediaboard.com\",\"description\":\"Monitoring, anal\u00fdza a m\u011b\u0159en\u00ed m\u00e9di\u00ed nov\u00e9 generace\",\"potentialAction\":[{\"@type\":\"SearchAction\",\"target\":{\"@type\":\"EntryPoint\",\"urlTemplate\":\"https:\/\/mediaboard.com\/?s={search_term_string}\"},\"query-input\":\"required name=search_term_string\"}],\"inLanguage\":\"pl-PL\"},{\"@type\":\"WebPage\",\"@id\":\"https:\/\/mediaboard.com\/pl\/rodo-i-polityka-prywatnosci\/#webpage\",\"url\":\"https:\/\/mediaboard.com\/pl\/rodo-i-polityka-prywatnosci\/\",\"name\":\"RODO i polityka prywatno\u015bci - Mediaboard.com\",\"isPartOf\":{\"@id\":\"https:\/\/mediaboard.com\/#website\"},\"datePublished\":\"2024-11-28T13:51:44+00:00\",\"dateModified\":\"2024-11-28T13:53:39+00:00\",\"breadcrumb\":{\"@id\":\"https:\/\/mediaboard.com\/pl\/rodo-i-polityka-prywatnosci\/#breadcrumb\"},\"inLanguage\":\"pl-PL\",\"potentialAction\":[{\"@type\":\"ReadAction\",\"target\":[\"https:\/\/mediaboard.com\/pl\/rodo-i-polityka-prywatnosci\/\"]}]},{\"@type\":\"BreadcrumbList\",\"@id\":\"https:\/\/mediaboard.com\/pl\/rodo-i-polityka-prywatnosci\/#breadcrumb\",\"itemListElement\":[{\"@type\":\"ListItem\",\"position\":1,\"name\":\"Home\",\"item\":\"https:\/\/mediaboard.com\/pl\/\"},{\"@type\":\"ListItem\",\"position\":2,\"name\":\"RODO i polityka prywatno\u015bci\"}]}]}<\/script>\n<!-- \/ Yoast SEO plugin. -->","yoast_head_json":{"robots":{"index":"index","follow":"follow","max-snippet":"max-snippet:-1","max-image-preview":"max-image-preview:large","max-video-preview":"max-video-preview:-1"},"canonical":"https:\/\/mediaboard.com\/pl\/rodo-i-polityka-prywatnosci\/","og_locale":"pl_PL","og_type":"article","og_title":"RODO i polityka prywatno\u015bci - Mediaboard.com","og_description":"GDPR &#038; Privacy Policy POLITYKA PRZETWARZANIA DANYCH OSOBOWYCH Ochrona prywatno\u015bci u\u017cytkownik\u00f3w jest dla nas bardzo wa\u017cna. Staramy si\u0119 zapewni\u0107 najwy\u017csze...","og_url":"https:\/\/mediaboard.com\/pl\/rodo-i-polityka-prywatnosci\/","og_site_name":"Mediaboard.com","article_modified_time":"2024-11-28T13:53:39+00:00","og_image":[{"width":1200,"height":630,"url":"https:\/\/mediaboard.com\/wp-content\/uploads\/2025\/04\/Mediaboard-2.jpg","type":"image\/jpeg"}],"twitter_card":"summary_large_image","twitter_misc":{"Szacowany czas czytania":"5 minut"},"schema":{"@context":"https:\/\/schema.org","@graph":[{"@type":"WebSite","@id":"https:\/\/mediaboard.com\/#website","url":"https:\/\/mediaboard.com\/","name":"Mediaboard.com","description":"Monitoring, anal\u00fdza a m\u011b\u0159en\u00ed m\u00e9di\u00ed nov\u00e9 generace","potentialAction":[{"@type":"SearchAction","target":{"@type":"EntryPoint","urlTemplate":"https:\/\/mediaboard.com\/?s={search_term_string}"},"query-input":"required name=search_term_string"}],"inLanguage":"pl-PL"},{"@type":"WebPage","@id":"https:\/\/mediaboard.com\/pl\/rodo-i-polityka-prywatnosci\/#webpage","url":"https:\/\/mediaboard.com\/pl\/rodo-i-polityka-prywatnosci\/","name":"RODO i polityka prywatno\u015bci - Mediaboard.com","isPartOf":{"@id":"https:\/\/mediaboard.com\/#website"},"datePublished":"2024-11-28T13:51:44+00:00","dateModified":"2024-11-28T13:53:39+00:00","breadcrumb":{"@id":"https:\/\/mediaboard.com\/pl\/rodo-i-polityka-prywatnosci\/#breadcrumb"},"inLanguage":"pl-PL","potentialAction":[{"@type":"ReadAction","target":["https:\/\/mediaboard.com\/pl\/rodo-i-polityka-prywatnosci\/"]}]},{"@type":"BreadcrumbList","@id":"https:\/\/mediaboard.com\/pl\/rodo-i-polityka-prywatnosci\/#breadcrumb","itemListElement":[{"@type":"ListItem","position":1,"name":"Home","item":"https:\/\/mediaboard.com\/pl\/"},{"@type":"ListItem","position":2,"name":"RODO i polityka prywatno\u015bci"}]}]}},"_links":{"self":[{"href":"https:\/\/mediaboard.com\/pl\/wp-json\/wp\/v2\/pages\/50357"}],"collection":[{"href":"https:\/\/mediaboard.com\/pl\/wp-json\/wp\/v2\/pages"}],"about":[{"href":"https:\/\/mediaboard.com\/pl\/wp-json\/wp\/v2\/types\/page"}],"author":[{"embeddable":true,"href":"https:\/\/mediaboard.com\/pl\/wp-json\/wp\/v2\/users\/12"}],"replies":[{"embeddable":true,"href":"https:\/\/mediaboard.com\/pl\/wp-json\/wp\/v2\/comments?post=50357"}],"version-history":[{"count":28,"href":"https:\/\/mediaboard.com\/pl\/wp-json\/wp\/v2\/pages\/50357\/revisions"}],"predecessor-version":[{"id":55885,"href":"https:\/\/mediaboard.com\/pl\/wp-json\/wp\/v2\/pages\/50357\/revisions\/55885"}],"wp:attachment":[{"href":"https:\/\/mediaboard.com\/pl\/wp-json\/wp\/v2\/media?parent=50357"}],"curies":[{"name":"wp","href":"https:\/\/api.w.org\/{rel}","templated":true}]}}