{"id":5686,"date":"2019-12-19T13:22:38","date_gmt":"2019-12-19T12:22:38","guid":{"rendered":"https:\/\/mediaboard.com\/medienanalyse\/"},"modified":"2024-05-13T14:00:17","modified_gmt":"2024-05-13T12:00:17","slug":"analiza-mediow-old","status":"publish","type":"page","link":"https:\/\/mediaboard.com\/pl\/analiza-mediow-old\/","title":{"rendered":"Analiza medi\u00f3w old"},"content":{"rendered":"","protected":false},"excerpt":{"rendered":"","protected":false},"author":1,"featured_media":5575,"parent":0,"menu_order":0,"comment_status":"closed","ping_status":"closed","template":"page-monitoring.php","meta":[],"acf":[],"yoast_head":"<!-- This site is optimized with the Yoast SEO plugin v18.2 - https:\/\/yoast.com\/wordpress\/plugins\/seo\/ -->\n<meta name=\"robots\" content=\"index, follow, max-snippet:-1, max-image-preview:large, max-video-preview:-1\" \/>\n<link rel=\"canonical\" href=\"https:\/\/mediaboard.com\/pl\/analiza-mediow-old\/\" \/>\n<meta property=\"og:locale\" content=\"pl_PL\" \/>\n<meta property=\"og:type\" content=\"article\" \/>\n<meta property=\"og:title\" content=\"Analiza medi\u00f3w old - Mediaboard.com\" \/>\n<meta property=\"og:url\" content=\"https:\/\/mediaboard.com\/pl\/analiza-mediow-old\/\" \/>\n<meta property=\"og:site_name\" content=\"Mediaboard.com\" \/>\n<meta property=\"article:modified_time\" content=\"2024-05-13T12:00:17+00:00\" \/>\n<meta property=\"og:image\" content=\"https:\/\/mediaboard.com\/wp-content\/uploads\/2020\/04\/Mediaboard-homepage-EN.png\" \/>\n\t<meta property=\"og:image:width\" content=\"1606\" \/>\n\t<meta property=\"og:image:height\" content=\"1211\" \/>\n\t<meta property=\"og:image:type\" content=\"image\/png\" \/>\n<meta name=\"twitter:card\" content=\"summary_large_image\" \/>\n<script type=\"application\/ld+json\" class=\"yoast-schema-graph\">{\"@context\":\"https:\/\/schema.org\",\"@graph\":[{\"@type\":\"WebSite\",\"@id\":\"https:\/\/mediaboard.com\/#website\",\"url\":\"https:\/\/mediaboard.com\/\",\"name\":\"Mediaboard.com\",\"description\":\"Monitoring, anal\u00fdza a m\u011b\u0159en\u00ed m\u00e9di\u00ed nov\u00e9 generace\",\"potentialAction\":[{\"@type\":\"SearchAction\",\"target\":{\"@type\":\"EntryPoint\",\"urlTemplate\":\"https:\/\/mediaboard.com\/?s={search_term_string}\"},\"query-input\":\"required name=search_term_string\"}],\"inLanguage\":\"pl-PL\"},{\"@type\":\"ImageObject\",\"@id\":\"https:\/\/mediaboard.com\/pl\/analiza-mediow-old\/#primaryimage\",\"inLanguage\":\"pl-PL\",\"url\":\"https:\/\/mediaboard.com\/wp-content\/uploads\/2020\/04\/Mediaboard-homepage-EN.png\",\"contentUrl\":\"https:\/\/mediaboard.com\/wp-content\/uploads\/2020\/04\/Mediaboard-homepage-EN.png\",\"width\":1606,\"height\":1211},{\"@type\":\"WebPage\",\"@id\":\"https:\/\/mediaboard.com\/pl\/analiza-mediow-old\/#webpage\",\"url\":\"https:\/\/mediaboard.com\/pl\/analiza-mediow-old\/\",\"name\":\"Analiza medi\u00f3w old - Mediaboard.com\",\"isPartOf\":{\"@id\":\"https:\/\/mediaboard.com\/#website\"},\"primaryImageOfPage\":{\"@id\":\"https:\/\/mediaboard.com\/pl\/analiza-mediow-old\/#primaryimage\"},\"datePublished\":\"2019-12-19T12:22:38+00:00\",\"dateModified\":\"2024-05-13T12:00:17+00:00\",\"breadcrumb\":{\"@id\":\"https:\/\/mediaboard.com\/pl\/analiza-mediow-old\/#breadcrumb\"},\"inLanguage\":\"pl-PL\",\"potentialAction\":[{\"@type\":\"ReadAction\",\"target\":[\"https:\/\/mediaboard.com\/pl\/analiza-mediow-old\/\"]}]},{\"@type\":\"BreadcrumbList\",\"@id\":\"https:\/\/mediaboard.com\/pl\/analiza-mediow-old\/#breadcrumb\",\"itemListElement\":[{\"@type\":\"ListItem\",\"position\":1,\"name\":\"Home\",\"item\":\"https:\/\/mediaboard.com\/pl\/\"},{\"@type\":\"ListItem\",\"position\":2,\"name\":\"Analiza medi\u00f3w old\"}]}]}<\/script>\n<!-- \/ Yoast SEO plugin. -->","yoast_head_json":{"robots":{"index":"index","follow":"follow","max-snippet":"max-snippet:-1","max-image-preview":"max-image-preview:large","max-video-preview":"max-video-preview:-1"},"canonical":"https:\/\/mediaboard.com\/pl\/analiza-mediow-old\/","og_locale":"pl_PL","og_type":"article","og_title":"Analiza medi\u00f3w old - Mediaboard.com","og_url":"https:\/\/mediaboard.com\/pl\/analiza-mediow-old\/","og_site_name":"Mediaboard.com","article_modified_time":"2024-05-13T12:00:17+00:00","og_image":[{"width":1606,"height":1211,"url":"https:\/\/mediaboard.com\/wp-content\/uploads\/2020\/04\/Mediaboard-homepage-EN.png","type":"image\/png"}],"twitter_card":"summary_large_image","schema":{"@context":"https:\/\/schema.org","@graph":[{"@type":"WebSite","@id":"https:\/\/mediaboard.com\/#website","url":"https:\/\/mediaboard.com\/","name":"Mediaboard.com","description":"Monitoring, anal\u00fdza a m\u011b\u0159en\u00ed m\u00e9di\u00ed nov\u00e9 generace","potentialAction":[{"@type":"SearchAction","target":{"@type":"EntryPoint","urlTemplate":"https:\/\/mediaboard.com\/?s={search_term_string}"},"query-input":"required name=search_term_string"}],"inLanguage":"pl-PL"},{"@type":"ImageObject","@id":"https:\/\/mediaboard.com\/pl\/analiza-mediow-old\/#primaryimage","inLanguage":"pl-PL","url":"https:\/\/mediaboard.com\/wp-content\/uploads\/2020\/04\/Mediaboard-homepage-EN.png","contentUrl":"https:\/\/mediaboard.com\/wp-content\/uploads\/2020\/04\/Mediaboard-homepage-EN.png","width":1606,"height":1211},{"@type":"WebPage","@id":"https:\/\/mediaboard.com\/pl\/analiza-mediow-old\/#webpage","url":"https:\/\/mediaboard.com\/pl\/analiza-mediow-old\/","name":"Analiza medi\u00f3w old - Mediaboard.com","isPartOf":{"@id":"https:\/\/mediaboard.com\/#website"},"primaryImageOfPage":{"@id":"https:\/\/mediaboard.com\/pl\/analiza-mediow-old\/#primaryimage"},"datePublished":"2019-12-19T12:22:38+00:00","dateModified":"2024-05-13T12:00:17+00:00","breadcrumb":{"@id":"https:\/\/mediaboard.com\/pl\/analiza-mediow-old\/#breadcrumb"},"inLanguage":"pl-PL","potentialAction":[{"@type":"ReadAction","target":["https:\/\/mediaboard.com\/pl\/analiza-mediow-old\/"]}]},{"@type":"BreadcrumbList","@id":"https:\/\/mediaboard.com\/pl\/analiza-mediow-old\/#breadcrumb","itemListElement":[{"@type":"ListItem","position":1,"name":"Home","item":"https:\/\/mediaboard.com\/pl\/"},{"@type":"ListItem","position":2,"name":"Analiza medi\u00f3w old"}]}]}},"_links":{"self":[{"href":"https:\/\/mediaboard.com\/pl\/wp-json\/wp\/v2\/pages\/5686"}],"collection":[{"href":"https:\/\/mediaboard.com\/pl\/wp-json\/wp\/v2\/pages"}],"about":[{"href":"https:\/\/mediaboard.com\/pl\/wp-json\/wp\/v2\/types\/page"}],"author":[{"embeddable":true,"href":"https:\/\/mediaboard.com\/pl\/wp-json\/wp\/v2\/users\/1"}],"replies":[{"embeddable":true,"href":"https:\/\/mediaboard.com\/pl\/wp-json\/wp\/v2\/comments?post=5686"}],"version-history":[{"count":28,"href":"https:\/\/mediaboard.com\/pl\/wp-json\/wp\/v2\/pages\/5686\/revisions"}],"predecessor-version":[{"id":41407,"href":"https:\/\/mediaboard.com\/pl\/wp-json\/wp\/v2\/pages\/5686\/revisions\/41407"}],"wp:featuredmedia":[{"embeddable":true,"href":"https:\/\/mediaboard.com\/pl\/wp-json\/wp\/v2\/media\/5575"}],"wp:attachment":[{"href":"https:\/\/mediaboard.com\/pl\/wp-json\/wp\/v2\/media?parent=5686"}],"curies":[{"name":"wp","href":"https:\/\/api.w.org\/{rel}","templated":true}]}}