{"id":5772,"date":"2020-01-29T14:02:18","date_gmt":"2020-01-29T13:02:18","guid":{"rendered":"https:\/\/mediaboard.com\/verbindung\/"},"modified":"2024-05-13T14:02:14","modified_gmt":"2024-05-13T12:02:14","slug":"integracja-old","status":"publish","type":"page","link":"https:\/\/mediaboard.com\/pl\/integracja-old\/","title":{"rendered":"Integracja old"},"content":{"rendered":"\t\t<div data-elementor-type=\"wp-page\" data-elementor-id=\"5772\" class=\"elementor elementor-5772\" data-elementor-settings=\"[]\">\n\t\t\t\t\t\t<div class=\"elementor-inner\">\n\t\t\t\t\t\t\t<div class=\"elementor-section-wrap\">\n\t\t\t\t\t\t\t<section class=\"elementor-section elementor-top-section elementor-element elementor-element-563f022 elementor-section-boxed elementor-section-height-default elementor-section-height-default\" data-id=\"563f022\" data-element_type=\"section\">\n\t\t\t\t\t\t<div class=\"elementor-container elementor-column-gap-default\">\n\t\t\t\t\t\t\t<div class=\"elementor-row\">\n\t\t\t\t\t<div class=\"elementor-column elementor-col-100 elementor-top-column elementor-element elementor-element-1c5792b\" data-id=\"1c5792b\" data-element_type=\"column\">\n\t\t\t<div class=\"elementor-column-wrap elementor-element-populated\">\n\t\t\t\t\t\t\t<div class=\"elementor-widget-wrap\">\n\t\t\t\t\t\t<div class=\"elementor-element elementor-element-4bf8820 elementor-widget elementor-widget-text-editor\" data-id=\"4bf8820\" data-element_type=\"widget\" data-widget_type=\"text-editor.default\">\n\t\t\t\t<div class=\"elementor-widget-container\">\n\t\t\t\t\t<div class=\"elementor-text-editor elementor-clearfix\"><section class=\"merk-section\"><div class=\"container\"><div class=\"row\"><p>Monitor\u0119 mo\u017cna \u0142atwo zintegrowa\u0107 z inny,i systemami, takimi jak np. Google Analytics, r\u00f3\u017cnego rodzaju bazy danych lub CRM. Po\u0142\u0105czone aplikacje umo\u017cliwiaj\u0105 jeszcze lepsze \u015bledzenie rozwoju medialnego Twojej marki, firmy, produktu.<\/p><p>Mo\u017cesz u\u017cywa\u0107 Monitory po\u0142\u0105czonej z Twpj\u0105 aplikacj\u0105 zar\u00f3w o na telefonie kom\u00f3rkowym, gdy jeste\u015b poza biurem czy domem, jak i na komputerze w zaciszu Twojego mieszkania czy w pracy.<\/p><p>Mediaboard mo\u017ce by\u0107 r\u00f3wnie\u017c po\u0142\u0105czona z Twoj\u0105 aplikacj\u0105, nawet je\u015bli nie ma jej na poni\u017cszej li\u015bcie.<\/p><\/div><\/div><\/section><\/div>\n\t\t\t\t<\/div>\n\t\t\t\t<\/div>\n\t\t\t\t\t\t<\/div>\n\t\t\t\t\t<\/div>\n\t\t<\/div>\n\t\t\t\t\t\t\t\t<\/div>\n\t\t\t\t\t<\/div>\n\t\t<\/section>\n\t\t\t\t<section class=\"elementor-section elementor-top-section elementor-element elementor-element-637d223 elementor-section-boxed elementor-section-height-default elementor-section-height-default\" data-id=\"637d223\" data-element_type=\"section\">\n\t\t\t\t\t\t<div class=\"elementor-container elementor-column-gap-default\">\n\t\t\t\t\t\t\t<div class=\"elementor-row\">\n\t\t\t\t\t<div class=\"elementor-column elementor-col-100 elementor-top-column elementor-element elementor-element-84b90fa\" data-id=\"84b90fa\" data-element_type=\"column\">\n\t\t\t<div class=\"elementor-column-wrap elementor-element-populated\">\n\t\t\t\t\t\t\t<div class=\"elementor-widget-wrap\">\n\t\t\t\t\t\t<div class=\"elementor-element elementor-element-823ea4c elementor-widget elementor-widget-image\" data-id=\"823ea4c\" data-element_type=\"widget\" data-widget_type=\"image.default\">\n\t\t\t\t<div class=\"elementor-widget-container\">\n\t\t\t\t\t<div class=\"elementor-image\">\n\t\t\t\t\t\t\t\t\t\t<img width=\"885\" height=\"1579\" src=\"https:\/\/mediaboard.com\/wp-content\/uploads\/2021\/01\/integrace-new-1.jpg\" class=\"attachment-full size-full\" alt=\"\" loading=\"lazy\" srcset=\"https:\/\/mediaboard.com\/wp-content\/uploads\/2021\/01\/integrace-new-1.jpg 885w, https:\/\/mediaboard.com\/wp-content\/uploads\/2021\/01\/integrace-new-1-168x300.jpg 168w, https:\/\/mediaboard.com\/wp-content\/uploads\/2021\/01\/integrace-new-1-574x1024.jpg 574w, https:\/\/mediaboard.com\/wp-content\/uploads\/2021\/01\/integrace-new-1-768x1370.jpg 768w, https:\/\/mediaboard.com\/wp-content\/uploads\/2021\/01\/integrace-new-1-861x1536.jpg 861w, https:\/\/mediaboard.com\/wp-content\/uploads\/2021\/01\/integrace-new-1-13x24.jpg 13w, https:\/\/mediaboard.com\/wp-content\/uploads\/2021\/01\/integrace-new-1-20x36.jpg 20w, https:\/\/mediaboard.com\/wp-content\/uploads\/2021\/01\/integrace-new-1-27x48.jpg 27w\" sizes=\"(max-width: 885px) 100vw, 885px\" \/>\t\t\t\t\t\t\t\t\t\t\t<\/div>\n\t\t\t\t<\/div>\n\t\t\t\t<\/div>\n\t\t\t\t\t\t<\/div>\n\t\t\t\t\t<\/div>\n\t\t<\/div>\n\t\t\t\t\t\t\t\t<\/div>\n\t\t\t\t\t<\/div>\n\t\t<\/section>\n\t\t\t\t<section class=\"elementor-section elementor-top-section elementor-element elementor-element-abf67d5 elementor-section-boxed elementor-section-height-default elementor-section-height-default\" data-id=\"abf67d5\" data-element_type=\"section\">\n\t\t\t\t\t\t<div class=\"elementor-container elementor-column-gap-default\">\n\t\t\t\t\t\t\t<div class=\"elementor-row\">\n\t\t\t\t\t<div class=\"elementor-column elementor-col-100 elementor-top-column elementor-element elementor-element-10c65b9\" data-id=\"10c65b9\" data-element_type=\"column\">\n\t\t\t<div class=\"elementor-column-wrap elementor-element-populated\">\n\t\t\t\t\t\t\t<div class=\"elementor-widget-wrap\">\n\t\t\t\t\t\t<div class=\"elementor-element elementor-element-4eb1c8c elementor-widget elementor-widget-spacer\" data-id=\"4eb1c8c\" data-element_type=\"widget\" data-widget_type=\"spacer.default\">\n\t\t\t\t<div class=\"elementor-widget-container\">\n\t\t\t\t\t<div class=\"elementor-spacer\">\n\t\t\t<div class=\"elementor-spacer-inner\"><\/div>\n\t\t<\/div>\n\t\t\t\t<\/div>\n\t\t\t\t<\/div>\n\t\t\t\t\t\t<\/div>\n\t\t\t\t\t<\/div>\n\t\t<\/div>\n\t\t\t\t\t\t\t\t<\/div>\n\t\t\t\t\t<\/div>\n\t\t<\/section>\n\t\t\t\t<section class=\"elementor-section elementor-top-section elementor-element elementor-element-a695768 elementor-section-boxed elementor-section-height-default elementor-section-height-default\" data-id=\"a695768\" data-element_type=\"section\">\n\t\t\t\t\t\t<div class=\"elementor-container elementor-column-gap-default\">\n\t\t\t\t\t\t\t<div class=\"elementor-row\">\n\t\t\t\t\t<div class=\"elementor-column elementor-col-100 elementor-top-column elementor-element elementor-element-147bd4f\" data-id=\"147bd4f\" data-element_type=\"column\">\n\t\t\t<div class=\"elementor-column-wrap elementor-element-populated\">\n\t\t\t\t\t\t\t<div class=\"elementor-widget-wrap\">\n\t\t\t\t\t\t<div class=\"elementor-element elementor-element-3c11b51 elementor-widget elementor-widget-imper-cta\" data-id=\"3c11b51\" data-element_type=\"widget\" data-widget_type=\"imper-cta.default\">\n\t\t\t\t<div class=\"elementor-widget-container\">\n\t\t\t<section class='content-top cta-box'><a href='https:\/\/app.monitora.pl\/sign-up' class='button right green green-shadow'>Jestem zainteresowany\/a<\/a><div class='section-title small text-left'><center>Wypr\u00f3buj Monitor\u0119 dla Twojej firmy.<br><b>Za darmo<\/b> na 14 dni.<\/center><\/div><\/section>\t\t<\/div>\n\t\t\t\t<\/div>\n\t\t\t\t\t\t<\/div>\n\t\t\t\t\t<\/div>\n\t\t<\/div>\n\t\t\t\t\t\t\t\t<\/div>\n\t\t\t\t\t<\/div>\n\t\t<\/section>\n\t\t\t\t\t\t<\/div>\n\t\t\t\t\t\t<\/div>\n\t\t\t\t\t<\/div>\n\t\t","protected":false},"excerpt":{"rendered":"<p>Monitor\u0119 mo\u017cna \u0142atwo zintegrowa\u0107 z inny,i systemami, takimi jak np. Google Analytics, r\u00f3\u017cnego rodzaju bazy danych lub CRM. Po\u0142\u0105czone aplikacje&#8230;<\/p>\n","protected":false},"author":1,"featured_media":0,"parent":0,"menu_order":0,"comment_status":"closed","ping_status":"closed","template":"","meta":[],"acf":[],"yoast_head":"<!-- This site is optimized with the Yoast SEO plugin v18.2 - https:\/\/yoast.com\/wordpress\/plugins\/seo\/ -->\n<meta name=\"robots\" content=\"index, follow, max-snippet:-1, max-image-preview:large, max-video-preview:-1\" \/>\n<link rel=\"canonical\" href=\"https:\/\/mediaboard.com\/pl\/integracja-old\/\" \/>\n<meta property=\"og:locale\" content=\"pl_PL\" \/>\n<meta property=\"og:type\" content=\"article\" \/>\n<meta property=\"og:title\" content=\"Integracja old - Mediaboard.com\" \/>\n<meta property=\"og:description\" content=\"Monitor\u0119 mo\u017cna \u0142atwo zintegrowa\u0107 z inny,i systemami, takimi jak np. Google Analytics, r\u00f3\u017cnego rodzaju bazy danych lub CRM. Po\u0142\u0105czone aplikacje...\" \/>\n<meta property=\"og:url\" content=\"https:\/\/mediaboard.com\/pl\/integracja-old\/\" \/>\n<meta property=\"og:site_name\" content=\"Mediaboard.com\" \/>\n<meta property=\"article:modified_time\" content=\"2024-05-13T12:02:14+00:00\" \/>\n<meta property=\"og:image\" content=\"https:\/\/mediaboard.com\/wp-content\/uploads\/2025\/04\/Mediaboard-2.jpg\" \/>\n<meta name=\"twitter:card\" content=\"summary_large_image\" \/>\n<meta name=\"twitter:label1\" content=\"Szacowany czas czytania\" \/>\n\t<meta name=\"twitter:data1\" content=\"1 minuta\" \/>\n<script type=\"application\/ld+json\" class=\"yoast-schema-graph\">{\"@context\":\"https:\/\/schema.org\",\"@graph\":[{\"@type\":\"WebSite\",\"@id\":\"https:\/\/mediaboard.com\/#website\",\"url\":\"https:\/\/mediaboard.com\/\",\"name\":\"Mediaboard.com\",\"description\":\"Monitoring, anal\u00fdza a m\u011b\u0159en\u00ed m\u00e9di\u00ed nov\u00e9 generace\",\"potentialAction\":[{\"@type\":\"SearchAction\",\"target\":{\"@type\":\"EntryPoint\",\"urlTemplate\":\"https:\/\/mediaboard.com\/?s={search_term_string}\"},\"query-input\":\"required name=search_term_string\"}],\"inLanguage\":\"pl-PL\"},{\"@type\":\"ImageObject\",\"@id\":\"https:\/\/mediaboard.com\/pl\/integracja-old\/#primaryimage\",\"inLanguage\":\"pl-PL\",\"url\":\"https:\/\/monitora.pl\/wp-content\/uploads\/2021\/01\/integrace-new-1.jpg\",\"contentUrl\":\"https:\/\/monitora.pl\/wp-content\/uploads\/2021\/01\/integrace-new-1.jpg\"},{\"@type\":\"WebPage\",\"@id\":\"https:\/\/mediaboard.com\/pl\/integracja-old\/#webpage\",\"url\":\"https:\/\/mediaboard.com\/pl\/integracja-old\/\",\"name\":\"Integracja old - Mediaboard.com\",\"isPartOf\":{\"@id\":\"https:\/\/mediaboard.com\/#website\"},\"primaryImageOfPage\":{\"@id\":\"https:\/\/mediaboard.com\/pl\/integracja-old\/#primaryimage\"},\"datePublished\":\"2020-01-29T13:02:18+00:00\",\"dateModified\":\"2024-05-13T12:02:14+00:00\",\"breadcrumb\":{\"@id\":\"https:\/\/mediaboard.com\/pl\/integracja-old\/#breadcrumb\"},\"inLanguage\":\"pl-PL\",\"potentialAction\":[{\"@type\":\"ReadAction\",\"target\":[\"https:\/\/mediaboard.com\/pl\/integracja-old\/\"]}]},{\"@type\":\"BreadcrumbList\",\"@id\":\"https:\/\/mediaboard.com\/pl\/integracja-old\/#breadcrumb\",\"itemListElement\":[{\"@type\":\"ListItem\",\"position\":1,\"name\":\"Home\",\"item\":\"https:\/\/mediaboard.com\/pl\/\"},{\"@type\":\"ListItem\",\"position\":2,\"name\":\"Integracja old\"}]}]}<\/script>\n<!-- \/ Yoast SEO plugin. -->","yoast_head_json":{"robots":{"index":"index","follow":"follow","max-snippet":"max-snippet:-1","max-image-preview":"max-image-preview:large","max-video-preview":"max-video-preview:-1"},"canonical":"https:\/\/mediaboard.com\/pl\/integracja-old\/","og_locale":"pl_PL","og_type":"article","og_title":"Integracja old - Mediaboard.com","og_description":"Monitor\u0119 mo\u017cna \u0142atwo zintegrowa\u0107 z inny,i systemami, takimi jak np. Google Analytics, r\u00f3\u017cnego rodzaju bazy danych lub CRM. Po\u0142\u0105czone aplikacje...","og_url":"https:\/\/mediaboard.com\/pl\/integracja-old\/","og_site_name":"Mediaboard.com","article_modified_time":"2024-05-13T12:02:14+00:00","og_image":[{"url":"https:\/\/mediaboard.com\/wp-content\/uploads\/2025\/04\/Mediaboard-2.jpg"}],"twitter_card":"summary_large_image","twitter_misc":{"Szacowany czas czytania":"1 minuta"},"schema":{"@context":"https:\/\/schema.org","@graph":[{"@type":"WebSite","@id":"https:\/\/mediaboard.com\/#website","url":"https:\/\/mediaboard.com\/","name":"Mediaboard.com","description":"Monitoring, anal\u00fdza a m\u011b\u0159en\u00ed m\u00e9di\u00ed nov\u00e9 generace","potentialAction":[{"@type":"SearchAction","target":{"@type":"EntryPoint","urlTemplate":"https:\/\/mediaboard.com\/?s={search_term_string}"},"query-input":"required name=search_term_string"}],"inLanguage":"pl-PL"},{"@type":"ImageObject","@id":"https:\/\/mediaboard.com\/pl\/integracja-old\/#primaryimage","inLanguage":"pl-PL","url":"https:\/\/monitora.pl\/wp-content\/uploads\/2021\/01\/integrace-new-1.jpg","contentUrl":"https:\/\/monitora.pl\/wp-content\/uploads\/2021\/01\/integrace-new-1.jpg"},{"@type":"WebPage","@id":"https:\/\/mediaboard.com\/pl\/integracja-old\/#webpage","url":"https:\/\/mediaboard.com\/pl\/integracja-old\/","name":"Integracja old - Mediaboard.com","isPartOf":{"@id":"https:\/\/mediaboard.com\/#website"},"primaryImageOfPage":{"@id":"https:\/\/mediaboard.com\/pl\/integracja-old\/#primaryimage"},"datePublished":"2020-01-29T13:02:18+00:00","dateModified":"2024-05-13T12:02:14+00:00","breadcrumb":{"@id":"https:\/\/mediaboard.com\/pl\/integracja-old\/#breadcrumb"},"inLanguage":"pl-PL","potentialAction":[{"@type":"ReadAction","target":["https:\/\/mediaboard.com\/pl\/integracja-old\/"]}]},{"@type":"BreadcrumbList","@id":"https:\/\/mediaboard.com\/pl\/integracja-old\/#breadcrumb","itemListElement":[{"@type":"ListItem","position":1,"name":"Home","item":"https:\/\/mediaboard.com\/pl\/"},{"@type":"ListItem","position":2,"name":"Integracja old"}]}]}},"_links":{"self":[{"href":"https:\/\/mediaboard.com\/pl\/wp-json\/wp\/v2\/pages\/5772"}],"collection":[{"href":"https:\/\/mediaboard.com\/pl\/wp-json\/wp\/v2\/pages"}],"about":[{"href":"https:\/\/mediaboard.com\/pl\/wp-json\/wp\/v2\/types\/page"}],"author":[{"embeddable":true,"href":"https:\/\/mediaboard.com\/pl\/wp-json\/wp\/v2\/users\/1"}],"replies":[{"embeddable":true,"href":"https:\/\/mediaboard.com\/pl\/wp-json\/wp\/v2\/comments?post=5772"}],"version-history":[{"count":8,"href":"https:\/\/mediaboard.com\/pl\/wp-json\/wp\/v2\/pages\/5772\/revisions"}],"predecessor-version":[{"id":41409,"href":"https:\/\/mediaboard.com\/pl\/wp-json\/wp\/v2\/pages\/5772\/revisions\/41409"}],"wp:attachment":[{"href":"https:\/\/mediaboard.com\/pl\/wp-json\/wp\/v2\/media?parent=5772"}],"curies":[{"name":"wp","href":"https:\/\/api.w.org\/{rel}","templated":true}]}}