{"id":35704,"date":"2023-09-11T15:47:31","date_gmt":"2023-09-11T13:47:31","guid":{"rendered":"https:\/\/mediaboard.com\/?page_id=35704"},"modified":"2026-01-08T19:26:35","modified_gmt":"2026-01-08T18:26:35","slug":"o-nas","status":"publish","type":"page","link":"https:\/\/mediaboard.com\/sk\/o-nas\/","title":{"rendered":"O Mediaboarde"},"content":{"rendered":"\t\t<div data-elementor-type=\"wp-page\" data-elementor-id=\"35704\" class=\"elementor elementor-35704 elementor-32368\" data-elementor-settings=\"[]\">\n\t\t\t\t\t\t<div class=\"elementor-inner\">\n\t\t\t\t\t\t\t<div class=\"elementor-section-wrap\">\n\t\t\t\t\t\t\t<section class=\"elementor-section elementor-top-section elementor-element elementor-element-16a5c62 elementor-section-full_width elementor-section-height-default elementor-section-height-default\" data-id=\"16a5c62\" data-element_type=\"section\">\n\t\t\t\t\t\t<div class=\"elementor-container elementor-column-gap-default\">\n\t\t\t\t\t\t\t<div class=\"elementor-row\">\n\t\t\t\t\t<div class=\"elementor-column elementor-col-100 elementor-top-column elementor-element elementor-element-34c36b4\" data-id=\"34c36b4\" data-element_type=\"column\">\n\t\t\t<div class=\"elementor-column-wrap elementor-element-populated\">\n\t\t\t\t\t\t\t<div class=\"elementor-widget-wrap\">\n\t\t\t\t\t\t<div class=\"elementor-element elementor-element-d00e1b4 elementor-widget elementor-widget-html\" data-id=\"d00e1b4\" data-element_type=\"widget\" data-widget_type=\"html.default\">\n\t\t\t\t<div class=\"elementor-widget-container\">\n\t\t\t <div class=\"about-us-video-wrap\">\r\n              <iframe src=\"https:\/\/player.vimeo.com\/video\/709449584?h=11d2ab7725&autoplay=1&loop=1&muted=1&title=0&portrait=0&controls=0\" frameborder=\"0\" allowfullscreen=\"allowfullscreen\"><\/iframe>\r\n\r\n        <\/div>\t\t<\/div>\n\t\t\t\t<\/div>\n\t\t\t\t<div class=\"elementor-element elementor-element-cbd649d elementor-widget elementor-widget-html\" data-id=\"cbd649d\" data-element_type=\"widget\" data-widget_type=\"html.default\">\n\t\t\t\t<div class=\"elementor-widget-container\">\n\t\t\t    <div class=\"mt-4\">\r\n      <div class=\"container\">\r\n        <div class=\"max-w-[696px] mx-auto\">\r\n          <h2 class=\"text-base leading-7 font-semibold text-blue-400 uppercase text-center\"><\/h2>\r\n          <h1 class=\"mt-1 text-5.5xl font-bold text-blue-400 text-center\">O Mediaboarde<\/h1>\r\n        <\/div><\/div><\/div>\t\t<\/div>\n\t\t\t\t<\/div>\n\t\t\t\t\t\t<\/div>\n\t\t\t\t\t<\/div>\n\t\t<\/div>\n\t\t\t\t\t\t\t\t<\/div>\n\t\t\t\t\t<\/div>\n\t\t<\/section>\n\t\t\t\t<section class=\"elementor-section elementor-top-section elementor-element elementor-element-13c151c elementor-section-boxed elementor-section-height-default elementor-section-height-default\" data-id=\"13c151c\" data-element_type=\"section\">\n\t\t\t\t\t\t<div class=\"elementor-container elementor-column-gap-default\">\n\t\t\t\t\t\t\t<div class=\"elementor-row\">\n\t\t\t\t\t<div class=\"elementor-column elementor-col-100 elementor-top-column elementor-element elementor-element-bbf2f38\" data-id=\"bbf2f38\" data-element_type=\"column\">\n\t\t\t<div class=\"elementor-column-wrap elementor-element-populated\">\n\t\t\t\t\t\t\t<div class=\"elementor-widget-wrap\">\n\t\t\t\t\t\t<div class=\"elementor-element elementor-element-b7cca43 elementor-widget elementor-widget-block-with-right-image\" data-id=\"b7cca43\" data-element_type=\"widget\" data-widget_type=\"block-with-right-image.default\">\n\t\t\t\t<div class=\"elementor-widget-container\">\n\t\t\t<div class='w-full bg-white rounded-base grid lg:grid-rows-1 lg:grid-cols-2 block-with-image-height-auto overflow-hidden shadow-base shadow-base'>\r\n\t\t\t<div class='p-4 md:p-8 flex flex-col justify-between order-2 lg:order-1'>\r\n\t\t\t\t<div>\r\n\t\t\t\t\t\r\n\t\t\t\t\t<h3 class='text-2xl md:text-4.5xl font-semibold text-blue-400'>\r\n\t\t\t\t\t\tPos\u00favame komunik\u00e1ciu a PR na nov\u00fa \u00farove\u0148\r\n\t\t\t\t\t<\/h3>\r\n\t\t\t\t<\/div>\r\n\t\t\t\t<div>\r\n\t\t\t\t\t<p class='mt-6 md:mt-0 text-sm leading-6 md:text-base md:leading-relaxed2 text-blue-400'>\r\n\t\t\t\t\t\tMediaboard je popredn\u00fdm poskytovate\u013eom pokro\u010dil\u00fdch rie\u0161en\u00ed v oblasti media intelligence navrhnut\u00fdch tak, aby firm\u00e1m umo\u017enili lep\u0161ie sa orientova\u0165 v dynamickom svete m\u00e9di\u00ed. D\u00e1vame organiz\u00e1ci\u00e1m mo\u017enos\u0165 z\u00edska\u0165 cenn\u00e9 preh\u013eady, sledova\u0165 medi\u00e1lne pokrytie, trendy v odvetv\u00ed a robi\u0165 informovan\u00e9 rozhodnutia na z\u00e1klade na\u0161ich \u0161ikovn\u00fdch d\u00e1t.\r\n\t\t\t\t\t<\/p>\r\n\t\t\t\t\t<a class='flex items-center text-base font-medium text-blue mt-6' href='https:\/\/mediaboard.com\/sk\/kontakt'>\r\n\t\t\t\t\tKontaktujte n\u00e1s\r\n\t\t\t\t\t<svg class='inline-block ml-2 w-4 h-4'>\r\n\t\t\t\t\t\t<use href='https:\/\/mediaboard.com\/wp-content\/themes\/monitora.cz\/assets\/sprite.svg#icon_arrow_right_blue'><\/use>\r\n\t\t\t\t\t<\/svg>\r\n\t\t\t\t<\/a>\r\n\t\t\t\r\n\t\t\t\t<\/div>\r\n\t\t\t<\/div>\r\n\t\t\t<div class='order-1 lg:order-2 relative'>\r\n\t\t\t\t<img width=\"540\" height=\"440\" src=\"https:\/\/mediaboard.com\/wp-content\/uploads\/2023\/09\/about_mediaboard_logo@2x.png\" class=\"object-cover w-full h-full\" alt=\"\" loading=\"lazy\" srcset=\"https:\/\/mediaboard.com\/wp-content\/uploads\/2023\/09\/about_mediaboard_logo@2x.png 1080w, https:\/\/mediaboard.com\/wp-content\/uploads\/2023\/09\/about_mediaboard_logo@2x-300x244.png 300w, https:\/\/mediaboard.com\/wp-content\/uploads\/2023\/09\/about_mediaboard_logo@2x-1024x834.png 1024w, https:\/\/mediaboard.com\/wp-content\/uploads\/2023\/09\/about_mediaboard_logo@2x-768x626.png 768w, https:\/\/mediaboard.com\/wp-content\/uploads\/2023\/09\/about_mediaboard_logo@2x-24x20.png 24w, https:\/\/mediaboard.com\/wp-content\/uploads\/2023\/09\/about_mediaboard_logo@2x-36x29.png 36w, https:\/\/mediaboard.com\/wp-content\/uploads\/2023\/09\/about_mediaboard_logo@2x-48x39.png 48w\" sizes=\"(max-width: 540px) 100vw, 540px\" \/>\r\n\t\t\t<\/div>\r\n\t\t<\/div>\t\t<\/div>\n\t\t\t\t<\/div>\n\t\t\t\t<div class=\"elementor-element elementor-element-e1788ac elementor-widget elementor-widget-html\" data-id=\"e1788ac\" data-element_type=\"widget\" data-widget_type=\"html.default\">\n\t\t\t\t<div class=\"elementor-widget-container\">\n\t\t\t<div class=\"lg:mt-6\">\n          <div>\n            <div class=\"grid lg:grid-cols-2 gap-6\">\n              <div\n                class=\"shadow-base bg-white rounded-base overflow-hidden lg:h-[275px] px-6 py-9 pb-7 flex flex-col relative\">\n                <div class=\"absolute top-0 w-14 h-4 bg-blue rounded-b-sm\"><\/div>\n                <div><h4 class=\"text-2xl leading-none font-semibold text-blue-400\">Poslanie<\/h4><\/div>\n                <div>\n                  <p class=\"mt-22 text-xl leading-8 text-blue-400\">Uk\u00e1za\u0165 nov\u00fa cestu k pr\u00edstupu a vyu\u017eitiu medi\u00e1lnych d\u00e1t pre efekt\u00edvnej\u0161iu a merate\u013enej\u0161iu komunik\u00e1ciu.<\/p>\n                <\/div>\n              <\/div>\n              <div\n                class=\"shadow-base bg-white rounded-base overflow-hidden lg:h-[275px] px-6 py-9 pb-7 flex flex-col relative\">\n                <div class=\"absolute top-0 w-14 h-4 bg-green rounded-b-sm\"><\/div>\n                <div><h4 class=\"text-2xl leading-none font-semibold text-blue-400\">V\u00edzia<\/h4><\/div>\n                <div>\n                  <p class=\"mt-22 text-xl leading-8 text-blue-400\">Posilni\u0165 zna\u010dky na\u0161ich klientov a podpori\u0165 rozhodovanie firiem zalo\u017een\u00e9 na \u0161ikovn\u00fdch d\u00e1tach s pomocou media intelligence.<\/p>\n                <\/div>\n              <\/div>\n            <\/div>\n          <\/div>\n        <\/div>\t\t<\/div>\n\t\t\t\t<\/div>\n\t\t\t\t\t\t<\/div>\n\t\t\t\t\t<\/div>\n\t\t<\/div>\n\t\t\t\t\t\t\t\t<\/div>\n\t\t\t\t\t<\/div>\n\t\t<\/section>\n\t\t\t\t<section class=\"elementor-section elementor-top-section elementor-element elementor-element-d52bbd2 elementor-section-full_width elementor-section-height-default elementor-section-height-default\" data-id=\"d52bbd2\" data-element_type=\"section\">\n\t\t\t\t\t\t<div class=\"elementor-container elementor-column-gap-default\">\n\t\t\t\t\t\t\t<div class=\"elementor-row\">\n\t\t\t\t\t<div class=\"elementor-column elementor-col-100 elementor-top-column elementor-element elementor-element-236e60e\" data-id=\"236e60e\" data-element_type=\"column\">\n\t\t\t<div class=\"elementor-column-wrap elementor-element-populated\">\n\t\t\t\t\t\t\t<div class=\"elementor-widget-wrap\">\n\t\t\t\t\t\t<div class=\"elementor-element elementor-element-e3cfaa0 elementor-widget elementor-widget-block-with-globe\" data-id=\"e3cfaa0\" data-element_type=\"widget\" data-widget_type=\"block-with-globe.default\">\n\t\t\t\t<div class=\"elementor-widget-container\">\n\t\t\t<div class='h-[540px] relative overflow-hidden section__globe'>\r\n\t\t\t\t\t<div class='polygon' >\r\n\t\t\t\t\t\t<div class='vline-container container'>\r\n\t\t\t\t\t\t\t<div class='relative h-full'>\r\n\t\t\t\t\t\t\t\t<div class='vline absolute left-0 top-0 bottom-0 w-px bg-blue-400 opacity-5 pointer-events-none'><\/div>\r\n\t\t\t\t\t\t\t\t<div class='vline absolute left-25 top-0 bottom-0 w-px bg-blue-400 opacity-5 pointer-events-none'><\/div>\r\n\t\t\t\t\t\t\t\t<div class='vline absolute left-50 top-0 bottom-0 w-px bg-blue-400 opacity-5 pointer-events-none'><\/div>\r\n\t\t\t\t\t\t\t\t<div class='vline absolute left-75 top-0 bottom-0 w-px bg-blue-400 opacity-5 pointer-events-none'><\/div>\r\n\t\t\t\t\t\t\t\t<div class='vline absolute left-100 top-0 bottom-0 w-px bg-blue-400 opacity-5 pointer-events-none'><\/div>\r\n\t\t\t\t\t\t\t<\/div>\r\n\t\t\t\t\t\t<\/div>\r\n\t\t\t\t\t<\/div>\r\n\t\t\t\t\t<div class='globe-content z-10'>\r\n\t\t\t\t\t\t<div class='container'>\r\n\t\t\t\t\t\t\t<div class='inner'>\r\n\t\t\t\t\t\t\t\t<p class='text-2xl leading-7 md:text-4.5xl font-semibold text-white'>Monitorujeme cel\u00fd svet<\/p>\r\n\t\t\t\t\t\t\t\t<div class='mt-5 text-sm leading-6 md:text-base md:leading-relaxed2 text-white'>\r\n\t\t\t\t\t\t\t\t\t<p>V Mediaboarde poskytujeme komplexn\u00e9 slu\u017eby medi\u00e1lneho monitoringu s glob\u00e1lnym dosahom. Na\u0161e \u0161pi\u010dkov\u00e9 n\u00e1stroje a technol\u00f3gie umo\u017e\u0148uj\u00fa sledova\u0165 medi\u00e1lne pokrytie naprie\u010d cel\u00fdm svetom. V\u010faka pobo\u010dk\u00e1m v \u010ceskej republike, Po\u013esku, na Slovensku, v Chorv\u00e1tsku a Slovinsku sp\u00e1jame detailn\u00e9 znalosti miestnych trhov s mo\u017enos\u0165ou poskytova\u0165 slu\u017eby na najvy\u0161\u0161ej svetovej \u00farovni.<\/p>\r\n\t\t\t\t\t\t\t\t<\/div>\r\n\t\t\t\t\t\t\t\t<div class='mt-10'>\r\n\t\t\t\t\t\t\t\t\t\t\t<a href='https:\/\/app.mediaboard.com\/sign-up?pal=sk' class=' relative group\t text-sm leading-4 text-center md:text-base md:leading-none font-semibold px-6 py-5 whitespace-nowrap rounded-full bg-white text-black transition-all duration-300 h-[52px]' style='padding-top: 1.125rem;'>\r\n\t\t\t\t\t\t\t\t\t\t\t\tVysk\u00fa\u0161a\u0165 zadarmo\r\n\t\t\t\t\t\t\t\t\t\t\t<\/a>\r\n\t\t\t\t\t\t\t\t\t\t<\/div>\r\n\t\t\t\t\t\t\t<\/div>\r\n\t\t\t\t\t\t<\/div>\r\n\t\t\t\t\t<\/div>\r\n\t\t\t\t\t<div id='globe'><\/div>\r\n\t\t\t\t<\/div>\t\t<\/div>\n\t\t\t\t<\/div>\n\t\t\t\t\t\t<\/div>\n\t\t\t\t\t<\/div>\n\t\t<\/div>\n\t\t\t\t\t\t\t\t<\/div>\n\t\t\t\t\t<\/div>\n\t\t<\/section>\n\t\t\t\t<section class=\"elementor-section elementor-top-section elementor-element elementor-element-dfe9073 elementor-section-full_width elementor-section-height-default elementor-section-height-default\" data-id=\"dfe9073\" data-element_type=\"section\">\n\t\t\t\t\t\t<div class=\"elementor-container elementor-column-gap-default\">\n\t\t\t\t\t\t\t<div class=\"elementor-row\">\n\t\t\t\t\t<div class=\"elementor-column elementor-col-100 elementor-top-column elementor-element elementor-element-e0cab1b\" data-id=\"e0cab1b\" data-element_type=\"column\">\n\t\t\t<div class=\"elementor-column-wrap elementor-element-populated\">\n\t\t\t\t\t\t\t<div class=\"elementor-widget-wrap\">\n\t\t\t\t\t\t<div class=\"elementor-element elementor-element-2ec8662 elementor-widget elementor-widget-block-with-animation\" data-id=\"2ec8662\" data-element_type=\"widget\" data-widget_type=\"block-with-animation.default\">\n\t\t\t\t<div class=\"elementor-widget-container\">\n\t\t\t<div class='h-[540px] relative overflow-hidden'>\r\n\t\t\t<div class='absolute inset-0'><canvas id='gradient-canvas2'><\/canvas><\/div>\r\n\t\t\t\t<div class='pt-36 pb-32 relative'>\r\n\t\t\t\t\t<div class='container'>\r\n\t\t\t\t\t\t<p class='lg:px-30 font-medium text-xl leading-8 lg:text-3.5xl text-white text-center'>Objavte silu Mediaboardu \u2013 vylep\u0161ite s nami svoju medi\u00e1lnu strat\u00e9giu a sta\u0148te sa l\u00eddrom vo svojom odvetv\u00ed.<\/p>\r\n\t\t\t\t\t\t<div class='mt-18 text-center'>\r\n\t\t\t\t\t\t\t<a href='https:\/\/app.mediaboard.com\/sign-up' class='i relative group block w-[220px] text-sm leading-4 md:w-[240px] text-center md:text-base md:leading-none font-semibold px-6 py-5 whitespace-nowrap rounded-full bg-white text-black transition-all duration-300 mx-auto h-[52px]' style='padding-top: 1.125rem;'>\r\n\t\t\t\t\t\t\t\tVysk\u00fa\u0161a\u0165 zadarmo\r\n\t\t\t\t\t\t\t<\/a>\r\n\t\t\t\t\t\t<\/div>\r\n\t\t\t\t\t<\/div>\r\n\t\t\t\t<\/div>\r\n\t\t\t<\/div>\t\t<\/div>\n\t\t\t\t<\/div>\n\t\t\t\t\t\t<\/div>\n\t\t\t\t\t<\/div>\n\t\t<\/div>\n\t\t\t\t\t\t\t\t<\/div>\n\t\t\t\t\t<\/div>\n\t\t<\/section>\n\t\t\t\t<section class=\"elementor-section elementor-top-section elementor-element elementor-element-c6aed66 elementor-section-boxed elementor-section-height-default elementor-section-height-default\" data-id=\"c6aed66\" data-element_type=\"section\">\n\t\t\t\t\t\t<div class=\"elementor-container elementor-column-gap-default\">\n\t\t\t\t\t\t\t<div class=\"elementor-row\">\n\t\t\t\t\t<div class=\"elementor-column elementor-col-100 elementor-top-column elementor-element elementor-element-cbe93b9\" data-id=\"cbe93b9\" data-element_type=\"column\">\n\t\t\t<div class=\"elementor-column-wrap elementor-element-populated\">\n\t\t\t\t\t\t\t<div class=\"elementor-widget-wrap\">\n\t\t\t\t\t\t<div class=\"elementor-element elementor-element-6bc21ec elementor-widget elementor-widget-block-with-left-image\" data-id=\"6bc21ec\" data-element_type=\"widget\" data-widget_type=\"block-with-left-image.default\">\n\t\t\t\t<div class=\"elementor-widget-container\">\n\t\t\t<div class='w-full bg-white rounded-base grid lg:grid-rows-1 lg:grid-cols-2 block-with-image-height-auto overflow-hidden shadow-base'>\r\n\t\t\t<div>\r\n\t\t\t\t<img width=\"540\" height=\"400\" src=\"https:\/\/mediaboard.com\/wp-content\/uploads\/2023\/09\/about@2x.png\" class=\"object-cover w-full h-full\" alt=\"\" loading=\"lazy\" srcset=\"https:\/\/mediaboard.com\/wp-content\/uploads\/2023\/09\/about@2x.png 1080w, https:\/\/mediaboard.com\/wp-content\/uploads\/2023\/09\/about@2x-300x222.png 300w, https:\/\/mediaboard.com\/wp-content\/uploads\/2023\/09\/about@2x-1024x759.png 1024w, https:\/\/mediaboard.com\/wp-content\/uploads\/2023\/09\/about@2x-768x569.png 768w, https:\/\/mediaboard.com\/wp-content\/uploads\/2023\/09\/about@2x-24x18.png 24w, https:\/\/mediaboard.com\/wp-content\/uploads\/2023\/09\/about@2x-36x27.png 36w, https:\/\/mediaboard.com\/wp-content\/uploads\/2023\/09\/about@2x-48x36.png 48w\" sizes=\"(max-width: 540px) 100vw, 540px\" \/>\r\n\t\t\t<\/div>\r\n\t\t\t<div class='p-4 md:p-8 flex flex-col justify-between'>\r\n\t\t\t\t<div>\r\n\t\t\t\t\t\r\n\t\t\t\t\t<h3 class='text-2xl leading-7 md:text-4.5xl font-semibold text-blue-400'>\r\n\t\t\t\t\tPrij\u00edmame nov\u00fdch \u010dlenov do t\u00edmu!\r\n\t\t\t\t\t<\/h3>\r\n\t\t\t\t<\/div>\r\n\t\t\t\t<div>\r\n\t\t\t\t\t<p class='text-sm leading-6 md:text-base md:leading-relaxed2 text-blue-400'>\r\n\t\t\t\t\tAktu\u00e1lne sme jedni\u010dka v \u010cesku a r\u00fdchlo rastieme aj <br \/>v zahrani\u010d\u00ed. Na to potrebujeme \u0161ikovn\u00fd t\u00edm \u013eud\u00ed z najr\u00f4znej\u0161\u00edch odborov! V Mediaboarde toho m\u00e1me ve\u013ea \u010do pon\u00faknu\u0165, tak sa zastavte na k\u00e1vu alebo po\u0161lite \u017eivotopis. Radi sa o v\u00e1s dozvieme viac.\r\n\t\t\t\t\t<\/p>\r\n\t\t\t\t\t<div class='flex items-center'>\r\n\t\t\t\t\t<a class='flex items-center text-base font-medium text-blue mt-6' href='https:\/\/www.startupjobs.cz\/startup\/mediaboard#offers'>\r\n\t\t\t\t\tZobrazi\u0165 vo\u013en\u00e9 poz\u00edcie\r\n\t\t\t\t\t<svg class='inline-block ml-2 w-4 h-4'>\r\n\t\t\t\t\t\t<use href='https:\/\/mediaboard.com\/wp-content\/themes\/monitora.cz\/assets\/sprite.svg#icon_arrow_right_blue'><\/use>\r\n\t\t\t\t\t<\/svg>\r\n\t\t\t\t<\/a>\r\n\t\t\t\r\n\t\t\t\t\t<\/div>\r\n\t\t\t\t<\/div>\r\n\t\t\t<\/div>\r\n\t\t<\/div>\t\t<\/div>\n\t\t\t\t<\/div>\n\t\t\t\t\t\t<\/div>\n\t\t\t\t\t<\/div>\n\t\t<\/div>\n\t\t\t\t\t\t\t\t<\/div>\n\t\t\t\t\t<\/div>\n\t\t<\/section>\n\t\t\t\t\t\t<\/div>\n\t\t\t\t\t\t<\/div>\n\t\t\t\t\t<\/div>\n\t\t","protected":false},"excerpt":{"rendered":"<p>O Mediaboarde Pos\u00favame komunik\u00e1ciu a PR na nov\u00fa \u00farove\u0148 Mediaboard je popredn\u00fdm poskytovate\u013eom pokro\u010dil\u00fdch rie\u0161en\u00ed v oblasti media intelligence navrhnut\u00fdch&#8230;<\/p>\n","protected":false},"author":1,"featured_media":48246,"parent":0,"menu_order":0,"comment_status":"closed","ping_status":"closed","template":"page-new-template.php","meta":[],"acf":[],"yoast_head":"<!-- This site is optimized with the Yoast SEO plugin v18.2 - https:\/\/yoast.com\/wordpress\/plugins\/seo\/ -->\n<meta name=\"description\" content=\"Mediaboard je najkomplexnej\u0161\u00edm PR n\u00e1strojom na Slovensku. Pokro\u010dte v komunik\u00e1cii s na\u0161ou komplexnou platformou. Vysk\u00fa\u0161ajte zadarmo.\" \/>\n<meta name=\"robots\" content=\"index, follow, max-snippet:-1, max-image-preview:large, max-video-preview:-1\" \/>\n<link rel=\"canonical\" href=\"https:\/\/mediaboard.com\/sk\/o-nas\/\" \/>\n<meta property=\"og:locale\" content=\"sk_SK\" \/>\n<meta property=\"og:type\" content=\"article\" \/>\n<meta property=\"og:title\" content=\"Mediaboard | O n\u00e1s | Media Intelligence\" \/>\n<meta property=\"og:description\" content=\"Mediaboard je najkomplexnej\u0161\u00edm PR n\u00e1strojom na Slovensku. Pokro\u010dte v komunik\u00e1cii s na\u0161ou komplexnou platformou. Vysk\u00fa\u0161ajte zadarmo.\" \/>\n<meta property=\"og:url\" content=\"https:\/\/mediaboard.com\/sk\/o-nas\/\" \/>\n<meta property=\"og:site_name\" content=\"Mediaboard.com\" \/>\n<meta property=\"article:modified_time\" content=\"2026-01-08T18:26:35+00:00\" \/>\n<meta property=\"og:image\" content=\"https:\/\/mediaboard.com\/wp-content\/uploads\/2024\/08\/about_mediaboard_logo@2x.png\" \/>\n\t<meta property=\"og:image:width\" content=\"1080\" \/>\n\t<meta property=\"og:image:height\" content=\"880\" \/>\n\t<meta property=\"og:image:type\" content=\"image\/png\" \/>\n<meta name=\"twitter:card\" content=\"summary_large_image\" \/>\n<meta name=\"twitter:label1\" content=\"Predpokladan\u00fd \u010das \u010d\u00edtania\" \/>\n\t<meta name=\"twitter:data1\" content=\"2 min\u00faty\" \/>\n<script type=\"application\/ld+json\" class=\"yoast-schema-graph\">{\"@context\":\"https:\/\/schema.org\",\"@graph\":[{\"@type\":\"WebSite\",\"@id\":\"https:\/\/mediaboard.com\/#website\",\"url\":\"https:\/\/mediaboard.com\/\",\"name\":\"Mediaboard.com\",\"description\":\"Monitoring, anal\u00fdza a m\u011b\u0159en\u00ed m\u00e9di\u00ed nov\u00e9 generace\",\"potentialAction\":[{\"@type\":\"SearchAction\",\"target\":{\"@type\":\"EntryPoint\",\"urlTemplate\":\"https:\/\/mediaboard.com\/?s={search_term_string}\"},\"query-input\":\"required name=search_term_string\"}],\"inLanguage\":\"sk-SK\"},{\"@type\":\"ImageObject\",\"@id\":\"https:\/\/mediaboard.com\/sk\/o-nas\/#primaryimage\",\"inLanguage\":\"sk-SK\",\"url\":\"https:\/\/mediaboard.com\/wp-content\/uploads\/2024\/08\/about_mediaboard_logo@2x.png\",\"contentUrl\":\"https:\/\/mediaboard.com\/wp-content\/uploads\/2024\/08\/about_mediaboard_logo@2x.png\",\"width\":1080,\"height\":880},{\"@type\":\"WebPage\",\"@id\":\"https:\/\/mediaboard.com\/sk\/o-nas\/#webpage\",\"url\":\"https:\/\/mediaboard.com\/sk\/o-nas\/\",\"name\":\"Mediaboard | O n\u00e1s | Media Intelligence\",\"isPartOf\":{\"@id\":\"https:\/\/mediaboard.com\/#website\"},\"primaryImageOfPage\":{\"@id\":\"https:\/\/mediaboard.com\/sk\/o-nas\/#primaryimage\"},\"datePublished\":\"2023-09-11T13:47:31+00:00\",\"dateModified\":\"2026-01-08T18:26:35+00:00\",\"description\":\"Mediaboard je najkomplexnej\u0161\u00edm PR n\u00e1strojom na Slovensku. Pokro\u010dte v komunik\u00e1cii s na\u0161ou komplexnou platformou. Vysk\u00fa\u0161ajte zadarmo.\",\"breadcrumb\":{\"@id\":\"https:\/\/mediaboard.com\/sk\/o-nas\/#breadcrumb\"},\"inLanguage\":\"sk-SK\",\"potentialAction\":[{\"@type\":\"ReadAction\",\"target\":[\"https:\/\/mediaboard.com\/sk\/o-nas\/\"]}]},{\"@type\":\"BreadcrumbList\",\"@id\":\"https:\/\/mediaboard.com\/sk\/o-nas\/#breadcrumb\",\"itemListElement\":[{\"@type\":\"ListItem\",\"position\":1,\"name\":\"Home\",\"item\":\"https:\/\/mediaboard.com\/sk\/\"},{\"@type\":\"ListItem\",\"position\":2,\"name\":\"O Mediaboarde\"}]}]}<\/script>\n<!-- \/ Yoast SEO plugin. -->","yoast_head_json":{"description":"Mediaboard je najkomplexnej\u0161\u00edm PR n\u00e1strojom na Slovensku. Pokro\u010dte v komunik\u00e1cii s na\u0161ou komplexnou platformou. Vysk\u00fa\u0161ajte zadarmo.","robots":{"index":"index","follow":"follow","max-snippet":"max-snippet:-1","max-image-preview":"max-image-preview:large","max-video-preview":"max-video-preview:-1"},"canonical":"https:\/\/mediaboard.com\/sk\/o-nas\/","og_locale":"sk_SK","og_type":"article","og_title":"Mediaboard | O n\u00e1s | Media Intelligence","og_description":"Mediaboard je najkomplexnej\u0161\u00edm PR n\u00e1strojom na Slovensku. Pokro\u010dte v komunik\u00e1cii s na\u0161ou komplexnou platformou. Vysk\u00fa\u0161ajte zadarmo.","og_url":"https:\/\/mediaboard.com\/sk\/o-nas\/","og_site_name":"Mediaboard.com","article_modified_time":"2026-01-08T18:26:35+00:00","og_image":[{"width":1080,"height":880,"url":"https:\/\/mediaboard.com\/wp-content\/uploads\/2024\/08\/about_mediaboard_logo@2x.png","type":"image\/png"}],"twitter_card":"summary_large_image","twitter_misc":{"Predpokladan\u00fd \u010das \u010d\u00edtania":"2 min\u00faty"},"schema":{"@context":"https:\/\/schema.org","@graph":[{"@type":"WebSite","@id":"https:\/\/mediaboard.com\/#website","url":"https:\/\/mediaboard.com\/","name":"Mediaboard.com","description":"Monitoring, anal\u00fdza a m\u011b\u0159en\u00ed m\u00e9di\u00ed nov\u00e9 generace","potentialAction":[{"@type":"SearchAction","target":{"@type":"EntryPoint","urlTemplate":"https:\/\/mediaboard.com\/?s={search_term_string}"},"query-input":"required name=search_term_string"}],"inLanguage":"sk-SK"},{"@type":"ImageObject","@id":"https:\/\/mediaboard.com\/sk\/o-nas\/#primaryimage","inLanguage":"sk-SK","url":"https:\/\/mediaboard.com\/wp-content\/uploads\/2024\/08\/about_mediaboard_logo@2x.png","contentUrl":"https:\/\/mediaboard.com\/wp-content\/uploads\/2024\/08\/about_mediaboard_logo@2x.png","width":1080,"height":880},{"@type":"WebPage","@id":"https:\/\/mediaboard.com\/sk\/o-nas\/#webpage","url":"https:\/\/mediaboard.com\/sk\/o-nas\/","name":"Mediaboard | O n\u00e1s | Media Intelligence","isPartOf":{"@id":"https:\/\/mediaboard.com\/#website"},"primaryImageOfPage":{"@id":"https:\/\/mediaboard.com\/sk\/o-nas\/#primaryimage"},"datePublished":"2023-09-11T13:47:31+00:00","dateModified":"2026-01-08T18:26:35+00:00","description":"Mediaboard je najkomplexnej\u0161\u00edm PR n\u00e1strojom na Slovensku. Pokro\u010dte v komunik\u00e1cii s na\u0161ou komplexnou platformou. Vysk\u00fa\u0161ajte zadarmo.","breadcrumb":{"@id":"https:\/\/mediaboard.com\/sk\/o-nas\/#breadcrumb"},"inLanguage":"sk-SK","potentialAction":[{"@type":"ReadAction","target":["https:\/\/mediaboard.com\/sk\/o-nas\/"]}]},{"@type":"BreadcrumbList","@id":"https:\/\/mediaboard.com\/sk\/o-nas\/#breadcrumb","itemListElement":[{"@type":"ListItem","position":1,"name":"Home","item":"https:\/\/mediaboard.com\/sk\/"},{"@type":"ListItem","position":2,"name":"O Mediaboarde"}]}]}},"_links":{"self":[{"href":"https:\/\/mediaboard.com\/sk\/wp-json\/wp\/v2\/pages\/35704"}],"collection":[{"href":"https:\/\/mediaboard.com\/sk\/wp-json\/wp\/v2\/pages"}],"about":[{"href":"https:\/\/mediaboard.com\/sk\/wp-json\/wp\/v2\/types\/page"}],"author":[{"embeddable":true,"href":"https:\/\/mediaboard.com\/sk\/wp-json\/wp\/v2\/users\/1"}],"replies":[{"embeddable":true,"href":"https:\/\/mediaboard.com\/sk\/wp-json\/wp\/v2\/comments?post=35704"}],"version-history":[{"count":30,"href":"https:\/\/mediaboard.com\/sk\/wp-json\/wp\/v2\/pages\/35704\/revisions"}],"predecessor-version":[{"id":70320,"href":"https:\/\/mediaboard.com\/sk\/wp-json\/wp\/v2\/pages\/35704\/revisions\/70320"}],"wp:featuredmedia":[{"embeddable":true,"href":"https:\/\/mediaboard.com\/sk\/wp-json\/wp\/v2\/media\/48246"}],"wp:attachment":[{"href":"https:\/\/mediaboard.com\/sk\/wp-json\/wp\/v2\/media?parent=35704"}],"curies":[{"name":"wp","href":"https:\/\/api.w.org\/{rel}","templated":true}]}}